{"id":78883,"date":"2023-12-13T21:55:07","date_gmt":"2023-12-13T20:55:07","guid":{"rendered":"https:\/\/www.soanam.de\/?post_type=product&#038;p=78883"},"modified":"2023-12-13T21:57:16","modified_gmt":"2023-12-13T20:57:16","slug":"dechase-keff-unisex-schnuerstiefelette-leder-braun-groesse-42","status":"publish","type":"product","link":"https:\/\/www.soanam.de\/fr\/produkt\/dechase-keff-unisex-schnuerstiefelette-leder-braun-groesse-42\/","title":{"rendered":"DECHASE KEFF UNISEX - Bottines \u00e0 lacets, cuir, marron, taille 42"},"content":{"rendered":"<h3>Description<\/h3>\n<p>Bout de la chaussure : Rond<br \/>\nForme du talon : Plat<br \/>\nfermeture : la\u00e7age<br \/>\nmotif : couleurs unies<\/p>\n<h3>Mat\u00e9riau<\/h3>\n<p>Mat\u00e9riau sup\u00e9rieur : cuir<br \/>\nMati\u00e8re int\u00e9rieure : cuir<br \/>\nSemelle de propret\u00e9 : cuir<br \/>\nSemelle : Plastique<\/p>","protected":false},"excerpt":{"rendered":"<h3>Caract\u00e9ristiques de l'article<\/h3>\n<p>\u00c9tat de l'article : Nouveau avec \u00e9tiquette : article neuf, non utilis\u00e9 et non port\u00e9 dans son emballage d'origine<\/p>\n<table border=\"0\" frame=\"VOID\" rules=\"NONE\" cellspacing=\"0\">\n<colgroup>\n<col width=\"188\" \/>\n<col width=\"156\" \/><\/colgroup>\n<tbody>\n<tr>\n<td align=\"LEFT\" width=\"188\" height=\"17\">Abteilung:<\/td>\n<td align=\"LEFT\" width=\"156\">Unisex Erwachsene<\/td>\n<\/tr>\n<tr>\n<td align=\"LEFT\" height=\"17\">Akzente:<\/td>\n<td align=\"LEFT\">ohne<\/td>\n<\/tr>\n<tr>\n<td align=\"LEFT\" height=\"17\">Anlass:<\/td>\n<td align=\"LEFT\">Freizeit, Reise<\/td>\n<\/tr>\n<tr>\n<td align=\"LEFT\" height=\"17\">AU-Schuhgr\u00f6\u00dfe:<\/td>\n<td align=\"LEFT\">ohne Angabe<\/td>\n<\/tr>\n<tr>\n<td align=\"LEFT\" height=\"17\">Particularit\u00e9s :<\/td>\n<td align=\"LEFT\">Anti-Rutsch<\/td>\n<\/tr>\n<tr>\n<td align=\"LEFT\" height=\"17\">Charakter:<\/td>\n<td align=\"LEFT\">ohne<\/td>\n<\/tr>\n<tr>\n<td align=\"LEFT\" height=\"17\">EU-Schuhgr\u00f6\u00dfe:<\/td>\n<td align=\"LEFT\">EUR 42<\/td>\n<\/tr>\n<tr>\n<td align=\"LEFT\" height=\"17\">couleur :<\/td>\n<td align=\"LEFT\">Marron<\/td>\n<\/tr>\n<tr>\n<td align=\"LEFT\" height=\"17\">Futtermaterial:<\/td>\n<td align=\"LEFT\">Cuir<\/td>\n<\/tr>\n<tr>\n<td align=\"LEFT\" height=\"17\">Herstellungsland und -region:<\/td>\n<td align=\"LEFT\">\u00c4thiopien<\/td>\n<\/tr>\n<tr>\n<td align=\"LEFT\" height=\"17\">Individualisiert:<\/td>\n<td align=\"LEFT\">Nein<\/td>\n<\/tr>\n<tr>\n<td align=\"LEFT\" height=\"17\">Innensohlenmaterial:<\/td>\n<td align=\"LEFT\">Cuir<\/td>\n<\/tr>\n<tr>\n<td align=\"LEFT\" height=\"17\">Jahreszeit:<\/td>\n<td align=\"LEFT\">Fr\u00fchling, Herbst, Winter<\/td>\n<\/tr>\n<tr>\n<td align=\"LEFT\" height=\"17\">Laufsohlenmaterial:<\/td>\n<td align=\"LEFT\">Synthetik<\/td>\n<\/tr>\n<tr>\n<td align=\"LEFT\" height=\"17\">Marke:<\/td>\n<td align=\"LEFT\">Dechase<\/td>\n<\/tr>\n<tr>\n<td align=\"LEFT\" height=\"17\">Modell:<\/td>\n<td align=\"LEFT\">Keff<\/td>\n<\/tr>\n<tr>\n<td align=\"LEFT\" height=\"17\">\u00e9chantillon :<\/td>\n<td align=\"LEFT\">Ohne Muster<\/td>\n<\/tr>\n<tr>\n<td align=\"LEFT\" height=\"17\">Mat\u00e9riau ext\u00e9rieur :<\/td>\n<td align=\"LEFT\">Cuir<\/td>\n<\/tr>\n<tr>\n<td align=\"LEFT\" height=\"17\">Produktart:<\/td>\n<td align=\"LEFT\">Bottes<\/td>\n<\/tr>\n<tr>\n<td align=\"LEFT\" height=\"17\">Produktlinie:<\/td>\n<td align=\"LEFT\">Unisexe<\/td>\n<\/tr>\n<tr>\n<td align=\"LEFT\" height=\"17\">Schuhgr\u00f6\u00dfe:<\/td>\n<td align=\"LEFT\">EUR 42, 43<\/td>\n<\/tr>\n<tr>\n<td align=\"LEFT\" height=\"17\">Schuhschaft-Typ:<\/td>\n<td align=\"LEFT\">Wadenl\u00e4nge<\/td>\n<\/tr>\n<tr>\n<td align=\"LEFT\" height=\"17\">Schuhspitze:<\/td>\n<td align=\"LEFT\">Runde Form<\/td>\n<\/tr>\n<tr>\n<td align=\"LEFT\" height=\"17\">Schuhweite:<\/td>\n<td align=\"LEFT\">F<\/td>\n<\/tr>\n<tr>\n<td align=\"LEFT\" height=\"17\">Stil:<\/td>\n<td align=\"LEFT\">Stiefelette<\/td>\n<\/tr>\n<tr>\n<td align=\"LEFT\" height=\"17\">Thema:<\/td>\n<td align=\"LEFT\">Armee<\/td>\n<\/tr>\n<tr>\n<td align=\"LEFT\" height=\"17\">UK-Schuhgr\u00f6\u00dfe:<\/td>\n<td align=\"LEFT\">UK 9, 9,5<\/td>\n<\/tr>\n<tr>\n<td align=\"LEFT\" height=\"17\">Verschluss:<\/td>\n<td align=\"LEFT\">Bindeverschluss<\/td>\n<\/tr>\n<tr>\n<td align=\"LEFT\" height=\"17\">Vintage:<\/td>\n<td align=\"LEFT\">Nein<\/td>\n<\/tr>\n<\/tbody>\n<\/table>","protected":false},"featured_media":78983,"comment_status":"open","ping_status":"closed","template":"","meta":{"_seopress_robots_primary_cat":"","_seopress_titles_title":"","_seopress_titles_desc":"","_seopress_robots_index":""},"product_brand":[],"product_cat":[1345,1348,1360,1385,1393,1454,1469,1470],"product_tag":[],"class_list":{"0":"post-78883","1":"product","2":"type-product","3":"status-publish","4":"has-post-thumbnail","6":"product_cat-herrenmode","7":"product_cat-damen-mode","8":"product_cat-schuhe","9":"product_cat-stiefel","10":"product_cat-schuhe-herrenmode","11":"product_cat-schnuerstiefel","12":"product_cat-stiefel-schuhe-herrenmode","13":"product_cat-schnuerstiefel-stiefel-schuhe-herrenmode","14":"product_shipping_class-standard-versand","16":"first","17":"instock","18":"sale","19":"taxable","20":"shipping-taxable","21":"purchasable","22":"product-type-simple"},"_links":{"self":[{"href":"https:\/\/www.soanam.de\/fr\/wp-json\/wp\/v2\/product\/78883","targetHints":{"allow":["GET"]}}],"collection":[{"href":"https:\/\/www.soanam.de\/fr\/wp-json\/wp\/v2\/product"}],"about":[{"href":"https:\/\/www.soanam.de\/fr\/wp-json\/wp\/v2\/types\/product"}],"replies":[{"embeddable":true,"href":"https:\/\/www.soanam.de\/fr\/wp-json\/wp\/v2\/comments?post=78883"}],"wp:featuredmedia":[{"embeddable":true,"href":"https:\/\/www.soanam.de\/fr\/wp-json\/wp\/v2\/media\/78983"}],"wp:attachment":[{"href":"https:\/\/www.soanam.de\/fr\/wp-json\/wp\/v2\/media?parent=78883"}],"wp:term":[{"taxonomy":"product_brand","embeddable":true,"href":"https:\/\/www.soanam.de\/fr\/wp-json\/wp\/v2\/product_brand?post=78883"},{"taxonomy":"product_cat","embeddable":true,"href":"https:\/\/www.soanam.de\/fr\/wp-json\/wp\/v2\/product_cat?post=78883"},{"taxonomy":"product_tag","embeddable":true,"href":"https:\/\/www.soanam.de\/fr\/wp-json\/wp\/v2\/product_tag?post=78883"}],"curies":[{"name":"wp","href":"https:\/\/api.w.org\/{rel}","templated":true}]}}