{"id":78817,"date":"2023-12-13T21:53:51","date_gmt":"2023-12-13T20:53:51","guid":{"rendered":"https:\/\/www.soanam.de\/?post_type=product&#038;p=78817"},"modified":"2023-12-13T21:55:48","modified_gmt":"2023-12-13T20:55:48","slug":"blouse-carmen-ajc-avec-3-4-manches-en-noir-blanc-raye-taille-38","status":"publish","type":"product","link":"https:\/\/www.soanam.de\/fr\/produkt\/ajc-carmenbluse-mit-3-4-arm-in-schwarz-weiss-gestreift-groesse-38\/","title":{"rendered":"AJC Chemisier Carmen, manches 3\/4, noir\/blanc, ray\u00e9, taille 38"},"content":{"rendered":"<p>Chemisier pour femme de AJC<br \/>\nEncolure Carmen<br \/>\npoignets nou\u00e9s et manches 3\/4<br \/>\nCoupe d\u00e9contract\u00e9e<br \/>\nRayures \u00e0 la mode<\/p>\n<p>La blouse tendance \u00e0 encolure carmen de AJC, au look cool \u00e0 rayures.<br \/>\nDes manchettes nou\u00e9es et des manches 3\/4, un ourlet arrondi et une agr\u00e9able qualit\u00e9 de coton caract\u00e9risent ce chemisier d'\u00e9t\u00e9.<\/p>\n<p>Mati\u00e8re : 100% coton<br \/>\nConseils d'entretien : Lavage en machine<\/p>\n<p>couleur : noir et blanc<br \/>\nmotif : rayures<br \/>\nTaille : 38<\/p>\n<p>Largeur des \u00e9paules : 38cm<br \/>\nTour de poitrine : 100cm<br \/>\nLongueur des manches : 39cm<br \/>\nlongueur totale : 59cm<\/p>","protected":false},"excerpt":{"rendered":"<div class=\"artikelmerkmale-zeile\">\n<div class=\"artikelmerkmale-left\">\u00c4rmell\u00e4nge: 3\/4 \u00c4rmel<\/div>\n<\/div>\n<div class=\"artikelmerkmale-zeile\">\n<div class=\"artikelmerkmale-left\">Farbe: Schwarz-wei\u00df-gestreift<\/div>\n<\/div>\n<div class=\"artikelmerkmale-zeile\">\n<div class=\"artikelmerkmale-left\">Produktart: Bluse<\/div>\n<\/div>\n<div class=\"artikelmerkmale-zeile\">\n<div class=\"artikelmerkmale-left\">Mati\u00e8re : 100% coton<\/div>\n<\/div>\n<div class=\"artikelmerkmale-zeile\">\n<div class=\"artikelmerkmale-left\">Marke: AJC<\/div>\n<\/div>\n<div class=\"artikelmerkmale-zeile\">\n<div class=\"artikelmerkmale-left\">Jahreszeit: Sommer<\/div>\n<\/div>\n<div class=\"artikelmerkmale-zeile\">\n<div class=\"artikelmerkmale-left\">Anlass: Freizeit<\/div>\n<\/div>\n<div class=\"artikelmerkmale-zeile\">\n<div class=\"artikelmerkmale-left\">Ausschnitt: Carmen<\/div>\n<\/div>\n<div class=\"artikelmerkmale-zeile\">\n<div class=\"artikelmerkmale-left\">Thema: Modern<\/div>\n<\/div>\n<div class=\"artikelmerkmale-zeile\">\n<div class=\"artikelmerkmale-left\">Stil: Basic<\/div>\n<\/div>\n<div class=\"artikelmerkmale-zeile\">\n<div class=\"artikelmerkmale-left\">Passform: Regular<\/div>\n<\/div>\n<div class=\"artikelmerkmale-zeile\">\n<div class=\"artikelmerkmale-left\">Muster: Gestreift<\/div>\n<\/div>\n<div class=\"artikelmerkmale-zeile\">\n<div class=\"artikelmerkmale-left\">Vintage: Nein<\/div>\n<\/div>\n<div class=\"artikelmerkmale-zeile\">\n<div class=\"artikelmerkmale-left\">Gr\u00f6\u00dfenkategorie: Normalgr\u00f6\u00dfe<\/div>\n<\/div>\n<div class=\"artikelmerkmale-zeile\">\n<div class=\"artikelmerkmale-left\">Abteilung: Damen<\/div>\n<\/div>\n<div class=\"artikelmerkmale-zeile\">\n<div class=\"artikelmerkmale-left\">Textilpflege: Maschinenw\u00e4sche<\/div>\n<\/div>","protected":false},"featured_media":78913,"comment_status":"open","ping_status":"closed","template":"","meta":{"_seopress_robots_primary_cat":"","_seopress_titles_title":"","_seopress_titles_desc":"","_seopress_robots_index":""},"product_brand":[],"product_cat":[1348,1414,1540],"product_tag":[],"class_list":{"0":"post-78817","1":"product","2":"type-product","3":"status-publish","4":"has-post-thumbnail","6":"product_cat-damen-mode","7":"product_cat-blusen","8":"product_cat-3-4-arm","9":"product_shipping_class-standard-versand","11":"first","12":"instock","13":"sale","14":"taxable","15":"shipping-taxable","16":"purchasable","17":"product-type-simple"},"_links":{"self":[{"href":"https:\/\/www.soanam.de\/fr\/wp-json\/wp\/v2\/product\/78817","targetHints":{"allow":["GET"]}}],"collection":[{"href":"https:\/\/www.soanam.de\/fr\/wp-json\/wp\/v2\/product"}],"about":[{"href":"https:\/\/www.soanam.de\/fr\/wp-json\/wp\/v2\/types\/product"}],"replies":[{"embeddable":true,"href":"https:\/\/www.soanam.de\/fr\/wp-json\/wp\/v2\/comments?post=78817"}],"wp:featuredmedia":[{"embeddable":true,"href":"https:\/\/www.soanam.de\/fr\/wp-json\/wp\/v2\/media\/78913"}],"wp:attachment":[{"href":"https:\/\/www.soanam.de\/fr\/wp-json\/wp\/v2\/media?parent=78817"}],"wp:term":[{"taxonomy":"product_brand","embeddable":true,"href":"https:\/\/www.soanam.de\/fr\/wp-json\/wp\/v2\/product_brand?post=78817"},{"taxonomy":"product_cat","embeddable":true,"href":"https:\/\/www.soanam.de\/fr\/wp-json\/wp\/v2\/product_cat?post=78817"},{"taxonomy":"product_tag","embeddable":true,"href":"https:\/\/www.soanam.de\/fr\/wp-json\/wp\/v2\/product_tag?post=78817"}],"curies":[{"name":"wp","href":"https:\/\/api.w.org\/{rel}","templated":true}]}}