{"id":78794,"date":"2023-12-13T21:27:08","date_gmt":"2023-12-13T20:27:08","guid":{"rendered":"https:\/\/www.soanam.de\/?post_type=product&#038;p=78794"},"modified":"2023-12-13T21:55:15","modified_gmt":"2023-12-13T20:55:15","slug":"peter-wastall-learn-as-you-play-edition-originale-saxophone","status":"publish","type":"product","link":"https:\/\/www.soanam.de\/fr\/produkt\/peter-wastall-learn-as-you-play-originalausgabe-saxophon\/","title":{"rendered":"Peter Wastall - Learn as you play - \u00e9dition originale. Saxophone."},"content":{"rendered":"<h3>Description du produit<\/h3>\n<p>\"Learn as you play\" est la s\u00e9rie de livres d'apprentissage pour instruments \u00e0 vent et \u00e0 cuivres de Boosey &amp; Hawkes, qui a remport\u00e9 de nombreux prix. \u00c9crit par Peter Wastall, un professeur largement respect\u00e9 et exp\u00e9riment\u00e9, chaque livre emm\u00e8ne l'\u00e9tudiant du tout d\u00e9but jusqu'au standard requis pour l'examen de Grade 3. La m\u00e9thode \"Learn as you play\" est simple \u00e0 comprendre et facile \u00e0 utiliser. Chaque livre est divis\u00e9 en unit\u00e9s qui fournissent des explications claires sur chaque nouvelle \u00e9tape de l'apprentissage. De nombreux exercices sont inclus, ainsi que des morceaux de concert, dont la plupart ont \u00e9t\u00e9 mis en place pour les examens. Cette \u00e9dition mise \u00e0 jour a \u00e9t\u00e9 r\u00e9cemment r\u00e9vis\u00e9e pour tenir compte des derniers d\u00e9veloppements dans l'enseignement instrumental et les cours d'examen. \"Learn as you play\" fournit le guide complet pour les d\u00e9butants. C'est l'introduction id\u00e9ale aux joies de jouer d'un instrument de musique. Niveau de difficult\u00e9 : 1-2<\/p>\n<p><strong>D\u00e9tails du produit<\/strong><br \/>\nCouverture : Livre de poche<br \/>\n\u00c9diteur : Peter Wastall<br \/>\nNombre de pages : 64<br \/>\nDate de parution : 01.10.1983<br \/>\nLangue : anglais<br \/>\nISBN : 978-0-85162-058-9<br \/>\nS\u00e9rie : Learn as you play Series<br \/>\nMaison d'\u00e9dition : Schott &amp; Co<br \/>\nDimensions : (L\/L\/H) 27,8\/21,6\/0,4 cm<br \/>\npoids : 191 g<br \/>\nImages avec illustrations<br \/>\n\u00c9dition r\u00e9vis\u00e9e 1989<\/p>","protected":false},"excerpt":{"rendered":"<h3>Caract\u00e9ristiques de l'article<\/h3>\n<p>Artikelzustand: Neu - Neuer, unbenutzter und unbesch\u00e4digter Artikel in nicht ge\u00f6ffneter Originalverpackung<\/p>\n<table dir=\"ltr\" border=\"1\" cellspacing=\"0\" cellpadding=\"0\">\n<colgroup>\n<col width=\"203\" \/>\n<col width=\"203\" \/><\/colgroup>\n<tbody>\n<tr>\n<td data-sheets-value=\"{&quot;1&quot;:2,&quot;2&quot;:&quot;Altersempfehlung:&quot;}\">Altersempfehlung:<\/td>\n<td data-sheets-value=\"{&quot;1&quot;:2,&quot;2&quot;:&quot;Erwachsene, Jugendliche&quot;}\">Erwachsene, Jugendliche<\/td>\n<\/tr>\n<tr>\n<td data-sheets-value=\"{&quot;1&quot;:2,&quot;2&quot;:&quot;Autor:&quot;}\">Autor:<\/td>\n<td data-sheets-value=\"{&quot;1&quot;:2,&quot;2&quot;:&quot;Peter Wastall&quot;}\">Peter Wastall<\/td>\n<\/tr>\n<tr>\n<td data-sheets-value=\"{&quot;1&quot;:2,&quot;2&quot;:&quot;Erscheinungsjahr:&quot;}\">Erscheinungsjahr:<\/td>\n<td data-sheets-value=\"{&quot;1&quot;:3,&quot;3&quot;:1983}\">1983<\/td>\n<\/tr>\n<tr>\n<td data-sheets-value=\"{&quot;1&quot;:2,&quot;2&quot;:&quot;Gattung:&quot;}\">Genre:<\/td>\n<td data-sheets-value=\"{&quot;1&quot;:2,&quot;2&quot;:&quot;Lehrb\u00fccher&quot;}\">Manuels scolaires<\/td>\n<\/tr>\n<tr>\n<td data-sheets-value=\"{&quot;1&quot;:2,&quot;2&quot;:&quot;Herstellungsland und -region:&quot;}\">Herstellungsland und -region:<\/td>\n<td data-sheets-value=\"{&quot;1&quot;:2,&quot;2&quot;:&quot;Gro\u00dfbritannien&quot;}\">Gro\u00dfbritannien<\/td>\n<\/tr>\n<tr>\n<td data-sheets-value=\"{&quot;1&quot;:2,&quot;2&quot;:&quot;Modifizierter Artikel:&quot;}\">Modifizierter Artikel:<\/td>\n<td data-sheets-value=\"{&quot;1&quot;:2,&quot;2&quot;:&quot;Nein&quot;}\">Nein<\/td>\n<\/tr>\n<tr>\n<td data-sheets-value=\"{&quot;1&quot;:2,&quot;2&quot;:&quot;Produktart:&quot;}\">Produktart:<\/td>\n<td data-sheets-value=\"{&quot;1&quot;:2,&quot;2&quot;:&quot;Gebrauchsanleitung\/Handbuch&quot;}\">Gebrauchsanleitung\/Handbuch<\/td>\n<\/tr>\n<tr>\n<td data-sheets-value=\"{&quot;1&quot;:2,&quot;2&quot;:&quot;Sprache:&quot;}\">Sprache:<\/td>\n<td data-sheets-value=\"{&quot;1&quot;:2,&quot;2&quot;:&quot;Englisch&quot;}\">Englisch<\/td>\n<\/tr>\n<tr>\n<td data-sheets-value=\"{&quot;1&quot;:2,&quot;2&quot;:&quot;Thema:&quot;}\">Thema:<\/td>\n<td data-sheets-value=\"{&quot;1&quot;:2,&quot;2&quot;:&quot;21. Jahrhundert&quot;}\">21. Jahrhundert<\/td>\n<\/tr>\n<tr>\n<td data-sheets-value=\"{&quot;1&quot;:2,&quot;2&quot;:&quot;Themenbereich:&quot;}\">Themenbereich:<\/td>\n<td data-sheets-value=\"{&quot;1&quot;:2,&quot;2&quot;:&quot;Freizeit, Hobbys &amp; Lifestyle&quot;}\">Freizeit, Hobbys &amp; Lifestyle<\/td>\n<\/tr>\n<\/tbody>\n<\/table>","protected":false},"featured_media":78889,"comment_status":"open","ping_status":"closed","template":"","meta":{"_seopress_robots_primary_cat":"","_seopress_titles_title":"","_seopress_titles_desc":"","_seopress_robots_index":""},"product_brand":[],"product_cat":[1428,1429,1430,1434,1439],"product_tag":[],"class_list":{"0":"post-78794","1":"product","2":"type-product","3":"status-publish","4":"has-post-thumbnail","6":"product_cat-buecher","7":"product_cat-jugend","8":"product_cat-lehrbuecher","9":"product_cat-erwachsene","10":"product_cat-lehrbuecher-erwachsene","11":"product_shipping_class-standard-versand","13":"first","14":"instock","15":"taxable","16":"shipping-taxable","17":"purchasable","18":"product-type-simple"},"_links":{"self":[{"href":"https:\/\/www.soanam.de\/fr\/wp-json\/wp\/v2\/product\/78794","targetHints":{"allow":["GET"]}}],"collection":[{"href":"https:\/\/www.soanam.de\/fr\/wp-json\/wp\/v2\/product"}],"about":[{"href":"https:\/\/www.soanam.de\/fr\/wp-json\/wp\/v2\/types\/product"}],"replies":[{"embeddable":true,"href":"https:\/\/www.soanam.de\/fr\/wp-json\/wp\/v2\/comments?post=78794"}],"wp:featuredmedia":[{"embeddable":true,"href":"https:\/\/www.soanam.de\/fr\/wp-json\/wp\/v2\/media\/78889"}],"wp:attachment":[{"href":"https:\/\/www.soanam.de\/fr\/wp-json\/wp\/v2\/media?parent=78794"}],"wp:term":[{"taxonomy":"product_brand","embeddable":true,"href":"https:\/\/www.soanam.de\/fr\/wp-json\/wp\/v2\/product_brand?post=78794"},{"taxonomy":"product_cat","embeddable":true,"href":"https:\/\/www.soanam.de\/fr\/wp-json\/wp\/v2\/product_cat?post=78794"},{"taxonomy":"product_tag","embeddable":true,"href":"https:\/\/www.soanam.de\/fr\/wp-json\/wp\/v2\/product_tag?post=78794"}],"curies":[{"name":"wp","href":"https:\/\/api.w.org\/{rel}","templated":true}]}}