{"id":78719,"date":"2023-12-13T21:25:03","date_gmt":"2023-12-13T20:25:03","guid":{"rendered":"https:\/\/www.soanam.de\/?post_type=product&#038;p=78719"},"modified":"2023-12-13T21:27:29","modified_gmt":"2023-12-13T20:27:29","slug":"zapato-plateausneaker-aktiv-outdoor-schuhe-fitness-u-freizeitschuhe-beige-37","status":"publish","type":"product","link":"https:\/\/www.soanam.de\/fr\/produkt\/zapato-plateausneaker-aktiv-outdoor-schuhe-fitness-u-freizeitschuhe-beige-37\/","title":{"rendered":"Zapato Baskets \u00e0 semelles compens\u00e9es Chaussures d'ext\u00e9rieur actives Chaussures de fitness et de loisirs, beige, 37"},"content":{"rendered":"<h3>Description du produit<\/h3>\n<p>Die Aktiv-Schuhe eignen sich f\u00fcr Freizeit und f\u00fcr Spazierg\u00e4nge, und werden auch sehr gerne bei Berufen mit l\u00e4ngerem Sitzen und Stehen getragen und dabei als sehr angenehm empfunden. Die leicht abgerundete Sohle in Gondelform unterst\u00fctzt die nat\u00fcrliche Abrollbewegung des Fu\u00dfes und sorgt f\u00fcr ein regelm\u00e4\u00dfiges kaum merkbares Ausbalancieren des K\u00f6rpers, was wiederum zur Entlastung bei der K\u00f6rperhaltung f\u00fchren und R\u00fccken- und Gelenkschmerzen vorbeugen kann, sowie den Muskelaufbau f\u00f6rdern kann. Die Mehr- Komponenten-Sohle besteht aus einer sto\u00dfd\u00e4mpfenden PU-Zwischensohle und einer Laufsohle aus robustem TR. Das strapazierf\u00e4hige Obermaterial ist in einer ansprechenden PU Nappa bzw. PU Nubuk - Kombination mit angenehm weichem Mikrofaser verarbeitet. F\u00fcr das Innenfutter wurde hautfreundliches Textil in Kombination mit einer echten Lederdecksohle verwendet.<\/p>\n<p><strong>D\u00e9tails<\/strong><\/p>\n<p>F\u00fcr Damen und Herren<br \/>\nUnterst\u00fctzt eine gute Haltung<br \/>\nKann den Muskelaufbau f\u00f6rdern<br \/>\nObermaterial: PU Nappa\/Nubuk (Kunstleder)<br \/>\nMaterial Innenfutter: Textil<br \/>\nInnensohle aus Leder<br \/>\nUnterst\u00fctzt eine gute Haltung<br \/>\nKann den Muskelaufbau f\u00f6rdern<\/p>\n<p>Gr\u00f6\u00dfe: 37<br \/>\ncouleur : beige<br \/>\nObermaterial: Lederimitat<br \/>\nStyle : sportif<br \/>\nBesondere Merkmale: Aktiv Outdoor Schuhe Fitnesschuhe Fitness Sneaker Freizeitschuhe Sportschuhe beige<br \/>\nfermeture : la\u00e7age<br \/>\nPointe de la chaussure : ronde<\/p>","protected":false},"excerpt":{"rendered":"<h3>Caract\u00e9ristiques de l'article<\/h3>\n<p>Artikelzustand: Neu ohne Karton<\/p>\n<table dir=\"ltr\" border=\"1\" cellspacing=\"0\" cellpadding=\"0\">\n<colgroup>\n<col width=\"203\" \/>\n<col width=\"213\" \/><\/colgroup>\n<tbody>\n<tr>\n<td data-sheets-value=\"{&quot;1&quot;:2,&quot;2&quot;:&quot;Abteilung:&quot;}\">Abteilung:<\/td>\n<td data-sheets-value=\"{&quot;1&quot;:2,&quot;2&quot;:&quot;Unisex Erwachsene&quot;}\">Unisex Erwachsene<\/td>\n<\/tr>\n<tr>\n<td data-sheets-value=\"{&quot;1&quot;:2,&quot;2&quot;:&quot;Besonderheiten:&quot;}\">Particularit\u00e9s :<\/td>\n<td data-sheets-value=\"{&quot;1&quot;:2,&quot;2&quot;:&quot;abgerundete Sohle&quot;}\">abgerundete Sohle<\/td>\n<\/tr>\n<tr>\n<td data-sheets-value=\"{&quot;1&quot;:2,&quot;2&quot;:&quot;EU-Schuhgr\u00f6\u00dfe:&quot;}\">EU-Schuhgr\u00f6\u00dfe:<\/td>\n<td data-sheets-value=\"{&quot;1&quot;:2,&quot;2&quot;:&quot;EUR 37&quot;}\">EUR 37<\/td>\n<\/tr>\n<tr>\n<td data-sheets-value=\"{&quot;1&quot;:2,&quot;2&quot;:&quot;Farbe:&quot;}\">couleur :<\/td>\n<td data-sheets-value=\"{&quot;1&quot;:2,&quot;2&quot;:&quot;Beige&quot;}\">Beige<\/td>\n<\/tr>\n<tr>\n<td data-sheets-value=\"{&quot;1&quot;:2,&quot;2&quot;:&quot;Futtermaterial:&quot;}\">Futtermaterial:<\/td>\n<td data-sheets-value=\"{&quot;1&quot;:2,&quot;2&quot;:&quot;Textil&quot;}\">Textil<\/td>\n<\/tr>\n<tr>\n<td data-sheets-value=\"{&quot;1&quot;:2,&quot;2&quot;:&quot;Innensohlenmaterial:&quot;}\">Innensohlenmaterial:<\/td>\n<td data-sheets-value=\"{&quot;1&quot;:2,&quot;2&quot;:&quot;Leder&quot;}\">Cuir<\/td>\n<\/tr>\n<tr>\n<td data-sheets-value=\"{&quot;1&quot;:2,&quot;2&quot;:&quot;Laufsohlenmaterial:&quot;}\">Laufsohlenmaterial:<\/td>\n<td data-sheets-value=\"{&quot;1&quot;:2,&quot;2&quot;:&quot;Kunststoff&quot;}\">Plastique<\/td>\n<\/tr>\n<tr>\n<td data-sheets-value=\"{&quot;1&quot;:2,&quot;2&quot;:&quot;Marke:&quot;}\">Marke:<\/td>\n<td data-sheets-value=\"{&quot;1&quot;:2,&quot;2&quot;:&quot;Zapato&quot;}\">Zapato<\/td>\n<\/tr>\n<tr>\n<td data-sheets-value=\"{&quot;1&quot;:2,&quot;2&quot;:&quot;Modell:&quot;}\">Modell:<\/td>\n<td data-sheets-value=\"{&quot;1&quot;:2,&quot;2&quot;:&quot;Aktiv Outdoor&quot;}\">Aktiv Outdoor<\/td>\n<\/tr>\n<tr>\n<td data-sheets-value=\"{&quot;1&quot;:2,&quot;2&quot;:&quot;Obermaterial:&quot;}\">Mat\u00e9riau ext\u00e9rieur :<\/td>\n<td data-sheets-value=\"{&quot;1&quot;:2,&quot;2&quot;:&quot;Kunstleder&quot;}\">Cuir synth\u00e9tique<\/td>\n<\/tr>\n<tr>\n<td data-sheets-value=\"{&quot;1&quot;:2,&quot;2&quot;:&quot;Produktart:&quot;}\">Produktart:<\/td>\n<td data-sheets-value=\"{&quot;1&quot;:2,&quot;2&quot;:&quot;Sportschuh&quot;}\">Sportschuh<\/td>\n<\/tr>\n<tr>\n<td data-sheets-value=\"{&quot;1&quot;:2,&quot;2&quot;:&quot;Produktlinie:&quot;}\">Produktlinie:<\/td>\n<td data-sheets-value=\"{&quot;1&quot;:2,&quot;2&quot;:&quot;Plateau&quot;}\">Plateau<\/td>\n<\/tr>\n<tr>\n<td data-sheets-value=\"{&quot;1&quot;:2,&quot;2&quot;:&quot;Schuhweite:&quot;}\">Schuhweite:<\/td>\n<td data-sheets-value=\"{&quot;1&quot;:2,&quot;2&quot;:&quot;F&quot;}\">F<\/td>\n<\/tr>\n<tr>\n<td data-sheets-value=\"{&quot;1&quot;:2,&quot;2&quot;:&quot;Stil:&quot;}\">Stil:<\/td>\n<td data-sheets-value=\"{&quot;1&quot;:2,&quot;2&quot;:&quot;Sneaker&quot;}\">Sneaker<\/td>\n<\/tr>\n<tr>\n<td data-sheets-value=\"{&quot;1&quot;:2,&quot;2&quot;:&quot;Thema:&quot;}\">Thema:<\/td>\n<td data-sheets-value=\"{&quot;1&quot;:2,&quot;2&quot;:&quot;Outdoor&quot;}\">Outdoor<\/td>\n<\/tr>\n<tr>\n<td data-sheets-value=\"{&quot;1&quot;:2,&quot;2&quot;:&quot;UK-Schuhgr\u00f6\u00dfe:&quot;}\">UK-Schuhgr\u00f6\u00dfe:<\/td>\n<td data-sheets-value=\"{&quot;1&quot;:2,&quot;2&quot;:&quot;UK 4,5&quot;}\">UK 4,5<\/td>\n<\/tr>\n<tr>\n<td data-sheets-value=\"{&quot;1&quot;:2,&quot;2&quot;:&quot;US-Schuhgr\u00f6\u00dfe:&quot;}\">US-Schuhgr\u00f6\u00dfe:<\/td>\n<td data-sheets-value=\"{&quot;1&quot;:2,&quot;2&quot;:&quot;US 6,5&quot;}\">US 6,5<\/td>\n<\/tr>\n<tr>\n<td data-sheets-value=\"{&quot;1&quot;:2,&quot;2&quot;:&quot;Verschluss:&quot;}\">Verschluss:<\/td>\n<td data-sheets-value=\"{&quot;1&quot;:2,&quot;2&quot;:&quot;Schn\u00fcrung&quot;}\">Schn\u00fcrung<\/td>\n<\/tr>\n<tr>\n<td data-sheets-value=\"{&quot;1&quot;:2,&quot;2&quot;:&quot;Vintage:&quot;}\">Vintage:<\/td>\n<td data-sheets-value=\"{&quot;1&quot;:2,&quot;2&quot;:&quot;Nein&quot;}\">Nein<\/td>\n<\/tr>\n<\/tbody>\n<\/table>","protected":false},"featured_media":78813,"comment_status":"open","ping_status":"closed","template":"","meta":{"_seopress_robots_primary_cat":"","_seopress_titles_title":"","_seopress_titles_desc":"","_seopress_robots_index":""},"product_brand":[],"product_cat":[1345,1348,1360,1367,1393,1394],"product_tag":[],"class_list":{"0":"post-78719","1":"product","2":"type-product","3":"status-publish","4":"has-post-thumbnail","6":"product_cat-herrenmode","7":"product_cat-damen-mode","8":"product_cat-schuhe","9":"product_cat-sneakers","10":"product_cat-schuhe-herrenmode","11":"product_cat-sneakers-schuhe-herrenmode","12":"product_shipping_class-standard-versand","14":"first","15":"instock","16":"sale","17":"taxable","18":"shipping-taxable","19":"purchasable","20":"product-type-simple"},"_links":{"self":[{"href":"https:\/\/www.soanam.de\/fr\/wp-json\/wp\/v2\/product\/78719","targetHints":{"allow":["GET"]}}],"collection":[{"href":"https:\/\/www.soanam.de\/fr\/wp-json\/wp\/v2\/product"}],"about":[{"href":"https:\/\/www.soanam.de\/fr\/wp-json\/wp\/v2\/types\/product"}],"replies":[{"embeddable":true,"href":"https:\/\/www.soanam.de\/fr\/wp-json\/wp\/v2\/comments?post=78719"}],"wp:featuredmedia":[{"embeddable":true,"href":"https:\/\/www.soanam.de\/fr\/wp-json\/wp\/v2\/media\/78813"}],"wp:attachment":[{"href":"https:\/\/www.soanam.de\/fr\/wp-json\/wp\/v2\/media?parent=78719"}],"wp:term":[{"taxonomy":"product_brand","embeddable":true,"href":"https:\/\/www.soanam.de\/fr\/wp-json\/wp\/v2\/product_brand?post=78719"},{"taxonomy":"product_cat","embeddable":true,"href":"https:\/\/www.soanam.de\/fr\/wp-json\/wp\/v2\/product_cat?post=78719"},{"taxonomy":"product_tag","embeddable":true,"href":"https:\/\/www.soanam.de\/fr\/wp-json\/wp\/v2\/product_tag?post=78719"}],"curies":[{"name":"wp","href":"https:\/\/api.w.org\/{rel}","templated":true}]}}