{"id":78626,"date":"2023-12-13T21:23:19","date_gmt":"2023-12-13T20:23:19","guid":{"rendered":"https:\/\/www.soanam.de\/?post_type=product&#038;p=78626"},"modified":"2023-12-13T21:25:20","modified_gmt":"2023-12-13T20:25:20","slug":"original-triumph-a9930496-couverture-universelle-de-moto-en-plein-air-noir-taille-xl","status":"publish","type":"product","link":"https:\/\/www.soanam.de\/fr\/produkt\/original-triumph-a9930496-universal-outdoor-motorradabdeckung-schwarz-groesse-xl\/","title":{"rendered":"Original Triumph A9930496 Housse moto universelle d'ext\u00e9rieur, noir, taille XL"},"content":{"rendered":"<h3>Description<\/h3>\n<p>Prot\u00e9gez votre moto des intemp\u00e9ries avec cette housse de moto avec logo Triumph. Construction ext\u00e9rieure robuste avec des coutures coll\u00e9es \u00e0 l'ext\u00e9rieur, des d\u00e9tails r\u00e9fl\u00e9chissants, une doublure r\u00e9sistante \u00e0 la chaleur, une ceinture ventrale r\u00e9glable et une protection int\u00e9grale contre les \u00e9claboussures.<\/p>\n<h3>Sp\u00e9cifications<\/h3>\n<p>Triumph A9930496 Cache ext\u00e9rieur universel dans sa valise d'origine<br \/>\nCouleur : Noir<br \/>\nTaille : XL<br \/>\nContenu de la livraison : 1x couverture tous temps, 1x valise<br \/>\nArticle Triumph neuf et original avec logo<\/p>","protected":false},"excerpt":{"rendered":"<h3>Caract\u00e9ristiques de l'article<\/h3>\n<p>\u00c9tat de l'article : Nouveau avec \u00e9tiquette : article neuf, non utilis\u00e9 et non port\u00e9 dans son emballage d'origine<\/p>\n<table border=\"0\" frame=\"VOID\" rules=\"NONE\" cellspacing=\"0\">\n<colgroup>\n<col width=\"116\" \/>\n<col width=\"322\" \/><\/colgroup>\n<tbody>\n<tr>\n<td align=\"LEFT\" width=\"116\" height=\"17\">Brand:<\/td>\n<td align=\"LEFT\" width=\"322\">TRIUMPH<\/td>\n<\/tr>\n<tr>\n<td align=\"LEFT\" height=\"17\">EAN:<\/td>\n<td align=\"LEFT\">nichtzutreffend<\/td>\n<\/tr>\n<tr>\n<td align=\"LEFT\" height=\"17\">couleur :<\/td>\n<td align=\"LEFT\">Noir<\/td>\n<\/tr>\n<tr>\n<td align=\"LEFT\" height=\"17\">taille :<\/td>\n<td align=\"LEFT\">XL<\/td>\n<\/tr>\n<tr>\n<td align=\"LEFT\" height=\"17\">grundfarbe:<\/td>\n<td align=\"LEFT\">Noir<\/td>\n<\/tr>\n<tr>\n<td align=\"LEFT\" height=\"17\">Hersteller:<\/td>\n<td align=\"LEFT\">Triumph<\/td>\n<\/tr>\n<tr>\n<td align=\"LEFT\" height=\"17\">Herstellernummer:<\/td>\n<td align=\"LEFT\">A9930496<\/td>\n<\/tr>\n<tr>\n<td align=\"LEFT\" height=\"17\">Marke:<\/td>\n<td align=\"LEFT\">TRIUMPH<\/td>\n<\/tr>\n<tr>\n<td align=\"LEFT\" height=\"17\">Produktart:<\/td>\n<td align=\"LEFT\">Abdeckhaube<\/td>\n<\/tr>\n<\/tbody>\n<\/table>","protected":false},"featured_media":78730,"comment_status":"open","ping_status":"closed","template":"","meta":{"_seopress_robots_primary_cat":"","_seopress_titles_title":"","_seopress_titles_desc":"","_seopress_robots_index":""},"product_brand":[],"product_cat":[1730],"product_tag":[],"class_list":{"0":"post-78626","1":"product","2":"type-product","3":"status-publish","4":"has-post-thumbnail","6":"product_cat-sonstiges-2","7":"product_shipping_class-standard-versand","9":"first","10":"instock","11":"sale","12":"taxable","13":"shipping-taxable","14":"purchasable","15":"product-type-simple"},"_links":{"self":[{"href":"https:\/\/www.soanam.de\/fr\/wp-json\/wp\/v2\/product\/78626","targetHints":{"allow":["GET"]}}],"collection":[{"href":"https:\/\/www.soanam.de\/fr\/wp-json\/wp\/v2\/product"}],"about":[{"href":"https:\/\/www.soanam.de\/fr\/wp-json\/wp\/v2\/types\/product"}],"replies":[{"embeddable":true,"href":"https:\/\/www.soanam.de\/fr\/wp-json\/wp\/v2\/comments?post=78626"}],"wp:featuredmedia":[{"embeddable":true,"href":"https:\/\/www.soanam.de\/fr\/wp-json\/wp\/v2\/media\/78730"}],"wp:attachment":[{"href":"https:\/\/www.soanam.de\/fr\/wp-json\/wp\/v2\/media?parent=78626"}],"wp:term":[{"taxonomy":"product_brand","embeddable":true,"href":"https:\/\/www.soanam.de\/fr\/wp-json\/wp\/v2\/product_brand?post=78626"},{"taxonomy":"product_cat","embeddable":true,"href":"https:\/\/www.soanam.de\/fr\/wp-json\/wp\/v2\/product_cat?post=78626"},{"taxonomy":"product_tag","embeddable":true,"href":"https:\/\/www.soanam.de\/fr\/wp-json\/wp\/v2\/product_tag?post=78626"}],"curies":[{"name":"wp","href":"https:\/\/api.w.org\/{rel}","templated":true}]}}