{"id":78608,"date":"2023-12-13T21:22:54","date_gmt":"2023-12-13T20:22:54","guid":{"rendered":"https:\/\/www.soanam.de\/?post_type=product&#038;p=78608"},"modified":"2023-12-13T21:25:14","modified_gmt":"2023-12-13T20:25:14","slug":"anna-boehm-ein-fall-fuer-sherlock-horn-edition-reliee-allemand-2020","status":"publish","type":"product","link":"https:\/\/www.soanam.de\/fr\/produkt\/anna-boehm-ein-fall-fuer-sherlock-horn-gebundene-ausgabe-deutsch-2020\/","title":{"rendered":"Anna B\u00f6hm \"Une affaire pour Sherlock Horn ! Edition reli\u00e9e Allemand 2020"},"content":{"rendered":"<h3>Description du produit<\/h3>\n<p>D\u00e9tective avec un c\u0153ur et une corne : une affaire claire pour Emmi et Einschwein !<\/p>\n<p>Un voleur s\u00e9vit dans la ville des lutins. Il vole les co\u00fbteux lampadaires gr\u00e2ce auxquels les cr\u00e9atures volantes mythiques peuvent voir quelque chose la nuit. Le dragon de papa a m\u00eame un accident dans l'obscurit\u00e9 soudaine. Maman Brix doit r\u00e9soudre l'affaire, car elle est polici\u00e8re. Cependant, le cochon unique d\u00e9vore la seule preuve : Un petit g\u00e2teau ! Emmi est furieuse. Mais peut-\u00eatre qu'elles pourront encore aider maman \u00e0 trouver le voleur.<\/p>\n<p><strong>D\u00e9tails du produit<\/strong><br \/>\n\u00c9diteur : Oetinger Friedrich GmbH<br \/>\nS\u00e9rie : Emmi et cochon unique, volume 5<br \/>\nIllustrateur : Susanne G\u00f6hlich<br \/>\nAnn\u00e9e de publication : 2020<br \/>\nLangue : allemand<br \/>\nCouverture : Reli\u00e9<br \/>\nNombre de pages : 238 pages<br \/>\nISBN-10 : 3751200029<br \/>\nISBN-13 : 978-3751200028<br \/>\nIllustrations : avec des illustrations int\u00e9rieures en noir et blanc<br \/>\n\u00c2ge recommand\u00e9 : \u00e0 partir de 8 ans<br \/>\nTirage : 1<br \/>\nPoids de l'article : 425 g<br \/>\nDimensions : 15.2 x 2.5 x 21.6 cm<\/p>","protected":false},"excerpt":{"rendered":"<h3>Caract\u00e9ristiques de l'article<\/h3>\n<p>Artikelzustand: Neu - Neues, ungelesenes, ungebrauchtes Buch in makellosem Zustand<\/p>\n<table dir=\"ltr\" style=\"height: 514px;\" border=\"1\" width=\"482\" cellspacing=\"0\" cellpadding=\"0\">\n<colgroup>\n<col width=\"203\" \/>\n<col width=\"358\" \/><\/colgroup>\n<tbody>\n<tr>\n<td data-sheets-value=\"{&quot;1&quot;:2,&quot;2&quot;:&quot;Anzahl der Seiten:&quot;}\">Anzahl der Seiten:<\/td>\n<td data-sheets-value=\"{&quot;1&quot;:2,&quot;2&quot;:&quot;238 Seiten&quot;}\">238 Seiten<\/td>\n<\/tr>\n<tr>\n<td data-sheets-value=\"{&quot;1&quot;:2,&quot;2&quot;:&quot;Autor:&quot;}\">Autor:<\/td>\n<td data-sheets-value=\"{&quot;1&quot;:2,&quot;2&quot;:&quot;Anna B\u00f6hm&quot;}\">Anna B\u00f6hm<\/td>\n<\/tr>\n<tr>\n<td data-sheets-value=\"{&quot;1&quot;:2,&quot;2&quot;:&quot;Besonderheiten:&quot;}\">Particularit\u00e9s :<\/td>\n<td data-sheets-value=\"{&quot;1&quot;:2,&quot;2&quot;:&quot;Illustriert&quot;}\">Illustriert<\/td>\n<\/tr>\n<tr>\n<td data-sheets-value=\"{&quot;1&quot;:2,&quot;2&quot;:&quot;Buchreihe:&quot;}\">Buchreihe:<\/td>\n<td data-sheets-value=\"{&quot;1&quot;:2,&quot;2&quot;:&quot;Emmi &amp; Einschwein&quot;}\">Emmi &amp; Einschwein<\/td>\n<\/tr>\n<tr>\n<td data-sheets-value=\"{&quot;1&quot;:2,&quot;2&quot;:&quot;Buchtitel:&quot;}\">Buchtitel:<\/td>\n<td data-sheets-value=\"{&quot;1&quot;:2,&quot;2&quot;:&quot;Emmi und Einschwein 5. Ein Fall f\u00fcr Sherlock Horn!&quot;}\">Emmi und Einschwein 5. Ein Fall f\u00fcr Sherlock Horn!<\/td>\n<\/tr>\n<tr>\n<td data-sheets-value=\"{&quot;1&quot;:2,&quot;2&quot;:&quot;Erscheinungsjahr:&quot;}\">Erscheinungsjahr:<\/td>\n<td data-sheets-value=\"{&quot;1&quot;:3,&quot;3&quot;:2020}\">2020<\/td>\n<\/tr>\n<tr>\n<td data-sheets-value=\"{&quot;1&quot;:2,&quot;2&quot;:&quot;Format:&quot;}\">Format:<\/td>\n<td data-sheets-value=\"{&quot;1&quot;:2,&quot;2&quot;:&quot;Gebundene Ausgabe&quot;}\">Gebundene Ausgabe<\/td>\n<\/tr>\n<tr>\n<td data-sheets-value=\"{&quot;1&quot;:2,&quot;2&quot;:&quot;Genre:&quot;}\">Genre:<\/td>\n<td data-sheets-value=\"{&quot;1&quot;:2,&quot;2&quot;:&quot;Kinder- &amp; Jugendliteratur&quot;}\">Kinder- &amp; Jugendliteratur<\/td>\n<\/tr>\n<tr>\n<td data-sheets-value=\"{&quot;1&quot;:2,&quot;2&quot;:&quot;Herstellungsland und -region:&quot;}\">Herstellungsland und -region:<\/td>\n<td data-sheets-value=\"{&quot;1&quot;:2,&quot;2&quot;:&quot;Deutschland&quot;}\">Allemagne<\/td>\n<\/tr>\n<tr>\n<td data-sheets-value=\"{&quot;1&quot;:2,&quot;2&quot;:&quot;Illustrator:&quot;}\">Illustrator:<\/td>\n<td data-sheets-value=\"{&quot;1&quot;:2,&quot;2&quot;:&quot;Susanne G\u00f6hlich&quot;}\">Susanne G\u00f6hlich<\/td>\n<\/tr>\n<tr>\n<td data-sheets-value=\"{&quot;1&quot;:2,&quot;2&quot;:&quot;ISBN:&quot;}\">ISBN:<\/td>\n<td data-sheets-value=\"{&quot;1&quot;:3,&quot;3&quot;:9783751200028}\">9783751200028<\/td>\n<\/tr>\n<tr>\n<td data-sheets-value=\"{&quot;1&quot;:2,&quot;2&quot;:&quot;Literarische Gattung:&quot;}\">Literarische Gattung:<\/td>\n<td data-sheets-value=\"{&quot;1&quot;:2,&quot;2&quot;:&quot;Belletristik&quot;}\">Belletristik<\/td>\n<\/tr>\n<tr>\n<td data-sheets-value=\"{&quot;1&quot;:2,&quot;2&quot;:&quot;Produktart:&quot;}\">Produktart:<\/td>\n<td data-sheets-value=\"{&quot;1&quot;:2,&quot;2&quot;:&quot;Kinderbuch&quot;}\">Kinderbuch<\/td>\n<\/tr>\n<tr>\n<td data-sheets-value=\"{&quot;1&quot;:2,&quot;2&quot;:&quot;Sprache:&quot;}\">Sprache:<\/td>\n<td data-sheets-value=\"{&quot;1&quot;:2,&quot;2&quot;:&quot;Deutsch&quot;}\">Allemand<\/td>\n<\/tr>\n<tr>\n<td data-sheets-value=\"{&quot;1&quot;:2,&quot;2&quot;:&quot;Thematik:&quot;}\">Thematik:<\/td>\n<td data-sheets-value=\"{&quot;1&quot;:2,&quot;2&quot;:&quot;Magie&quot;}\">Magie<\/td>\n<\/tr>\n<tr>\n<td data-sheets-value=\"{&quot;1&quot;:2,&quot;2&quot;:&quot;Verlag:&quot;}\">Verlag:<\/td>\n<td data-sheets-value=\"{&quot;1&quot;:2,&quot;2&quot;:&quot;Verlag Friedrich Oetinger Gmbh, Oetinger Friedrich Gmbh&quot;}\">Verlag Friedrich Oetinger Gmbh, Oetinger Friedrich Gmbh<\/td>\n<\/tr>\n<tr>\n<td data-sheets-value=\"{&quot;1&quot;:2,&quot;2&quot;:&quot;Zielgruppe:&quot;}\">Zielgruppe:<\/td>\n<td data-sheets-value=\"{&quot;1&quot;:2,&quot;2&quot;:&quot;9-12 Jahre&quot;}\">9-12 Jahre<\/td>\n<\/tr>\n<\/tbody>\n<\/table>","protected":false},"featured_media":78726,"comment_status":"open","ping_status":"closed","template":"","meta":{"_seopress_robots_primary_cat":"","_seopress_titles_title":"","_seopress_titles_desc":"","_seopress_robots_index":""},"product_brand":[],"product_cat":[1428,1431,1441],"product_tag":[],"class_list":{"0":"post-78608","1":"product","2":"type-product","3":"status-publish","4":"has-post-thumbnail","6":"product_cat-buecher","7":"product_cat-kinder","8":"product_cat-geschichten","9":"product_shipping_class-standard-versand","11":"first","12":"instock","13":"taxable","14":"shipping-taxable","15":"purchasable","16":"product-type-simple"},"_links":{"self":[{"href":"https:\/\/www.soanam.de\/fr\/wp-json\/wp\/v2\/product\/78608","targetHints":{"allow":["GET"]}}],"collection":[{"href":"https:\/\/www.soanam.de\/fr\/wp-json\/wp\/v2\/product"}],"about":[{"href":"https:\/\/www.soanam.de\/fr\/wp-json\/wp\/v2\/types\/product"}],"replies":[{"embeddable":true,"href":"https:\/\/www.soanam.de\/fr\/wp-json\/wp\/v2\/comments?post=78608"}],"wp:featuredmedia":[{"embeddable":true,"href":"https:\/\/www.soanam.de\/fr\/wp-json\/wp\/v2\/media\/78726"}],"wp:attachment":[{"href":"https:\/\/www.soanam.de\/fr\/wp-json\/wp\/v2\/media?parent=78608"}],"wp:term":[{"taxonomy":"product_brand","embeddable":true,"href":"https:\/\/www.soanam.de\/fr\/wp-json\/wp\/v2\/product_brand?post=78608"},{"taxonomy":"product_cat","embeddable":true,"href":"https:\/\/www.soanam.de\/fr\/wp-json\/wp\/v2\/product_cat?post=78608"},{"taxonomy":"product_tag","embeddable":true,"href":"https:\/\/www.soanam.de\/fr\/wp-json\/wp\/v2\/product_tag?post=78608"}],"curies":[{"name":"wp","href":"https:\/\/api.w.org\/{rel}","templated":true}]}}