{"id":78604,"date":"2023-12-13T21:22:52","date_gmt":"2023-12-13T20:22:52","guid":{"rendered":"https:\/\/www.soanam.de\/?post_type=product&#038;p=78604"},"modified":"2023-12-13T21:24:56","modified_gmt":"2023-12-13T20:24:56","slug":"agu-winter-rain-pants-commuter-men-black-reflection-xxl-pantalon-de-cyclisme-double","status":"publish","type":"product","link":"https:\/\/www.soanam.de\/fr\/produkt\/agu-winter-rain-pants-commuter-men-black-reflection-xxl-gefuetterte-radhose\/","title":{"rendered":"AGU Winter Rain Pants commuter Men, Black &amp; Reflection, XXL, pantalon de cyclisme fourr\u00e9"},"content":{"rendered":"<h3>Description<\/h3>\n<p>La ligne AGU Commuter est dans l'air du temps et s'adresse aux cyclistes pendulaires qui ont les plus grandes exigences en mati\u00e8re de fonctionnalit\u00e9 et de visibilit\u00e9. Les \u00e9l\u00e9ments hautement r\u00e9fl\u00e9chissants Hi-Visibility assurent la s\u00e9curit\u00e9 dans la circulation routi\u00e8re.<\/p>\n<p>Chaud et imperm\u00e9able : avec le Winter Rain Pants Commuter Men de AGU, tu es bien \u00e9quip\u00e9 pour la saison hivernale \u00e0 v\u00e9lo ! C'est un pantalon de pluie doubl\u00e9 en mati\u00e8re ripstop respirante et r\u00e9sistante. La doublure lisse en taffetas \u00e0 l'int\u00e9rieur t'offre une l\u00e9g\u00e8re isolation tout en te laissant une totale libert\u00e9 de mouvement. Le Winter Rain Pants Commuter poss\u00e8de une assise renforc\u00e9e et des surchaussures int\u00e9gr\u00e9es. Tu peux facilement ranger le pantalon dans la poche s\u00e9par\u00e9e.<\/p>\n<p>Le pantalon est issu du programme Greensphere d'AGU, c'est-\u00e0-dire que le mat\u00e9riau est compos\u00e9 de polyester recycl\u00e9, rev\u00eatu de PU et donc exempt de PVC. La membrane Poray est 100% imperm\u00e9able au vent et \u00e0 l'eau et hautement respirante. L'ergonomie parfaite, les d\u00e9tails intelligents et la grande durabilit\u00e9 sont autant d'atouts qui te convaincront \u00e0 chaque kilom\u00e8tre.<\/p>\n<p>Taille recommand\u00e9e : taille normale.<\/p>\n<p>- 2.5 couches<br \/>\n- imperm\u00e9able au vent et \u00e0 l'eau (Poray 10.000), respirant<br \/>\n- EN 20471 Mat\u00e9riau Hi-vis color &amp; panneaux r\u00e9fl\u00e9chissants All-Over-Print<br \/>\n- fermetures \u00e0 glissi\u00e8re YKK couvertes et doubl\u00e9es de l'ourlet inf\u00e9rieur jusqu'au genou<br \/>\n- ceinture \u00e9lastique avec cordon de serrage<br \/>\n- largeur de pied r\u00e9glable par velcro<br \/>\n- sac de rangement s\u00e9par\u00e9<br \/>\n- Ripstop : tissu tiss\u00e9 selon une technique sp\u00e9ciale (structure en bo\u00eete \u00e0 calcul), particuli\u00e8rement r\u00e9sistant \u00e0 la d\u00e9chirure<\/p>\n<p>Mati\u00e8re : 100% polyester recycl\u00e9 ripstop, doublure en micropolaire, rembourrage DuPont Sorona.<\/p>\n<p>Conseil d'entretien : n'emballer qu'\u00e0 l'\u00e9tat sec. Lavage d\u00e9licat \u00e0 30 \u00b0C. La couleur peut se d\u00e9colorer au lavage. Ne convient pas au s\u00e8che-linge. Ne pas repasser. Ne pas blanchir. Ne pas utiliser d'adoucissant.<\/p>","protected":false},"excerpt":{"rendered":"<h3>Caract\u00e9ristiques de l'article<\/h3>\n<p>\u00c9tat de l'article : Nouveau avec \u00e9tiquette : article neuf, non utilis\u00e9 et non port\u00e9 dans son emballage d'origine<\/p>\n<table border=\"0\" frame=\"VOID\" rules=\"NONE\" cellspacing=\"0\">\n<colgroup>\n<col width=\"116\" \/>\n<col width=\"322\" \/><\/colgroup>\n<tbody>\n<tr>\n<td align=\"LEFT\" width=\"116\" height=\"17\">Abteilung:<\/td>\n<td align=\"LEFT\" width=\"322\">Herren<\/td>\n<\/tr>\n<tr>\n<td align=\"LEFT\" height=\"17\">Aktivit\u00e4t:<\/td>\n<td align=\"LEFT\">Radsport<\/td>\n<\/tr>\n<tr>\n<td align=\"LEFT\" height=\"17\">Anlass:<\/td>\n<td align=\"LEFT\">Freizeit, Sport<\/td>\n<\/tr>\n<tr>\n<td align=\"LEFT\" height=\"17\">Particularit\u00e9s :<\/td>\n<td align=\"LEFT\">Wasserfest, Gepolstert, Hohe Sichtbarkeit, Taschen<\/td>\n<\/tr>\n<tr>\n<td align=\"LEFT\" height=\"17\">EAN:<\/td>\n<td align=\"LEFT\">8717565664180<\/td>\n<\/tr>\n<tr>\n<td align=\"LEFT\" height=\"17\">couleur :<\/td>\n<td align=\"LEFT\">Noir<\/td>\n<\/tr>\n<tr>\n<td align=\"LEFT\" height=\"17\">Gewebeart:<\/td>\n<td align=\"LEFT\">Polaire<\/td>\n<\/tr>\n<tr>\n<td align=\"LEFT\" height=\"17\">taille :<\/td>\n<td align=\"LEFT\">2XL<\/td>\n<\/tr>\n<tr>\n<td align=\"LEFT\" height=\"17\">Gr\u00f6\u00dfenkategorie:<\/td>\n<td align=\"LEFT\">Normalgr\u00f6\u00dfe<\/td>\n<\/tr>\n<tr>\n<td align=\"LEFT\" height=\"17\">Jahreszeit:<\/td>\n<td align=\"LEFT\">Fr\u00fchling, Herbst, Winter<\/td>\n<\/tr>\n<tr>\n<td align=\"LEFT\" height=\"17\">Marke:<\/td>\n<td align=\"LEFT\">AGU<\/td>\n<\/tr>\n<tr>\n<td align=\"LEFT\" height=\"17\">mat\u00e9riel :<\/td>\n<td align=\"LEFT\">100% Polyester<\/td>\n<\/tr>\n<tr>\n<td align=\"LEFT\" height=\"17\">Produktart:<\/td>\n<td align=\"LEFT\">Pantalons<\/td>\n<\/tr>\n<tr>\n<td align=\"LEFT\" height=\"17\">Schrittl\u00e4nge:<\/td>\n<td align=\"LEFT\">Ohne Angaben<\/td>\n<\/tr>\n<tr>\n<td align=\"LEFT\" height=\"17\">Stil:<\/td>\n<td align=\"LEFT\">Regenhose<\/td>\n<\/tr>\n<tr>\n<td align=\"LEFT\" height=\"17\">Taillenumfang:<\/td>\n<td align=\"LEFT\">ohne Angaben<\/td>\n<\/tr>\n<tr>\n<td align=\"LEFT\" height=\"17\">Thema:<\/td>\n<td align=\"LEFT\">Biker<\/td>\n<\/tr>\n<tr>\n<td align=\"LEFT\" height=\"17\">Verschluss:<\/td>\n<td align=\"LEFT\">Klettverschluss<\/td>\n<\/tr>\n<tr>\n<td align=\"LEFT\" height=\"17\">Vintage:<\/td>\n<td align=\"LEFT\">Nein<\/td>\n<\/tr>\n<\/tbody>\n<\/table>","protected":false},"featured_media":78707,"comment_status":"open","ping_status":"closed","template":"","meta":{"_seopress_robots_primary_cat":"","_seopress_titles_title":"","_seopress_titles_desc":"","_seopress_robots_index":""},"product_brand":[],"product_cat":[1345,1346,1365,1526],"product_tag":[],"class_list":{"0":"post-78604","1":"product","2":"type-product","3":"status-publish","4":"has-post-thumbnail","6":"product_cat-herrenmode","7":"product_cat-hosen","8":"product_cat-sportbekleidung","9":"product_cat-jogginghosen-sportbekleidung","10":"product_shipping_class-standard-versand","12":"first","13":"instock","14":"sale","15":"taxable","16":"shipping-taxable","17":"purchasable","18":"product-type-simple"},"_links":{"self":[{"href":"https:\/\/www.soanam.de\/fr\/wp-json\/wp\/v2\/product\/78604","targetHints":{"allow":["GET"]}}],"collection":[{"href":"https:\/\/www.soanam.de\/fr\/wp-json\/wp\/v2\/product"}],"about":[{"href":"https:\/\/www.soanam.de\/fr\/wp-json\/wp\/v2\/types\/product"}],"replies":[{"embeddable":true,"href":"https:\/\/www.soanam.de\/fr\/wp-json\/wp\/v2\/comments?post=78604"}],"wp:featuredmedia":[{"embeddable":true,"href":"https:\/\/www.soanam.de\/fr\/wp-json\/wp\/v2\/media\/78707"}],"wp:attachment":[{"href":"https:\/\/www.soanam.de\/fr\/wp-json\/wp\/v2\/media?parent=78604"}],"wp:term":[{"taxonomy":"product_brand","embeddable":true,"href":"https:\/\/www.soanam.de\/fr\/wp-json\/wp\/v2\/product_brand?post=78604"},{"taxonomy":"product_cat","embeddable":true,"href":"https:\/\/www.soanam.de\/fr\/wp-json\/wp\/v2\/product_cat?post=78604"},{"taxonomy":"product_tag","embeddable":true,"href":"https:\/\/www.soanam.de\/fr\/wp-json\/wp\/v2\/product_tag?post=78604"}],"curies":[{"name":"wp","href":"https:\/\/api.w.org\/{rel}","templated":true}]}}