{"id":78582,"date":"2023-12-13T21:22:23","date_gmt":"2023-12-13T20:22:23","guid":{"rendered":"https:\/\/www.soanam.de\/?post_type=product&#038;p=78582"},"modified":"2023-12-13T21:24:33","modified_gmt":"2023-12-13T20:24:33","slug":"kneipp-set-cadeau-with-love-creme-naturelle-pour-les-mains-et-soin-des-levres-sac","status":"publish","type":"product","link":"https:\/\/www.soanam.de\/fr\/produkt\/kneipp-geschenkset-with-love-natuerliche-handcreme-und-lippenpflege-tasche\/","title":{"rendered":"Kneipp Set cadeau - With Love - cr\u00e8me naturelle pour les mains et soin des l\u00e8vres + sac"},"content":{"rendered":"<h3>Description du produit<\/h3>\n<p>Dans le coffret cadeau Kneipp With Love, vous trouverez de nombreux soins qui viennent du c\u0153ur.<br \/>\nSoin des l\u00e8vres (4,7g) + Cr\u00e8me pour les mains (75ml)<\/p>\n<p>Le soin des l\u00e8vres de Kneipp est un baume pour les l\u00e8vres compos\u00e9 de 100% de substances naturelles. L'huile de graines de sureau et le beurre de karit\u00e9 doux et nourrissant assurent des l\u00e8vres douces et s\u00e9duisantes. Un parfum agr\u00e9able et un soin intensif particuli\u00e8rement durable ne devraient \u00e9chapper \u00e0 personne.<\/p>\n<p>Prot\u00e9gez et chouchoutez vos mains s\u00e8ches et ab\u00eem\u00e9es avec la cr\u00e8me hydratante intensive pour les mains Kneipp. Une texture \u00e0 base de beurre de karit\u00e9, d'huile d'amande et de magnolia, riche - nourrissante et soignante, pour des moments de douceur.<\/p>\n<p>Une trousse de toilette en li\u00e8ge et coton tendance, id\u00e9ale comme cadeau.<\/p>\n<p><strong>Ingr\u00e9dients<\/strong>:<br \/>\nCr\u00e8me pour les mains 75g : Aqua (eau), glyc\u00e9rine, triglyc\u00e9ride caprylique\/caprique, huile de Prunus Amygdalus Dulcis (amande douce), alcool c\u00e9t\u00e9arylique, panth\u00e9nol, phosphate de distarque, ac\u00e9tate de tocoph\u00e9ryle, st\u00e9arate de glyc\u00e9ryle citrate, huile v\u00e9g\u00e9tale hydrog\u00e9n\u00e9e, beurre de Butyrospermum Parkii (karit\u00e9), huile de graine de Limnanthes Alba (Meadowfoam), extrait de fleur de Magnolia Biondii, Viola Odorata Flower Extract, Viola Tricolor Extract, Citrus Limon (Lemon) Peel Oil, Limonene, Hexyl Cinnamal, Citral, Benzyl Alcohol, Geraniol, Linalool, p-Anisic Acid, Parfum (Fragrance), Caprylyl Glycol, Xanthan Gum, Sodium Stearoyl Glutamate, Glyceryl Caprylate, Bisabolol, Carrageenan, Arginine, Glycine Soja (Soybean) Oil, Citric Acid, Tocopherol<\/p>\n<p><strong>Effet soignant sur la peau<\/strong>:<\/p>\n<p>Hydratant, Nourrissant, R\u00e9g\u00e9n\u00e9rant<br \/>\nConvient aux types de peau : peau s\u00e8che<br \/>\nIngr\u00e9dients essentiels : huile d'amande, beurre de karit\u00e9<\/p>\n<p><strong>Ingr\u00e9dients<\/strong>:<br \/>\nRhus Verniciflua Peel Cera, Olea Europaea (Olive) Fruit Oil Cocos Nucifera (Coconut) Oil, Butyrospermum Parkii (Shea) Butter, Simmondsia Chinensis (Jojoba) Seed Oil, Candelilla Cera, Prunus Armeniaca (Apricot) Kernel Oil, Sclerocarya Birrea (Marula) Seed Oil, Sambucus Nigra (Elderberry) Seed Oil, Helianthus Annuus (Sunflower) Seed Oil, Citrus Limon Peel Oil, Lavandula Hybrid Oil, Citrus Aurantium Bergamia (Bergamot) Fruit Oil, Linalool, Limonene, Eugenol, Citral, Benzyl Salicylate, Geraniol, Parfum (Fragrance), Tocopherol. | Cr\u00e8me intensive pour les mains Magnolia Beurre de karit\u00e9 : Aqua (Water), Glycerin, Caprylic\/Capric Triglyceride, Prunus Amygdalus Dulcis (Sweet Almond) Oil, Cetearyl Alcohol, Panthenol, Distarch Phosphate, Tocopheryl Acetate, Glyceryl Stearate Citrate, Hydrogenated Vegetable Oil, Butyrospermum Parkii (Shea) Butter, Limnanthes Alba (Meadowfoam) Seed Oil, Magnolia Biondii Flower Extract, Viola Odorata Flower Extract, Viola Tricolor Extract, Citrus Limon (Lemon) Peel Oil, Limonene, Hexyl Cinnamal, Citral, Benzyl Alcohol, Geraniol, Linalool, p-Anisic Acid, Parfum (Fragrance), Caprylyl Glycol, Xanthan Gum, Sodium Stearoyl Glutamate, Glyceryl Caprylate, Bisabolol, Carrageenan, Arginine, Glycine Soja (Soybean) Oil, Citric Acid, Tocopherol.<\/p>","protected":false},"excerpt":{"rendered":"<h3>Caract\u00e9ristiques de l'article<\/h3>\n<p>Artikelzustand: Neu - Neuer, unbenutzter und unbesch\u00e4digter Artikel in der unge\u00f6ffneten Verpackung<\/p>\n<table dir=\"ltr\" border=\"1\" cellspacing=\"0\" cellpadding=\"0\">\n<colgroup>\n<col width=\"203\" \/>\n<col width=\"259\" \/><\/colgroup>\n<tbody>\n<tr>\n<td data-sheets-value=\"{&quot;1&quot;:2,&quot;2&quot;:&quot;Angebotspaket:&quot;}\">Angebotspaket:<\/td>\n<td data-sheets-value=\"{&quot;1&quot;:2,&quot;2&quot;:&quot;Ja&quot;}\">Ja<\/td>\n<\/tr>\n<tr>\n<td data-sheets-value=\"{&quot;1&quot;:2,&quot;2&quot;:&quot;Beschreibung des Paketinhalts:&quot;}\">Beschreibung des Paketinhalts:<\/td>\n<td data-sheets-value=\"{&quot;1&quot;:2,&quot;2&quot;:&quot;Lippenpflege (4,7g) + Handcreme (75ml)&quot;}\">Soin des l\u00e8vres (4,7g) + Cr\u00e8me pour les mains (75ml)<\/td>\n<\/tr>\n<tr>\n<td data-sheets-value=\"{&quot;1&quot;:2,&quot;2&quot;:&quot;EAN:&quot;}\">EAN:<\/td>\n<td data-sheets-value=\"{&quot;1&quot;:3,&quot;3&quot;:4008233153209}\">4008233153209<\/td>\n<\/tr>\n<tr>\n<td data-sheets-value=\"{&quot;1&quot;:2,&quot;2&quot;:&quot;Herstellernummer:&quot;}\">Herstellernummer:<\/td>\n<td data-sheets-value=\"{&quot;1&quot;:3,&quot;3&quot;:2007082}\">2007082<\/td>\n<\/tr>\n<tr>\n<td data-sheets-value=\"{&quot;1&quot;:2,&quot;2&quot;:&quot;Herstellungsland und -region:&quot;}\">Herstellungsland und -region:<\/td>\n<td data-sheets-value=\"{&quot;1&quot;:2,&quot;2&quot;:&quot;Deutschland&quot;}\">Allemagne<\/td>\n<\/tr>\n<tr>\n<td data-sheets-value=\"{&quot;1&quot;:2,&quot;2&quot;:&quot;Marke:&quot;}\">Marke:<\/td>\n<td data-sheets-value=\"{&quot;1&quot;:2,&quot;2&quot;:&quot;Kneipp&quot;}\">Kneipp<\/td>\n<\/tr>\n<tr>\n<td data-sheets-value=\"{&quot;1&quot;:2,&quot;2&quot;:&quot;Modifizierter Artikel:&quot;}\">Modifizierter Artikel:<\/td>\n<td data-sheets-value=\"{&quot;1&quot;:2,&quot;2&quot;:&quot;Nein&quot;}\">Nein<\/td>\n<\/tr>\n<tr>\n<td data-sheets-value=\"{&quot;1&quot;:2,&quot;2&quot;:&quot;MPN:&quot;}\">MPN:<\/td>\n<td data-sheets-value=\"{&quot;1&quot;:3,&quot;3&quot;:915842}\">915842<\/td>\n<\/tr>\n<tr>\n<td data-sheets-value=\"{&quot;1&quot;:2,&quot;2&quot;:&quot;PZN:&quot;}\">PZN:<\/td>\n<td data-sheets-value=\"{&quot;1&quot;:3,&quot;3&quot;:2007082}\">2007082<\/td>\n<\/tr>\n<\/tbody>\n<\/table>","protected":false},"featured_media":78690,"comment_status":"open","ping_status":"closed","template":"","meta":{"_seopress_robots_primary_cat":"","_seopress_titles_title":"","_seopress_titles_desc":"","_seopress_robots_index":""},"product_brand":[],"product_cat":[1442,1443,1524],"product_tag":[],"class_list":{"0":"post-78582","1":"product","2":"type-product","3":"status-publish","4":"has-post-thumbnail","6":"product_cat-kosmetik","7":"product_cat-gesichtspflege","8":"product_cat-koerperpflege","9":"product_shipping_class-standard-versand","11":"first","12":"instock","13":"sale","14":"taxable","15":"shipping-taxable","16":"purchasable","17":"product-type-simple"},"_links":{"self":[{"href":"https:\/\/www.soanam.de\/fr\/wp-json\/wp\/v2\/product\/78582","targetHints":{"allow":["GET"]}}],"collection":[{"href":"https:\/\/www.soanam.de\/fr\/wp-json\/wp\/v2\/product"}],"about":[{"href":"https:\/\/www.soanam.de\/fr\/wp-json\/wp\/v2\/types\/product"}],"replies":[{"embeddable":true,"href":"https:\/\/www.soanam.de\/fr\/wp-json\/wp\/v2\/comments?post=78582"}],"wp:featuredmedia":[{"embeddable":true,"href":"https:\/\/www.soanam.de\/fr\/wp-json\/wp\/v2\/media\/78690"}],"wp:attachment":[{"href":"https:\/\/www.soanam.de\/fr\/wp-json\/wp\/v2\/media?parent=78582"}],"wp:term":[{"taxonomy":"product_brand","embeddable":true,"href":"https:\/\/www.soanam.de\/fr\/wp-json\/wp\/v2\/product_brand?post=78582"},{"taxonomy":"product_cat","embeddable":true,"href":"https:\/\/www.soanam.de\/fr\/wp-json\/wp\/v2\/product_cat?post=78582"},{"taxonomy":"product_tag","embeddable":true,"href":"https:\/\/www.soanam.de\/fr\/wp-json\/wp\/v2\/product_tag?post=78582"}],"curies":[{"name":"wp","href":"https:\/\/api.w.org\/{rel}","templated":true}]}}