{"id":78581,"date":"2023-12-13T21:22:23","date_gmt":"2023-12-13T20:22:23","guid":{"rendered":"https:\/\/www.soanam.de\/?post_type=product&#038;p=78581"},"modified":"2023-12-13T21:24:29","modified_gmt":"2023-12-13T20:24:29","slug":"solwang-kuechentuch-dunkles-bordeaux-rot-gestrickt-geschirrtuch-trockentuch","status":"publish","type":"product","link":"https:\/\/www.soanam.de\/fr\/produkt\/solwang-kuechentuch-dunkles-bordeaux-rot-gestrickt-geschirrtuch-trockentuch\/","title":{"rendered":"Solwang torchon de cuisine bordeaux fonc\u00e9 rouge tricot\u00e9, torchon \u00e0 vaisselle, torchon \u00e0 s\u00e9cher"},"content":{"rendered":"<h3>Description du produit<\/h3>\n<p>K\u00fcchentuch \/ Handtuch in Bordeaux Rot gestrickt von Solwang aus D\u00e4nemark<\/p>\n<p>K\u00fcchentuch gestrickt<br \/>\nFarbe: Dunkles Bordeaux Rot<br \/>\nAufgerollt im Geschenk B\u00fcndel<\/p>\n<p>Das Solwang Handtuch in dunklem Bordeaux f\u00fcgt sich in jede klassische Einrichtung optimal ein. In einer modern gestalteten K\u00fcche verstr\u00f6mt es Harmonie und Behaglichkeit.<br \/>\nUnd mit seinem ausgefallenen Strickmuster, das zu den Wahrzeichen des kleinen, d\u00e4nischen Brands z\u00e4hlt, integriert es sich in eine Einrichtung im Shabby Chic.<br \/>\nTypisch f\u00fcr die Heimtextilien von Solwang ist aber nicht nur der Strick-Look, sondern auch die erstklassige Qualit\u00e4t.<br \/>\nDaher ist auch das Solwang Handtuch in Bordeaux saugf\u00e4hig und strapazierf\u00e4hig. Das langlebige Trockentuch kannst Du zum Putzen und zum Aufwischen von Fl\u00fcssigkeit benutzen.<br \/>\nOder Du verwendest das hautfreundliche Tuch zum Abtrocknen bei Deiner Tageshygiene.<\/p>\n<p><strong>D\u00e9tails<\/strong><br \/>\nMati\u00e8re : coton<br \/>\nAbmessungen: Ca. 49 x 34 cm<br \/>\nGewicht: Ca. 100 Gramm<br \/>\nLieferumfang: 1 K\u00fcchentuch 'Dunkles Bordeaux Rot' von Solwang D\u00e4nemark<\/p>","protected":false},"excerpt":{"rendered":"<h3>Caract\u00e9ristiques de l'article<\/h3>\n<p>Artikelzustand: Neu mit Etikett - Neuer, unbenutzter und nicht getragener Artikel in der Originalverpackung<\/p>\n<table dir=\"ltr\" border=\"1\" cellspacing=\"0\" cellpadding=\"0\">\n<colgroup>\n<col width=\"203\" \/>\n<col width=\"259\" \/><\/colgroup>\n<tbody>\n<tr>\n<td data-sheets-value=\"{&quot;1&quot;:2,&quot;2&quot;:&quot;Beschreibung des Paketinhalts:&quot;}\">Beschreibung des Paketinhalts:<\/td>\n<td data-sheets-value=\"{&quot;1&quot;:2,&quot;2&quot;:&quot;1x Geschirrtuch&quot;}\">1x Geschirrtuch<\/td>\n<\/tr>\n<tr>\n<td data-sheets-value=\"{&quot;1&quot;:2,&quot;2&quot;:&quot;Breite:&quot;}\">Breite:<\/td>\n<td data-sheets-value=\"{&quot;1&quot;:2,&quot;2&quot;:&quot;34 cm&quot;}\">34 cm<\/td>\n<\/tr>\n<tr>\n<td data-sheets-value=\"{&quot;1&quot;:2,&quot;2&quot;:&quot;EAN:&quot;}\">EAN:<\/td>\n<td data-sheets-value=\"{&quot;1&quot;:3,&quot;3&quot;:5711586100392}\">5711586100392<\/td>\n<\/tr>\n<tr>\n<td data-sheets-value=\"{&quot;1&quot;:2,&quot;2&quot;:&quot;Farbe:&quot;}\">couleur :<\/td>\n<td data-sheets-value=\"{&quot;1&quot;:2,&quot;2&quot;:&quot;Bordeaux Rot&quot;}\">Bordeaux Rot<\/td>\n<\/tr>\n<tr>\n<td data-sheets-value=\"{&quot;1&quot;:2,&quot;2&quot;:&quot;Gewicht:&quot;}\">Gewicht:<\/td>\n<td data-sheets-value=\"{&quot;1&quot;:2,&quot;2&quot;:&quot;100 g&quot;}\">100 g<\/td>\n<\/tr>\n<tr>\n<td data-sheets-value=\"{&quot;1&quot;:2,&quot;2&quot;:&quot;Gr\u00f6\u00dfe:&quot;}\">taille :<\/td>\n<td data-sheets-value=\"{&quot;1&quot;:2,&quot;2&quot;:&quot;34 x 49 cm&quot;}\">34 x 49 cm<\/td>\n<\/tr>\n<tr>\n<td data-sheets-value=\"{&quot;1&quot;:2,&quot;2&quot;:&quot;Herstellernummer:&quot;}\">Herstellernummer:<\/td>\n<td data-sheets-value=\"{&quot;1&quot;:2,&quot;2&quot;:&quot;H79&quot;}\">H79<\/td>\n<\/tr>\n<tr>\n<td data-sheets-value=\"{&quot;1&quot;:2,&quot;2&quot;:&quot;L\u00e4nge:&quot;}\">L\u00e4nge:<\/td>\n<td data-sheets-value=\"{&quot;1&quot;:2,&quot;2&quot;:&quot;49 cm&quot;}\">49 cm<\/td>\n<\/tr>\n<tr>\n<td data-sheets-value=\"{&quot;1&quot;:2,&quot;2&quot;:&quot;Marke:&quot;}\">Marke:<\/td>\n<td data-sheets-value=\"{&quot;1&quot;:2,&quot;2&quot;:&quot;Solwang&quot;}\">Solwang<\/td>\n<\/tr>\n<tr>\n<td data-sheets-value=\"{&quot;1&quot;:2,&quot;2&quot;:&quot;Material:&quot;}\">mat\u00e9riel :<\/td>\n<td data-sheets-value=\"{&quot;1&quot;:2,&quot;2&quot;:&quot;100% Baumwolle&quot;}\">100% Coton<\/td>\n<\/tr>\n<tr>\n<td data-sheets-value=\"{&quot;1&quot;:2,&quot;2&quot;:&quot;Produktart:&quot;}\">Produktart:<\/td>\n<td data-sheets-value=\"{&quot;1&quot;:2,&quot;2&quot;:&quot;Geschirrt\u00fccher&quot;}\">Geschirrt\u00fccher<\/td>\n<\/tr>\n<tr>\n<td data-sheets-value=\"{&quot;1&quot;:2,&quot;2&quot;:&quot;Produktlinie:&quot;}\">Produktlinie:<\/td>\n<td data-sheets-value=\"{&quot;1&quot;:2,&quot;2&quot;:&quot;Solwang Handt\u00fccher&quot;}\">Solwang Handt\u00fccher<\/td>\n<\/tr>\n<tr>\n<td data-sheets-value=\"{&quot;1&quot;:2,&quot;2&quot;:&quot;Thema:&quot;}\">Thema:<\/td>\n<td data-sheets-value=\"{&quot;1&quot;:2,&quot;2&quot;:&quot;Essen\/K\u00fcche&quot;}\">Essen\/K\u00fcche<\/td>\n<\/tr>\n<\/tbody>\n<\/table>","protected":false},"featured_media":78689,"comment_status":"open","ping_status":"closed","template":"","meta":{"_seopress_robots_primary_cat":"","_seopress_titles_title":"","_seopress_titles_desc":"","_seopress_robots_index":""},"product_brand":[],"product_cat":[1400,1401],"product_tag":[],"class_list":{"0":"post-78581","1":"product","2":"type-product","3":"status-publish","4":"has-post-thumbnail","6":"product_cat-wohnzubehoer","7":"product_cat-haushaltswaren","8":"product_shipping_class-standard-versand","10":"first","11":"instock","12":"sale","13":"taxable","14":"shipping-taxable","15":"purchasable","16":"product-type-simple"},"_links":{"self":[{"href":"https:\/\/www.soanam.de\/fr\/wp-json\/wp\/v2\/product\/78581","targetHints":{"allow":["GET"]}}],"collection":[{"href":"https:\/\/www.soanam.de\/fr\/wp-json\/wp\/v2\/product"}],"about":[{"href":"https:\/\/www.soanam.de\/fr\/wp-json\/wp\/v2\/types\/product"}],"replies":[{"embeddable":true,"href":"https:\/\/www.soanam.de\/fr\/wp-json\/wp\/v2\/comments?post=78581"}],"wp:featuredmedia":[{"embeddable":true,"href":"https:\/\/www.soanam.de\/fr\/wp-json\/wp\/v2\/media\/78689"}],"wp:attachment":[{"href":"https:\/\/www.soanam.de\/fr\/wp-json\/wp\/v2\/media?parent=78581"}],"wp:term":[{"taxonomy":"product_brand","embeddable":true,"href":"https:\/\/www.soanam.de\/fr\/wp-json\/wp\/v2\/product_brand?post=78581"},{"taxonomy":"product_cat","embeddable":true,"href":"https:\/\/www.soanam.de\/fr\/wp-json\/wp\/v2\/product_cat?post=78581"},{"taxonomy":"product_tag","embeddable":true,"href":"https:\/\/www.soanam.de\/fr\/wp-json\/wp\/v2\/product_tag?post=78581"}],"curies":[{"name":"wp","href":"https:\/\/api.w.org\/{rel}","templated":true}]}}