{"id":78579,"date":"2023-12-13T21:22:22","date_gmt":"2023-12-13T20:22:22","guid":{"rendered":"https:\/\/www.soanam.de\/?post_type=product&#038;p=78579"},"modified":"2023-12-13T21:24:23","modified_gmt":"2023-12-13T20:24:23","slug":"triumph-shapingtop-trendy-sensation-shirt-01-en-noir-taille-m","status":"publish","type":"product","link":"https:\/\/www.soanam.de\/fr\/produkt\/triumph-shapingtop-trendy-sensation-shirt-01-in-schwarz-groesse-m\/","title":{"rendered":"Top sculptant Triumph - Trendy Sensation Shirt 01, en noir, taille M"},"content":{"rendered":"<p>Top modelant de Triumph<br \/>\nRessemble \u00e0 un top de base<br \/>\nbretelles r\u00e9glables individuellement en longueur<br \/>\nle mat\u00e9riau renforc\u00e9 au niveau de la taille cr\u00e9e un ventre plat et une silhouette \u00e9lanc\u00e9e<br \/>\nMat\u00e9riau agr\u00e9able \u00e0 porter en microfibre douce et \u00e9lastique<\/p>\n<p>Le haut sculptant \"Trendy Sensation Shirt01\" de Triumph vous fait une silhouette parfaite. Gr\u00e2ce \u00e0 ses renforts au niveau de la taille et du ventre, ce haut affine la silhouette et aplatit le ventre. Les fines bretelles sont r\u00e9glables individuellement et le mat\u00e9riau agr\u00e9able en microfibre douce et extensible le rend incroyablement confortable.<\/p>\n<p>Mati\u00e8re : 87% polyamide, 13% \u00e9lasthanne LYCRA\u00ae.<br \/>\nConseils d'entretien : Lavage \u00e0 la main<\/p>\n<p>couleur : noir<br \/>\n\u00c9chantillon : sans<br \/>\nTaille : M<\/p>\n<p>Largeur des \u00e9paules : non applicable<br \/>\nTour de poitrine : 74cm<br \/>\nLongueur des manches : non applicable<br \/>\nlongueur totale : 61cm<\/p>","protected":false},"excerpt":{"rendered":"<table class=\"dv_characteristicsTable\">\n<tbody>\n<tr>\n<td class=\"left\">Taille<\/td>\n<td>M<\/td>\n<\/tr>\n<tr>\n<td class=\"left\">Gr\u00f6\u00dfentyp<\/td>\n<td>Normalgr\u00f6\u00dfen<\/td>\n<\/tr>\n<tr>\n<td class=\"left\">Composition du mat\u00e9riau<\/td>\n<td>Obermaterial: 87% Polyamid, 13% Elasthan LYCRA\u00ae<\/td>\n<\/tr>\n<tr>\n<td class=\"left\">Materialeigenschaften<\/td>\n<td>Lycra<\/td>\n<\/tr>\n<tr>\n<td class=\"left\">Conseils d'entretien<\/td>\n<td>Lavage \u00e0 la main<\/td>\n<\/tr>\n<tr>\n<td class=\"left\">Stil<\/td>\n<td>Basic<\/td>\n<\/tr>\n<tr>\n<td class=\"left\">Couleur<\/td>\n<td>schwarz<\/td>\n<\/tr>\n<tr>\n<td class=\"left\">Porteur<\/td>\n<td>Spaghettitr\u00e4ger<\/td>\n<\/tr>\n<tr>\n<td class=\"left\">Tr\u00e4gerdetails<\/td>\n<td>verstellbar<\/td>\n<\/tr>\n<tr>\n<td class=\"left\">Verschluss<\/td>\n<td>ohne Verschluss<\/td>\n<\/tr>\n<tr>\n<td class=\"left\">Besondere Merkmale<\/td>\n<td>mit Spaghettitr\u00e4gern<\/td>\n<\/tr>\n<\/tbody>\n<\/table>","protected":false},"featured_media":78683,"comment_status":"open","ping_status":"closed","template":"","meta":{"_seopress_robots_primary_cat":"","_seopress_titles_title":"","_seopress_titles_desc":"","_seopress_robots_index":""},"product_brand":[],"product_cat":[1348,1458,1459],"product_tag":[],"class_list":{"0":"post-78579","1":"product","2":"type-product","3":"status-publish","4":"has-post-thumbnail","6":"product_cat-damen-mode","7":"product_cat-shirts-damen-mode","8":"product_cat-tops-shirts-damen-mode","9":"product_shipping_class-standard-versand","11":"first","12":"instock","13":"taxable","14":"shipping-taxable","15":"purchasable","16":"product-type-simple"},"_links":{"self":[{"href":"https:\/\/www.soanam.de\/fr\/wp-json\/wp\/v2\/product\/78579","targetHints":{"allow":["GET"]}}],"collection":[{"href":"https:\/\/www.soanam.de\/fr\/wp-json\/wp\/v2\/product"}],"about":[{"href":"https:\/\/www.soanam.de\/fr\/wp-json\/wp\/v2\/types\/product"}],"replies":[{"embeddable":true,"href":"https:\/\/www.soanam.de\/fr\/wp-json\/wp\/v2\/comments?post=78579"}],"wp:featuredmedia":[{"embeddable":true,"href":"https:\/\/www.soanam.de\/fr\/wp-json\/wp\/v2\/media\/78683"}],"wp:attachment":[{"href":"https:\/\/www.soanam.de\/fr\/wp-json\/wp\/v2\/media?parent=78579"}],"wp:term":[{"taxonomy":"product_brand","embeddable":true,"href":"https:\/\/www.soanam.de\/fr\/wp-json\/wp\/v2\/product_brand?post=78579"},{"taxonomy":"product_cat","embeddable":true,"href":"https:\/\/www.soanam.de\/fr\/wp-json\/wp\/v2\/product_cat?post=78579"},{"taxonomy":"product_tag","embeddable":true,"href":"https:\/\/www.soanam.de\/fr\/wp-json\/wp\/v2\/product_tag?post=78579"}],"curies":[{"name":"wp","href":"https:\/\/api.w.org\/{rel}","templated":true}]}}