{"id":78561,"date":"2023-12-13T21:21:59","date_gmt":"2023-12-13T20:21:59","guid":{"rendered":"https:\/\/www.soanam.de\/?post_type=product&#038;p=78561"},"modified":"2023-12-13T21:24:08","modified_gmt":"2023-12-13T20:24:08","slug":"arizona-t-shirt-mit-vorderprint-in-blau-groesse-xxl-60-62","status":"publish","type":"product","link":"https:\/\/www.soanam.de\/fr\/produkt\/arizona-t-shirt-mit-vorderprint-in-blau-groesse-xxl-60-62\/","title":{"rendered":"T-shirt Arizona avec impression sur le devant, en bleu, taille XXL ( 60\/62 )"},"content":{"rendered":"<p>Herren T-Shirt von Arizona mit gro\u00dfem Frontprint<br \/>\nRegular-fit\/ forme normale<br \/>\nEncolure ronde<br \/>\nKomfort durch reine Baumwolle<\/p>\n<p>Der Frontprint mit Schriftz\u00fcgen und Motorrad machen das klassische Rundhalsausschnitt Shirt zum locker-l\u00e4ssigen Begleiter, das aufgrund der trageangenehmen Baumwollqualit\u00e4t und dert bequemen Passform ein Begleiter f\u00fcr jeden Tag werden k\u00f6nnte.<\/p>\n<p>Mati\u00e8re : 100% coton<br \/>\nConseils d'entretien : Lavage en machine<\/p>\n<p>couleur : bleu<br \/>\nMuster: modischer Print<br \/>\nGr\u00f6\u00dfe: 60\/62<\/p>\n<p>largeur des \u00e9paules : 60cm<br \/>\nTour de poitrine : 134cm<br \/>\nLongueur des manches : 22cm<br \/>\nlongueur totale : 76cm<\/p>","protected":false},"excerpt":{"rendered":"<table class=\"dv_characteristicsTable\">\n<tbody>\n<tr>\n<td class=\"left\">Taille<\/td>\n<td>XXL (60\/62)<\/td>\n<\/tr>\n<tr>\n<td class=\"left\">Gr\u00f6\u00dfentyp<\/td>\n<td>Normalgr\u00f6\u00dfen<\/td>\n<\/tr>\n<tr>\n<td class=\"left\">Composition du mat\u00e9riau<\/td>\n<td>Obermaterial: 100% Baumwolle<\/td>\n<\/tr>\n<tr>\n<td class=\"left\">Materialart<\/td>\n<td>Single Jersey<\/td>\n<\/tr>\n<tr>\n<td class=\"left\">Conseils d'entretien<\/td>\n<td>Lavage en machine<\/td>\n<\/tr>\n<tr>\n<td class=\"left\">Optik<\/td>\n<td>bedruckt<\/td>\n<\/tr>\n<tr>\n<td class=\"left\">Couleur<\/td>\n<td>blau<\/td>\n<\/tr>\n<tr>\n<td class=\"left\">Ausschnitt<\/td>\n<td>Rundhals<\/td>\n<\/tr>\n<tr>\n<td class=\"left\">\u00c4rmel<\/td>\n<td>Manches courtes<\/td>\n<\/tr>\n<tr>\n<td class=\"left\">Rumpfabschluss<\/td>\n<td>gerader Abschluss<\/td>\n<\/tr>\n<tr>\n<td class=\"left\">Coupe<\/td>\n<td>normal<\/td>\n<\/tr>\n<tr>\n<td class=\"left\">Besondere Merkmale<\/td>\n<td>mit modischem Print<\/td>\n<\/tr>\n<\/tbody>\n<\/table>","protected":false},"featured_media":78668,"comment_status":"open","ping_status":"closed","template":"","meta":{"_seopress_robots_primary_cat":"","_seopress_titles_title":"","_seopress_titles_desc":"","_seopress_robots_index":""},"product_brand":[],"product_cat":[1345,1475,1478],"product_tag":[],"class_list":{"0":"post-78561","1":"product","2":"type-product","3":"status-publish","4":"has-post-thumbnail","6":"product_cat-herrenmode","7":"product_cat-shirts-herrenmode","8":"product_cat-t-shirts-shirts-herrenmode","9":"product_shipping_class-standard-versand","11":"first","12":"instock","13":"sale","14":"taxable","15":"shipping-taxable","16":"purchasable","17":"product-type-simple"},"_links":{"self":[{"href":"https:\/\/www.soanam.de\/fr\/wp-json\/wp\/v2\/product\/78561","targetHints":{"allow":["GET"]}}],"collection":[{"href":"https:\/\/www.soanam.de\/fr\/wp-json\/wp\/v2\/product"}],"about":[{"href":"https:\/\/www.soanam.de\/fr\/wp-json\/wp\/v2\/types\/product"}],"replies":[{"embeddable":true,"href":"https:\/\/www.soanam.de\/fr\/wp-json\/wp\/v2\/comments?post=78561"}],"wp:featuredmedia":[{"embeddable":true,"href":"https:\/\/www.soanam.de\/fr\/wp-json\/wp\/v2\/media\/78668"}],"wp:attachment":[{"href":"https:\/\/www.soanam.de\/fr\/wp-json\/wp\/v2\/media?parent=78561"}],"wp:term":[{"taxonomy":"product_brand","embeddable":true,"href":"https:\/\/www.soanam.de\/fr\/wp-json\/wp\/v2\/product_brand?post=78561"},{"taxonomy":"product_cat","embeddable":true,"href":"https:\/\/www.soanam.de\/fr\/wp-json\/wp\/v2\/product_cat?post=78561"},{"taxonomy":"product_tag","embeddable":true,"href":"https:\/\/www.soanam.de\/fr\/wp-json\/wp\/v2\/product_tag?post=78561"}],"curies":[{"name":"wp","href":"https:\/\/api.w.org\/{rel}","templated":true}]}}