{"id":78557,"date":"2023-12-13T21:21:57","date_gmt":"2023-12-13T20:21:57","guid":{"rendered":"https:\/\/www.soanam.de\/?post_type=product&#038;p=78557"},"modified":"2023-12-13T21:23:52","modified_gmt":"2023-12-13T20:23:52","slug":"lascana-t-shirt-3-4-arm-im-2er-pack-in-rot-und-grau-groesse-36-38","status":"publish","type":"product","link":"https:\/\/www.soanam.de\/fr\/produkt\/lascana-t-shirt-3-4-arm-im-2er-pack-in-rot-und-grau-groesse-36-38\/","title":{"rendered":"LASCANA T-Shirt 3\/4 Arm im 2er Pack, in Rot und Grau, Gr\u00f6\u00dfe 36\/38"},"content":{"rendered":"<p>3\/4 Arm Shirt im 2er Pack von LASCANA<br \/>\nMit kleinem Knotendetail und Cut Out am \u00c4rmel<br \/>\nMit floralem Allover-Druck<br \/>\nAus weich flie\u00dfender Viskose-Qualit\u00e4t<\/p>\n<p>Das florale Print, aber auch die tollen Knotendetails am \u00c4rmelabschluss inklusive Cut-outs machen diese Lascana shirts aus weich flie\u00dfender Viskose-Qualit\u00e4t zu etwas ganz Besonderem.<br \/>\nSch\u00f6n, dass es sie gleich im Doppelpack gibt.<\/p>\n<p>Mati\u00e8re : 95% viscose LENZING\u2122 ECOVERO\u2122, 5% \u00e9lasthanne<br \/>\nConseils d'entretien : Lavage en machine<\/p>\n<p>Farbe: rot, grau<br \/>\nmotif : fleurs<br \/>\nTaille : 36\/38<\/p>\n<p>Largeur des \u00e9paules : 38cm<br \/>\nTour de poitrine : 96cm<br \/>\nLongueur des manches : 45cm<br \/>\nlongueur totale : 62cm<\/p>\n<p>Il s'agit pour ce nouvel article d'un retour client sans \u00e9tiquette.<\/p>","protected":false},"excerpt":{"rendered":"<table class=\"dv_characteristicsTable\">\n<tbody>\n<tr>\n<td class=\"left\">Taille<\/td>\n<td>36\/38<\/td>\n<\/tr>\n<tr>\n<td class=\"left\">Gr\u00f6\u00dfentyp<\/td>\n<td>Normalgr\u00f6\u00dfen<\/td>\n<\/tr>\n<tr>\n<td class=\"left\">Composition du mat\u00e9riau<\/td>\n<td>Obermaterial: 95% Viskose LENZING\u2122 ECOVERO\u2122, 5% Elasthan<\/td>\n<\/tr>\n<tr>\n<td class=\"left\">Conseils d'entretien<\/td>\n<td>Lavage en machine<\/td>\n<\/tr>\n<tr>\n<td class=\"left\">Optik<\/td>\n<td>bedruckt<\/td>\n<\/tr>\n<tr>\n<td class=\"left\">Couleur<\/td>\n<td>rot<\/td>\n<\/tr>\n<tr>\n<td class=\"left\">Farbe Packst\u00fcck 2<\/td>\n<td>dunkelgrau<\/td>\n<\/tr>\n<tr>\n<td class=\"left\">\u00c4rmel<\/td>\n<td>Manches courtes<\/td>\n<\/tr>\n<tr>\n<td class=\"left\">\u00c4rmeldetails<\/td>\n<td>mit Cut Outs<\/td>\n<\/tr>\n<tr>\n<td class=\"left\">Rumpfabschluss<\/td>\n<td>elastischer Bund<\/td>\n<\/tr>\n<tr>\n<td class=\"left\">Besondere Merkmale<\/td>\n<td>mit kleinem Cut-Out am \u00c4rmel<\/td>\n<\/tr>\n<\/tbody>\n<\/table>","protected":false},"featured_media":78654,"comment_status":"open","ping_status":"closed","template":"","meta":{"_seopress_robots_primary_cat":"","_seopress_titles_title":"","_seopress_titles_desc":"","_seopress_robots_index":""},"product_brand":[],"product_cat":[1348,1456,1479],"product_tag":[],"class_list":{"0":"post-78557","1":"product","2":"type-product","3":"status-publish","4":"has-post-thumbnail","6":"product_cat-damen-mode","7":"product_cat-pullover-sweater","8":"product_cat-langarmshirts","9":"product_shipping_class-standard-versand","11":"first","12":"instock","13":"sale","14":"taxable","15":"shipping-taxable","16":"purchasable","17":"product-type-simple"},"_links":{"self":[{"href":"https:\/\/www.soanam.de\/fr\/wp-json\/wp\/v2\/product\/78557","targetHints":{"allow":["GET"]}}],"collection":[{"href":"https:\/\/www.soanam.de\/fr\/wp-json\/wp\/v2\/product"}],"about":[{"href":"https:\/\/www.soanam.de\/fr\/wp-json\/wp\/v2\/types\/product"}],"replies":[{"embeddable":true,"href":"https:\/\/www.soanam.de\/fr\/wp-json\/wp\/v2\/comments?post=78557"}],"wp:featuredmedia":[{"embeddable":true,"href":"https:\/\/www.soanam.de\/fr\/wp-json\/wp\/v2\/media\/78654"}],"wp:attachment":[{"href":"https:\/\/www.soanam.de\/fr\/wp-json\/wp\/v2\/media?parent=78557"}],"wp:term":[{"taxonomy":"product_brand","embeddable":true,"href":"https:\/\/www.soanam.de\/fr\/wp-json\/wp\/v2\/product_brand?post=78557"},{"taxonomy":"product_cat","embeddable":true,"href":"https:\/\/www.soanam.de\/fr\/wp-json\/wp\/v2\/product_cat?post=78557"},{"taxonomy":"product_tag","embeddable":true,"href":"https:\/\/www.soanam.de\/fr\/wp-json\/wp\/v2\/product_tag?post=78557"}],"curies":[{"name":"wp","href":"https:\/\/api.w.org\/{rel}","templated":true}]}}