{"id":78538,"date":"2023-12-13T21:21:32","date_gmt":"2023-12-13T20:21:32","guid":{"rendered":"https:\/\/www.soanam.de\/?post_type=product&#038;p=78538"},"modified":"2023-12-13T21:23:41","modified_gmt":"2023-12-13T20:23:41","slug":"lascana-t-shirt-en-cotte-de-mailles-blanche-taille-36-38","status":"publish","type":"product","link":"https:\/\/www.soanam.de\/fr\/produkt\/lascana-t-shirt-aus-weicher-rippware-in-weiss-groesse-36-38\/","title":{"rendered":"LASCANA T-shirt en c\u00f4tel\u00e9e douce, blanc, taille 36\/38"},"content":{"rendered":"<p>T-shirt basique de LASCANA<br \/>\nCoupe pr\u00e8s du corps<br \/>\nEncolure ronde<br \/>\nEn tissu c\u00f4tel\u00e9 doux<\/p>\n<p>Le t-shirt basique de Lascana, travaill\u00e9 pr\u00e8s du corps, en tissu c\u00f4tel\u00e9 doux, est super confortable et en m\u00eame temps tr\u00e8s esth\u00e9tique.<br \/>\nUn classique pour tous les jours, dont tu ne pourras pas te passer.<\/p>\n<p>Mati\u00e8re : 95% viscose, 5% \u00e9lasthanne<br \/>\nConseils d'entretien : Lavage en machine<\/p>\n<p>couleur : blanc<br \/>\n\u00c9chantillon : sans<br \/>\nTaille : 36\/38<\/p>\n<p>Largeur des \u00e9paules : 37cm<br \/>\nTour de poitrine : 78cm<br \/>\nLongueur des manches : 17cm<br \/>\nlongueur totale : 58cm<\/p>","protected":false},"excerpt":{"rendered":"<table class=\"dv_characteristicsTable\" style=\"height: 317px;\" width=\"552\">\n<tbody>\n<tr>\n<td class=\"left\">Taille<\/td>\n<td>36\/38<\/td>\n<\/tr>\n<tr>\n<td class=\"left\">Gr\u00f6\u00dfentyp<\/td>\n<td>Normalgr\u00f6\u00dfen<\/td>\n<\/tr>\n<tr>\n<td class=\"left\">Composition du mat\u00e9riau<\/td>\n<td>Obermaterial: 95% Viskose, 5% Elasthan<\/td>\n<\/tr>\n<tr>\n<td class=\"left\">Materialart<\/td>\n<td>Rippware<\/td>\n<\/tr>\n<tr>\n<td class=\"left\">Materialeigenschaften<\/td>\n<td>Stretch<\/td>\n<\/tr>\n<tr>\n<td class=\"left\">Conseils d'entretien<\/td>\n<td>Lavage en machine<\/td>\n<\/tr>\n<tr>\n<td class=\"left\">Optik<\/td>\n<td>unifarben<\/td>\n<\/tr>\n<tr>\n<td class=\"left\">Stil<\/td>\n<td>casual<\/td>\n<\/tr>\n<tr>\n<td class=\"left\">Couleur<\/td>\n<td>wei\u00df<\/td>\n<\/tr>\n<\/tbody>\n<\/table>\n<table class=\"dv_characteristicsTable\" style=\"height: 184px;\" width=\"335\">\n<tbody>\n<tr>\n<td class=\"left\">Ausschnitt<\/td>\n<td>Rundhals<\/td>\n<\/tr>\n<tr>\n<td class=\"left\">\u00c4rmel<\/td>\n<td>Manches courtes<\/td>\n<\/tr>\n<tr>\n<td class=\"left\">Rumpfabschluss<\/td>\n<td>gerader Abschluss<\/td>\n<\/tr>\n<tr>\n<td class=\"left\">Coupe<\/td>\n<td>figurbetont<\/td>\n<\/tr>\n<tr>\n<td class=\"left\">Schnittform L\u00e4nge<\/td>\n<td>h\u00fcftlang<\/td>\n<\/tr>\n<tr>\n<td class=\"left\">Besondere Merkmale<\/td>\n<td>aus weicher Rippware<\/td>\n<\/tr>\n<\/tbody>\n<\/table>","protected":false},"featured_media":78646,"comment_status":"open","ping_status":"closed","template":"","meta":{"_seopress_robots_primary_cat":"","_seopress_titles_title":"","_seopress_titles_desc":"","_seopress_robots_index":""},"product_brand":[],"product_cat":[1348,1458,1477],"product_tag":[],"class_list":{"0":"post-78538","1":"product","2":"type-product","3":"status-publish","4":"has-post-thumbnail","6":"product_cat-damen-mode","7":"product_cat-shirts-damen-mode","8":"product_cat-t-shirts-shirts-damen-mode","9":"product_shipping_class-standard-versand","11":"first","12":"instock","13":"sale","14":"taxable","15":"shipping-taxable","16":"purchasable","17":"product-type-simple"},"_links":{"self":[{"href":"https:\/\/www.soanam.de\/fr\/wp-json\/wp\/v2\/product\/78538","targetHints":{"allow":["GET"]}}],"collection":[{"href":"https:\/\/www.soanam.de\/fr\/wp-json\/wp\/v2\/product"}],"about":[{"href":"https:\/\/www.soanam.de\/fr\/wp-json\/wp\/v2\/types\/product"}],"replies":[{"embeddable":true,"href":"https:\/\/www.soanam.de\/fr\/wp-json\/wp\/v2\/comments?post=78538"}],"wp:featuredmedia":[{"embeddable":true,"href":"https:\/\/www.soanam.de\/fr\/wp-json\/wp\/v2\/media\/78646"}],"wp:attachment":[{"href":"https:\/\/www.soanam.de\/fr\/wp-json\/wp\/v2\/media?parent=78538"}],"wp:term":[{"taxonomy":"product_brand","embeddable":true,"href":"https:\/\/www.soanam.de\/fr\/wp-json\/wp\/v2\/product_brand?post=78538"},{"taxonomy":"product_cat","embeddable":true,"href":"https:\/\/www.soanam.de\/fr\/wp-json\/wp\/v2\/product_cat?post=78538"},{"taxonomy":"product_tag","embeddable":true,"href":"https:\/\/www.soanam.de\/fr\/wp-json\/wp\/v2\/product_tag?post=78538"}],"curies":[{"name":"wp","href":"https:\/\/api.w.org\/{rel}","templated":true}]}}