{"id":78532,"date":"2023-12-13T21:21:29","date_gmt":"2023-12-13T20:21:29","guid":{"rendered":"https:\/\/www.soanam.de\/?post_type=product&#038;p=78532"},"modified":"2023-12-13T21:23:12","modified_gmt":"2023-12-13T20:23:12","slug":"vivance-chemise-3-4-manches-avec-manchettes-marine-taille-36-38","status":"publish","type":"product","link":"https:\/\/www.soanam.de\/fr\/produkt\/vivance-3-4-arm-shirt-mit-manschetten-in-navy-groesse-36-38\/","title":{"rendered":"T-shirt manches 3\/4 Vivance, marine, taille 36\/38"},"content":{"rendered":"<p>T-shirt Vivance \u00e0 encolure ronde<br \/>\nmanches 3\/4 avec poignets tendance et boutons dor\u00e9s<br \/>\nAvec ourlet \u00e9lastique<br \/>\nQualit\u00e9 douce et fluide en viscose avec une part de stretch<\/p>\n<p>Le t-shirt \u00e0 col rond de Vivance s\u00e9duit par ses manches trois-quarts rattach\u00e9es, \u00e0 l'extr\u00e9mit\u00e9 desquelles se trouvent des manchettes au design \u00e9l\u00e9gant, avec un bouton brillant.<br \/>\nLa qualit\u00e9 douce et fluide en viscose avec une part de stretch est con\u00e7ue dans une forme classique de base et est merveilleusement all\u00e9g\u00e9e par l'ourlet \u00e9lastique.<\/p>\n<p>Mati\u00e8re : 95% viscose LENZING\u2122 ECOVERO\u2122, 5% \u00e9lasthanne<br \/>\nConseils d'entretien : Lavage en machine<\/p>\n<p>couleur : navy<br \/>\n\u00c9chantillon : sans<br \/>\nTaille : 36\/38<\/p>\n<p>Largeur des \u00e9paules : 74cnm<br \/>\nTour de poitrine : 94cm<br \/>\nLongueur des manches : 46cm<br \/>\nlongueur totale : 61cm<\/p>\n<p>Il s'agit pour ce nouvel article d'un retour client sans \u00e9tiquette.<\/p>","protected":false},"excerpt":{"rendered":"<table class=\"dv_characteristicsTable\">\n<tbody>\n<tr>\n<td class=\"left\">Taille<\/td>\n<td>36\/38<\/td>\n<\/tr>\n<tr>\n<td class=\"left\">Gr\u00f6\u00dfentyp<\/td>\n<td>Normalgr\u00f6\u00dfen<\/td>\n<\/tr>\n<tr>\n<td class=\"left\">Composition du mat\u00e9riau<\/td>\n<td>Obermaterial: 95% Viskose LENZING\u2122 ECOVERO\u2122, 5% Elasthan<\/td>\n<\/tr>\n<tr>\n<td class=\"left\">Conseils d'entretien<\/td>\n<td>Lavage en machine<\/td>\n<\/tr>\n<tr>\n<td class=\"left\">Couleur<\/td>\n<td>navy<\/td>\n<\/tr>\n<tr>\n<td class=\"left\">\u00c4rmel<\/td>\n<td>3\/4-\u00c4rmel<\/td>\n<\/tr>\n<tr>\n<td class=\"left\">Rumpfabschluss<\/td>\n<td>elastischer Bund<\/td>\n<\/tr>\n<tr>\n<td class=\"left\">Besondere Merkmale<\/td>\n<td>mit modischen Manschetten und goldfarbenen Kn\u00f6pfen<\/td>\n<\/tr>\n<\/tbody>\n<\/table>","protected":false},"featured_media":78620,"comment_status":"open","ping_status":"closed","template":"","meta":{"_seopress_robots_primary_cat":"","_seopress_titles_title":"","_seopress_titles_desc":"","_seopress_robots_index":""},"product_brand":[],"product_cat":[1348,1456,1479],"product_tag":[],"class_list":{"0":"post-78532","1":"product","2":"type-product","3":"status-publish","4":"has-post-thumbnail","6":"product_cat-damen-mode","7":"product_cat-pullover-sweater","8":"product_cat-langarmshirts","9":"product_shipping_class-standard-versand","11":"first","12":"instock","13":"sale","14":"taxable","15":"shipping-taxable","16":"purchasable","17":"product-type-simple"},"_links":{"self":[{"href":"https:\/\/www.soanam.de\/fr\/wp-json\/wp\/v2\/product\/78532","targetHints":{"allow":["GET"]}}],"collection":[{"href":"https:\/\/www.soanam.de\/fr\/wp-json\/wp\/v2\/product"}],"about":[{"href":"https:\/\/www.soanam.de\/fr\/wp-json\/wp\/v2\/types\/product"}],"replies":[{"embeddable":true,"href":"https:\/\/www.soanam.de\/fr\/wp-json\/wp\/v2\/comments?post=78532"}],"wp:featuredmedia":[{"embeddable":true,"href":"https:\/\/www.soanam.de\/fr\/wp-json\/wp\/v2\/media\/78620"}],"wp:attachment":[{"href":"https:\/\/www.soanam.de\/fr\/wp-json\/wp\/v2\/media?parent=78532"}],"wp:term":[{"taxonomy":"product_brand","embeddable":true,"href":"https:\/\/www.soanam.de\/fr\/wp-json\/wp\/v2\/product_brand?post=78532"},{"taxonomy":"product_cat","embeddable":true,"href":"https:\/\/www.soanam.de\/fr\/wp-json\/wp\/v2\/product_cat?post=78532"},{"taxonomy":"product_tag","embeddable":true,"href":"https:\/\/www.soanam.de\/fr\/wp-json\/wp\/v2\/product_tag?post=78532"}],"curies":[{"name":"wp","href":"https:\/\/api.w.org\/{rel}","templated":true}]}}