{"id":78470,"date":"2023-12-13T21:20:11","date_gmt":"2023-12-13T20:20:11","guid":{"rendered":"https:\/\/www.soanam.de\/?post_type=product&#038;p=78470"},"modified":"2023-12-13T21:22:14","modified_gmt":"2023-12-13T20:22:14","slug":"melrose-tanktop-mit-glitzersteinen-schwarz-groesse-34","status":"publish","type":"product","link":"https:\/\/www.soanam.de\/fr\/produkt\/melrose-tanktop-mit-glitzersteinen-schwarz-groesse-34\/","title":{"rendered":"Melrose D\u00e9bardeur avec pierres scintillantes, noir, taille 34"},"content":{"rendered":"<p>Glitzertop von MELROSE<br \/>\nMit Glitzersteinen in Herz-Optik<br \/>\nIn sehr k\u00f6rpernaher Passform<br \/>\nAus weichem, elastischen Jersey<\/p>\n<p>Mit schillernden Nieten und einem ziervollen Dekor pr\u00e4sentiert sich das elegante Top von Melrose.<br \/>\nNeben einem weiten Rundhalsausschnitt und breiten Tr\u00e4gern, sorgt die elastische, leichte Jerseyqualit\u00e4t f\u00fcr einen wohligen Komfort.<\/p>\n<p>Mati\u00e8re : 95% viscose, 5% \u00e9lasthanne<br \/>\nConseils d'entretien : Lavage d\u00e9licat<\/p>\n<p>couleur : noir<br \/>\nMuster: Glitzersteinen im Herz-Design<br \/>\nTaille : 34<\/p>\n<p>Largeur des \u00e9paules : non applicable<br \/>\nTour de poitrine : 72cm<br \/>\nLongueur des manches : non applicable<br \/>\nlongueur totale : 60cm<\/p>","protected":false},"excerpt":{"rendered":"<table class=\"dv_characteristicsTable\">\n<tbody>\n<tr>\n<td class=\"left\">Taille<\/td>\n<td>34<\/td>\n<\/tr>\n<tr>\n<td class=\"left\">Gr\u00f6\u00dfentyp<\/td>\n<td>Normalgr\u00f6\u00dfen<\/td>\n<\/tr>\n<tr>\n<td class=\"left\">Composition du mat\u00e9riau<\/td>\n<td>Obermaterial: 95% Viskose, 5% Elasthan<\/td>\n<\/tr>\n<tr>\n<td class=\"left\">Materialart<\/td>\n<td>Jersey<\/td>\n<\/tr>\n<tr>\n<td class=\"left\">Materialeigenschaften<\/td>\n<td>elastisch<\/td>\n<\/tr>\n<tr>\n<td class=\"left\">Conseils d'entretien<\/td>\n<td>Schonw\u00e4sche<\/td>\n<\/tr>\n<tr>\n<td class=\"left\">Stil<\/td>\n<td>elegant<\/td>\n<\/tr>\n<tr>\n<td class=\"left\">Couleur<\/td>\n<td>schwarz<\/td>\n<\/tr>\n<tr>\n<td class=\"left\">Ausschnitt<\/td>\n<td>Rundhals<\/td>\n<\/tr>\n<tr>\n<td class=\"left\">Porteur<\/td>\n<td>Tanktoptr\u00e4ger<\/td>\n<\/tr>\n<tr>\n<td class=\"left\">Coupe<\/td>\n<td>sehr figurbetont<\/td>\n<\/tr>\n<tr>\n<td class=\"left\">Schnittform L\u00e4nge<\/td>\n<td>h\u00fcftbedeckend<\/td>\n<\/tr>\n<tr>\n<td class=\"left\">Applikationen<\/td>\n<td>Glitzersteine<\/td>\n<\/tr>\n<tr>\n<td class=\"left\">Besondere Merkmale<\/td>\n<td>mit Glitzersteinen im Herz-Design<\/td>\n<\/tr>\n<\/tbody>\n<\/table>","protected":false},"featured_media":78573,"comment_status":"open","ping_status":"closed","template":"","meta":{"_seopress_robots_primary_cat":"","_seopress_titles_title":"","_seopress_titles_desc":"","_seopress_robots_index":""},"product_brand":[],"product_cat":[1348,1458,1459],"product_tag":[],"class_list":{"0":"post-78470","1":"product","2":"type-product","3":"status-publish","4":"has-post-thumbnail","6":"product_cat-damen-mode","7":"product_cat-shirts-damen-mode","8":"product_cat-tops-shirts-damen-mode","9":"product_shipping_class-standard-versand","11":"first","12":"instock","13":"taxable","14":"shipping-taxable","15":"purchasable","16":"product-type-simple"},"_links":{"self":[{"href":"https:\/\/www.soanam.de\/fr\/wp-json\/wp\/v2\/product\/78470","targetHints":{"allow":["GET"]}}],"collection":[{"href":"https:\/\/www.soanam.de\/fr\/wp-json\/wp\/v2\/product"}],"about":[{"href":"https:\/\/www.soanam.de\/fr\/wp-json\/wp\/v2\/types\/product"}],"replies":[{"embeddable":true,"href":"https:\/\/www.soanam.de\/fr\/wp-json\/wp\/v2\/comments?post=78470"}],"wp:featuredmedia":[{"embeddable":true,"href":"https:\/\/www.soanam.de\/fr\/wp-json\/wp\/v2\/media\/78573"}],"wp:attachment":[{"href":"https:\/\/www.soanam.de\/fr\/wp-json\/wp\/v2\/media?parent=78470"}],"wp:term":[{"taxonomy":"product_brand","embeddable":true,"href":"https:\/\/www.soanam.de\/fr\/wp-json\/wp\/v2\/product_brand?post=78470"},{"taxonomy":"product_cat","embeddable":true,"href":"https:\/\/www.soanam.de\/fr\/wp-json\/wp\/v2\/product_cat?post=78470"},{"taxonomy":"product_tag","embeddable":true,"href":"https:\/\/www.soanam.de\/fr\/wp-json\/wp\/v2\/product_tag?post=78470"}],"curies":[{"name":"wp","href":"https:\/\/api.w.org\/{rel}","templated":true}]}}