{"id":78448,"date":"2023-12-13T21:19:47","date_gmt":"2023-12-13T20:19:47","guid":{"rendered":"https:\/\/www.soanam.de\/?post_type=product&#038;p=78448"},"modified":"2023-12-13T21:21:40","modified_gmt":"2023-12-13T20:21:40","slug":"corina-bomann-et-demain-a-la-mer-livre-de-poche-allemand-2013","status":"publish","type":"product","link":"https:\/\/www.soanam.de\/fr\/produkt\/corina-bomann-und-morgen-am-meer-taschenbuch-deutsch-2013\/","title":{"rendered":"Corina Bomann \"Und morgen am Meer\" Livre de poche, allemand, 2013"},"content":{"rendered":"<h3>Description du produit<\/h3>\n<p>Une histoire d'amour sensible \u00e0 l'\u00e9poque de la division de l'Allemagne<\/p>\n<p><strong>Description<\/strong><br \/>\nMilena aimerait voir la M\u00e9diterran\u00e9e au moins une fois dans sa vie. Mais entre son r\u00eave et elle, il y a le mur de Berlin. En \u00e9t\u00e9 1989, \u00e0 Berlin-Est, un voyage dans le Sud est comme un voyage sur Mars : inimaginable. Mais avec Claudius, un Berlinois de l'Ouest, tout semble soudain possible - un amour, une fuite, un voyage au bord de la mer.<\/p>\n<p><strong>D\u00e9tails du produit<\/strong><br \/>\nCouverture : Livre de poche<br \/>\nNombre de pages : 350<br \/>\nDate de parution 2013<br \/>\nLangue : Allemand<br \/>\nISBN : 9783800057221<br \/>\nMaison d'\u00e9dition Ueberreuter<br \/>\nDimensions : 13.8 x 3.1 x 20.7 cm<\/p>","protected":false},"excerpt":{"rendered":"<h3>Caract\u00e9ristiques de l'article<\/h3>\n<p>Artikelzustand: Neu - Neues, ungelesenes, ungebrauchtes Buch in makellosem Zustand<\/p>\n<table dir=\"ltr\" border=\"1\" cellspacing=\"0\" cellpadding=\"0\">\n<colgroup>\n<col width=\"203\" \/>\n<col width=\"259\" \/><\/colgroup>\n<tbody>\n<tr>\n<td data-sheets-value=\"{&quot;1&quot;:2,&quot;2&quot;:&quot;Autor:&quot;}\">Autor:<\/td>\n<td data-sheets-value=\"{&quot;1&quot;:2,&quot;2&quot;:&quot;Corina Bomann&quot;}\">Corina Bomann<\/td>\n<\/tr>\n<tr>\n<td data-sheets-value=\"{&quot;1&quot;:2,&quot;2&quot;:&quot;Buchtitel:&quot;}\">Buchtitel:<\/td>\n<td data-sheets-value=\"{&quot;1&quot;:2,&quot;2&quot;:&quot;Und morgen am Meer&quot;}\">Und morgen am Meer<\/td>\n<\/tr>\n<tr>\n<td data-sheets-value=\"{&quot;1&quot;:2,&quot;2&quot;:&quot;Erscheinungsjahr:&quot;}\">Erscheinungsjahr:<\/td>\n<td data-sheets-value=\"{&quot;1&quot;:3,&quot;3&quot;:2013}\">2013<\/td>\n<\/tr>\n<tr>\n<td data-sheets-value=\"{&quot;1&quot;:2,&quot;2&quot;:&quot;Format:&quot;}\">Format:<\/td>\n<td data-sheets-value=\"{&quot;1&quot;:2,&quot;2&quot;:&quot;Taschenbuch&quot;}\">Taschenbuch<\/td>\n<\/tr>\n<tr>\n<td data-sheets-value=\"{&quot;1&quot;:2,&quot;2&quot;:&quot;Genre:&quot;}\">Genre:<\/td>\n<td data-sheets-value=\"{&quot;1&quot;:2,&quot;2&quot;:&quot;Liebe &amp; Romantik&quot;}\">Liebe &amp; Romantik<\/td>\n<\/tr>\n<tr>\n<td data-sheets-value=\"{&quot;1&quot;:2,&quot;2&quot;:&quot;Herstellungsland und -region:&quot;}\">Herstellungsland und -region:<\/td>\n<td data-sheets-value=\"{&quot;1&quot;:2,&quot;2&quot;:&quot;Deutschland&quot;}\">Allemagne<\/td>\n<\/tr>\n<tr>\n<td data-sheets-value=\"{&quot;1&quot;:2,&quot;2&quot;:&quot;ISBN:&quot;}\">ISBN:<\/td>\n<td data-sheets-value=\"{&quot;1&quot;:3,&quot;3&quot;:9783800057221}\">9783800057221<\/td>\n<\/tr>\n<tr>\n<td data-sheets-value=\"{&quot;1&quot;:2,&quot;2&quot;:&quot;Literarische Gattung:&quot;}\">Literarische Gattung:<\/td>\n<td data-sheets-value=\"{&quot;1&quot;:2,&quot;2&quot;:&quot;Belletristik&quot;}\">Belletristik<\/td>\n<\/tr>\n<tr>\n<td data-sheets-value=\"{&quot;1&quot;:2,&quot;2&quot;:&quot;Produktart:&quot;}\">Produktart:<\/td>\n<td data-sheets-value=\"{&quot;1&quot;:2,&quot;2&quot;:&quot;Roman&quot;}\">Roman<\/td>\n<\/tr>\n<tr>\n<td data-sheets-value=\"{&quot;1&quot;:2,&quot;2&quot;:&quot;Sprache:&quot;}\">Sprache:<\/td>\n<td data-sheets-value=\"{&quot;1&quot;:2,&quot;2&quot;:&quot;Deutsch&quot;}\">Allemand<\/td>\n<\/tr>\n<tr>\n<td data-sheets-value=\"{&quot;1&quot;:2,&quot;2&quot;:&quot;Thematik:&quot;}\">Thematik:<\/td>\n<td data-sheets-value=\"{&quot;1&quot;:2,&quot;2&quot;:&quot;Romanik&quot;}\">Romanik<\/td>\n<\/tr>\n<tr>\n<td data-sheets-value=\"{&quot;1&quot;:2,&quot;2&quot;:&quot;Verlag:&quot;}\">Verlag:<\/td>\n<td data-sheets-value=\"{&quot;1&quot;:2,&quot;2&quot;:&quot;ueberreuter&quot;}\">Ueberreuter<\/td>\n<\/tr>\n<tr>\n<td data-sheets-value=\"{&quot;1&quot;:2,&quot;2&quot;:&quot;Zielgruppe:&quot;}\">Zielgruppe:<\/td>\n<td data-sheets-value=\"{&quot;1&quot;:2,&quot;2&quot;:&quot;Jugendliche, Erwachsene&quot;}\">Jugendliche, Erwachsene<\/td>\n<\/tr>\n<\/tbody>\n<\/table>","protected":false},"featured_media":78544,"comment_status":"open","ping_status":"closed","template":"","meta":{"_seopress_robots_primary_cat":"","_seopress_titles_title":"","_seopress_titles_desc":"","_seopress_robots_index":""},"product_brand":[],"product_cat":[1428,1429,1434,1451,1452],"product_tag":[],"class_list":{"0":"post-78448","1":"product","2":"type-product","3":"status-publish","4":"has-post-thumbnail","6":"product_cat-buecher","7":"product_cat-jugend","8":"product_cat-erwachsene","9":"product_cat-romane","10":"product_cat-romane-jugend","11":"product_shipping_class-standard-versand","13":"first","14":"instock","15":"taxable","16":"shipping-taxable","17":"purchasable","18":"product-type-simple"},"_links":{"self":[{"href":"https:\/\/www.soanam.de\/fr\/wp-json\/wp\/v2\/product\/78448","targetHints":{"allow":["GET"]}}],"collection":[{"href":"https:\/\/www.soanam.de\/fr\/wp-json\/wp\/v2\/product"}],"about":[{"href":"https:\/\/www.soanam.de\/fr\/wp-json\/wp\/v2\/types\/product"}],"replies":[{"embeddable":true,"href":"https:\/\/www.soanam.de\/fr\/wp-json\/wp\/v2\/comments?post=78448"}],"wp:featuredmedia":[{"embeddable":true,"href":"https:\/\/www.soanam.de\/fr\/wp-json\/wp\/v2\/media\/78544"}],"wp:attachment":[{"href":"https:\/\/www.soanam.de\/fr\/wp-json\/wp\/v2\/media?parent=78448"}],"wp:term":[{"taxonomy":"product_brand","embeddable":true,"href":"https:\/\/www.soanam.de\/fr\/wp-json\/wp\/v2\/product_brand?post=78448"},{"taxonomy":"product_cat","embeddable":true,"href":"https:\/\/www.soanam.de\/fr\/wp-json\/wp\/v2\/product_cat?post=78448"},{"taxonomy":"product_tag","embeddable":true,"href":"https:\/\/www.soanam.de\/fr\/wp-json\/wp\/v2\/product_tag?post=78448"}],"curies":[{"name":"wp","href":"https:\/\/api.w.org\/{rel}","templated":true}]}}