{"id":78424,"date":"2023-12-13T21:19:19","date_gmt":"2023-12-13T20:19:19","guid":{"rendered":"https:\/\/www.soanam.de\/?post_type=product&#038;p=78424"},"modified":"2023-12-13T21:21:18","modified_gmt":"2023-12-13T20:21:18","slug":"gant-arch-logo-t-shirt-manches-longues-egshell-taille-m","status":"publish","type":"product","link":"https:\/\/www.soanam.de\/fr\/produkt\/gant-arch-logo-langarmshirt-in-egshell-groesse-m\/","title":{"rendered":"GANT ARCH LOGO chemise \u00e0 manches longues, en egshell, taille M"},"content":{"rendered":"<p>T-shirt \u00e0 manches longues de Gant<br \/>\nRegular-fit\/ forme normale<br \/>\nAvec une grande impression sur la poitrine<br \/>\nEncolure ronde<br \/>\nEn pur coton<\/p>\n<p>Un t-shirt basique \u00e0 manches longues au design d\u00e9contract\u00e9 avec un grand imprim\u00e9 sur le devant.<br \/>\nGr\u00e2ce \u00e0 sa qualit\u00e9 douce et \u00e0 sa coupe d\u00e9contract\u00e9e et confortable, ce t-shirt est fait pour toi.<\/p>\n<p>Mati\u00e8re : 100% coton<br \/>\nConseils d'entretien : Lavage en machine<\/p>\n<p>Couleur : egshell<br \/>\nmotif : logo imprim\u00e9<br \/>\nTaille : M<\/p>\n<p>Largeur des \u00e9paules : 38cm<br \/>\nTour de poitrine : 96cm<br \/>\nLongueur des manches:62cm<br \/>\nlongueur totale : 61cm<\/p>","protected":false},"excerpt":{"rendered":"<p>Couleur : egshell<br \/>\nmotif : logo imprim\u00e9<br \/>\nTaille : M<\/p>\n<p>Mati\u00e8re : 100% coton<br \/>\nConseils d'entretien : Lavage en machine<\/p>","protected":false},"featured_media":78524,"comment_status":"open","ping_status":"closed","template":"","meta":{"_seopress_robots_primary_cat":"","_seopress_titles_title":"","_seopress_titles_desc":"","_seopress_robots_index":""},"product_brand":[],"product_cat":[1348,1456,1479],"product_tag":[],"class_list":{"0":"post-78424","1":"product","2":"type-product","3":"status-publish","4":"has-post-thumbnail","6":"product_cat-damen-mode","7":"product_cat-pullover-sweater","8":"product_cat-langarmshirts","9":"product_shipping_class-standard-versand","11":"first","12":"instock","13":"sale","14":"taxable","15":"shipping-taxable","16":"purchasable","17":"product-type-simple"},"_links":{"self":[{"href":"https:\/\/www.soanam.de\/fr\/wp-json\/wp\/v2\/product\/78424","targetHints":{"allow":["GET"]}}],"collection":[{"href":"https:\/\/www.soanam.de\/fr\/wp-json\/wp\/v2\/product"}],"about":[{"href":"https:\/\/www.soanam.de\/fr\/wp-json\/wp\/v2\/types\/product"}],"replies":[{"embeddable":true,"href":"https:\/\/www.soanam.de\/fr\/wp-json\/wp\/v2\/comments?post=78424"}],"wp:featuredmedia":[{"embeddable":true,"href":"https:\/\/www.soanam.de\/fr\/wp-json\/wp\/v2\/media\/78524"}],"wp:attachment":[{"href":"https:\/\/www.soanam.de\/fr\/wp-json\/wp\/v2\/media?parent=78424"}],"wp:term":[{"taxonomy":"product_brand","embeddable":true,"href":"https:\/\/www.soanam.de\/fr\/wp-json\/wp\/v2\/product_brand?post=78424"},{"taxonomy":"product_cat","embeddable":true,"href":"https:\/\/www.soanam.de\/fr\/wp-json\/wp\/v2\/product_cat?post=78424"},{"taxonomy":"product_tag","embeddable":true,"href":"https:\/\/www.soanam.de\/fr\/wp-json\/wp\/v2\/product_tag?post=78424"}],"curies":[{"name":"wp","href":"https:\/\/api.w.org\/{rel}","templated":true}]}}