{"id":78406,"date":"2023-12-13T21:18:55","date_gmt":"2023-12-13T20:18:55","guid":{"rendered":"https:\/\/www.soanam.de\/?post_type=product&#038;p=78406"},"modified":"2023-12-13T21:21:09","modified_gmt":"2023-12-13T20:21:09","slug":"haba-302804-freche-farm-jeu-de-des-pour-2-4-joueurs-a-partir-de-4-ans","status":"publish","type":"product","link":"https:\/\/www.soanam.de\/fr\/produkt\/haba-302804-freche-farm-wuerfelspiel-fuer-2-4-spieler-ab-4-jahre\/","title":{"rendered":"HABA 302804 - Freche Farm - Jeu de d\u00e9s pour 2-4 joueurs, d\u00e8s 4 ans"},"content":{"rendered":"<h3>Description du produit<\/h3>\n<p>Le soir tombe sur la ferme. Il est grand temps de ramener les animaux \u00e0 l'\u00e9table. Mais que se passe-t-il l\u00e0-bas ? Les animaux s'\u00e9chappent sans cesse. Est-ce que les autres joueurs sont derri\u00e8re tout \u00e7a ? Il faut donc avoir de la chance aux d\u00e9s et une bonne m\u00e9moire. Celui qui parvient \u00e0 la fin \u00e0 faire rentrer tous les animaux en m\u00eame temps dans l'\u00e9table a gagn\u00e9.<\/p>\n<p><strong>D\u00e9tails<\/strong><br \/>\nMat\u00e9riaux : carton, bois<br \/>\nRecommandation d'\u00e2ge du fabricant : \u00e0 partir de 4 ans<br \/>\nNombre de joueurs : 2 - 4 joueurs<\/p>\n<p><strong>Contenu<\/strong>:<br \/>\n20 plaquettes en carton de quatre couleurs diff\u00e9rentes pour les \u00e9curies,<br \/>\n1 cube,<br \/>\n1 feuille d'autocollants,<br \/>\n1 r\u00e8gle du jeu.<\/p>\n<p><strong>Avertissements<\/strong>:<br \/>\nAttention ! Ne convient pas aux enfants de moins de 3 ans. Pi\u00e8ces de petite taille. Risque d'\u00e9touffement.<\/p>","protected":false},"excerpt":{"rendered":"<h3>Caract\u00e9ristiques de l'article<\/h3>\n<p>Artikelzustand: Neu - Neuer, unbenutzter und unbesch\u00e4digter Artikel in der unge\u00f6ffneten Verpackung<\/p>\n<table dir=\"ltr\" border=\"1\" cellspacing=\"0\" cellpadding=\"0\">\n<colgroup>\n<col width=\"203\" \/>\n<col width=\"468\" \/><\/colgroup>\n<tbody>\n<tr>\n<td data-sheets-value=\"{&quot;1&quot;:2,&quot;2&quot;:&quot;Alter:&quot;}\">Alter:<\/td>\n<td data-sheets-value=\"{&quot;1&quot;:2,&quot;2&quot;:&quot;ab 4 Jahre&quot;}\">ab 4 Jahre<\/td>\n<\/tr>\n<tr>\n<td data-sheets-value=\"{&quot;1&quot;:2,&quot;2&quot;:&quot;Altersempfehlung:&quot;}\">Altersempfehlung:<\/td>\n<td data-sheets-value=\"{&quot;1&quot;:2,&quot;2&quot;:&quot;3-4 Jahre&quot;}\">3-4 Jahre<\/td>\n<\/tr>\n<tr>\n<td data-sheets-value=\"{&quot;1&quot;:2,&quot;2&quot;:&quot;Autor:&quot;}\">Autor:<\/td>\n<td data-sheets-value=\"{&quot;1&quot;:2,&quot;2&quot;:&quot;Tim Rogasch&quot;}\">Tim Rogasch<\/td>\n<\/tr>\n<tr>\n<td data-sheets-value=\"{&quot;1&quot;:2,&quot;2&quot;:&quot;EAN:&quot;}\">EAN:<\/td>\n<td data-sheets-value=\"{&quot;1&quot;:3,&quot;3&quot;:4010168226446}\">4010168226446<\/td>\n<\/tr>\n<tr>\n<td data-sheets-value=\"{&quot;1&quot;:2,&quot;2&quot;:&quot;Herstellernummer:&quot;}\">Herstellernummer:<\/td>\n<td data-sheets-value=\"{&quot;1&quot;:3,&quot;3&quot;:302804}\">302804<\/td>\n<\/tr>\n<tr>\n<td data-sheets-value=\"{&quot;1&quot;:2,&quot;2&quot;:&quot;Kategorie:&quot;}\">Kategorie:<\/td>\n<td data-sheets-value=\"{&quot;1&quot;:2,&quot;2&quot;:&quot;Kinderspiele&quot;}\">Kinderspiele<\/td>\n<\/tr>\n<tr>\n<td data-sheets-value=\"{&quot;1&quot;:2,&quot;2&quot;:&quot;Marke:&quot;}\">Marke:<\/td>\n<td data-sheets-value=\"{&quot;1&quot;:2,&quot;2&quot;:&quot;Haba&quot;}\">Haba<\/td>\n<\/tr>\n<tr>\n<td data-sheets-value=\"{&quot;1&quot;:2,&quot;2&quot;:&quot;Material:&quot;}\">mat\u00e9riel :<\/td>\n<td data-sheets-value=\"{&quot;1&quot;:2,&quot;2&quot;:&quot;Pappe&quot;}\">Pappe<\/td>\n<\/tr>\n<tr>\n<td data-sheets-value=\"{&quot;1&quot;:2,&quot;2&quot;:&quot;Minimale Spieleranzahl:&quot;}\">Minimale Spieleranzahl:<\/td>\n<td data-sheets-value=\"{&quot;1&quot;:2,&quot;2&quot;:&quot;2 Spieler&quot;}\">2 Spieler<\/td>\n<\/tr>\n<tr>\n<td data-sheets-value=\"{&quot;1&quot;:2,&quot;2&quot;:&quot;Spielart:&quot;}\">Spielart:<\/td>\n<td data-sheets-value=\"{&quot;1&quot;:2,&quot;2&quot;:&quot;Kinderspiel&quot;}\">Kinderspiel<\/td>\n<\/tr>\n<tr>\n<td data-sheets-value=\"{&quot;1&quot;:2,&quot;2&quot;:&quot;Spieldauer:&quot;}\">Spieldauer:<\/td>\n<td data-sheets-value=\"{&quot;1&quot;:2,&quot;2&quot;:&quot;ca. 10 Minuten&quot;}\">ca. 10 Minuten<\/td>\n<\/tr>\n<tr>\n<td data-sheets-value=\"{&quot;1&quot;:2,&quot;2&quot;:&quot;Spieleranzahl:&quot;}\">Spieleranzahl:<\/td>\n<td data-sheets-value=\"{&quot;1&quot;:2,&quot;2&quot;:&quot;f\u00fcr 2 - 4 Spieler&quot;}\">f\u00fcr 2 - 4 Spieler<\/td>\n<\/tr>\n<tr>\n<td data-sheets-value=\"{&quot;1&quot;:2,&quot;2&quot;:&quot;Sprache:&quot;}\">Sprache:<\/td>\n<td data-sheets-value=\"{&quot;1&quot;:2,&quot;2&quot;:&quot;Deutsch, Niederl\u00e4ndisch, Englisch, Spanisch, Italienisch, Franz\u00f6sisch&quot;}\">Deutsch, Niederl\u00e4ndisch, Englisch, Spanisch, Italienisch, Franz\u00f6sisch<\/td>\n<\/tr>\n<tr>\n<td data-sheets-value=\"{&quot;1&quot;:2,&quot;2&quot;:&quot;Thema:&quot;}\">Thema:<\/td>\n<td data-sheets-value=\"{&quot;1&quot;:2,&quot;2&quot;:&quot;Farmtiere&quot;}\">Farmtiere<\/td>\n<\/tr>\n<tr>\n<td data-sheets-value=\"{&quot;1&quot;:2,&quot;2&quot;:&quot;Titel:&quot;}\">Titel:<\/td>\n<td data-sheets-value=\"{&quot;1&quot;:2,&quot;2&quot;:&quot;Freche Farm&quot;}\">Freche Farm<\/td>\n<\/tr>\n<tr>\n<td data-sheets-value=\"{&quot;1&quot;:2,&quot;2&quot;:&quot;Verlag:&quot;}\">Verlag:<\/td>\n<td data-sheets-value=\"{&quot;1&quot;:2,&quot;2&quot;:&quot;Haba Sales Gmbh &amp; Co.Kg&quot;}\">Haba Sales Gmbh &amp; Co.Kg<\/td>\n<\/tr>\n<\/tbody>\n<\/table>","protected":false},"featured_media":78517,"comment_status":"open","ping_status":"closed","template":"","meta":{"_seopress_robots_primary_cat":"","_seopress_titles_title":"","_seopress_titles_desc":"","_seopress_robots_index":""},"product_brand":[],"product_cat":[1435],"product_tag":[],"class_list":{"0":"post-78406","1":"product","2":"type-product","3":"status-publish","4":"has-post-thumbnail","6":"product_cat-spielzeug","7":"product_shipping_class-standard-versand","9":"first","10":"instock","11":"sale","12":"taxable","13":"shipping-taxable","14":"purchasable","15":"product-type-simple"},"_links":{"self":[{"href":"https:\/\/www.soanam.de\/fr\/wp-json\/wp\/v2\/product\/78406","targetHints":{"allow":["GET"]}}],"collection":[{"href":"https:\/\/www.soanam.de\/fr\/wp-json\/wp\/v2\/product"}],"about":[{"href":"https:\/\/www.soanam.de\/fr\/wp-json\/wp\/v2\/types\/product"}],"replies":[{"embeddable":true,"href":"https:\/\/www.soanam.de\/fr\/wp-json\/wp\/v2\/comments?post=78406"}],"wp:featuredmedia":[{"embeddable":true,"href":"https:\/\/www.soanam.de\/fr\/wp-json\/wp\/v2\/media\/78517"}],"wp:attachment":[{"href":"https:\/\/www.soanam.de\/fr\/wp-json\/wp\/v2\/media?parent=78406"}],"wp:term":[{"taxonomy":"product_brand","embeddable":true,"href":"https:\/\/www.soanam.de\/fr\/wp-json\/wp\/v2\/product_brand?post=78406"},{"taxonomy":"product_cat","embeddable":true,"href":"https:\/\/www.soanam.de\/fr\/wp-json\/wp\/v2\/product_cat?post=78406"},{"taxonomy":"product_tag","embeddable":true,"href":"https:\/\/www.soanam.de\/fr\/wp-json\/wp\/v2\/product_tag?post=78406"}],"curies":[{"name":"wp","href":"https:\/\/api.w.org\/{rel}","templated":true}]}}