{"id":78332,"date":"2023-12-13T21:16:41","date_gmt":"2023-12-13T20:16:41","guid":{"rendered":"https:\/\/www.soanam.de\/?post_type=product&#038;p=78332"},"modified":"2023-12-13T21:19:58","modified_gmt":"2023-12-13T20:19:58","slug":"liqueur-de-menthe-poivree-nordbrand-07-ltr-18-vol","status":"publish","type":"product","link":"https:\/\/www.soanam.de\/fr\/produkt\/nordbrand-pfefferminzlikoer-07-ltr-18-vol\/","title":{"rendered":"Nordbrand liqueur de menthe 0,7 ltr.18% vol."},"content":{"rendered":"<h3>Description du produit<\/h3>\n<p>Vert vif, menthe fra\u00eeche et absolument culte : la liqueur de menthe poivr\u00e9e Nordbrand Nordhausen est un v\u00e9ritable original. Elle est \u00e0 la fois un culte de la f\u00eate et un classique de l'Est - et est d\u00e9sormais consomm\u00e9e dans les f\u00eates de toute l'Allemagne gr\u00e2ce \u00e0 sa couleur incomparable et \u00e0 son go\u00fbt exceptionnel.<br \/>\nDe la f\u00eate de famille \u00e0 la f\u00eate d'\u00e9tudiants, un Pfeffi est toujours le bienvenu. Qu'elle soit servie glac\u00e9e en shot ou m\u00e9lang\u00e9e \u00e0 un long drink, la liqueur de menthe poivr\u00e9e Nordbrand Nordhausen garantit une v\u00e9ritable fra\u00eecheur dans le verre gr\u00e2ce \u00e0 son go\u00fbt prononc\u00e9 de menthe poivr\u00e9e. Depuis plus de 60 ans, elle rassemble les fans et les amateurs et met de la couleur dans la vie nocturne.<br \/>\nCar une chose est s\u00fbre : le poivre. On ne peut pas faire plus vert.<\/p>\n<p><strong>D\u00e9tails<\/strong><br \/>\nFabricant : Nordbrand Nordhausen GmbH<br \/>\nPays : Allemagne<br \/>\nR\u00e9gion : Harz<br \/>\nembouteilleur : Nordbrand<br \/>\nTeneur en alcool : 18,00 % vol<br \/>\nAvec colorant : Oui<br \/>\nContenu : 0,700 litre<\/p>\n<p><strong>Remarque<\/strong><br \/>\nDistribution uniquement aux personnes \u00e2g\u00e9es de 18 ans r\u00e9volus<\/p>","protected":false},"excerpt":{"rendered":"<h3>Caract\u00e9ristiques de l'article<\/h3>\n<p>Artikelzustand: Neu - Neuer, unbenutzter und unbesch\u00e4digter Artikel in der unge\u00f6ffneten Verpackung<\/p>\n<table dir=\"ltr\" border=\"1\" cellspacing=\"0\" cellpadding=\"0\">\n<colgroup>\n<col width=\"203\" \/>\n<col width=\"365\" \/><\/colgroup>\n<tbody>\n<tr>\n<td data-sheets-value=\"{&quot;1&quot;:2,&quot;2&quot;:&quot;Alkoholgehalt:&quot;}\">Alkoholgehalt:<\/td>\n<td data-sheets-value=\"{&quot;1&quot;:3,&quot;3&quot;:0.18}\" data-sheets-numberformat=\"{&quot;1&quot;:3,&quot;2&quot;:&quot;0%&quot;,&quot;3&quot;:1}\">18%<\/td>\n<\/tr>\n<tr>\n<td data-sheets-value=\"{&quot;1&quot;:2,&quot;2&quot;:&quot;Allergene:&quot;}\">Allergene:<\/td>\n<td data-sheets-value=\"{&quot;1&quot;:2,&quot;2&quot;:&quot;unbekannt&quot;}\">inconnu<\/td>\n<\/tr>\n<tr>\n<td data-sheets-value=\"{&quot;1&quot;:2,&quot;2&quot;:&quot;EAN:&quot;}\">EAN:<\/td>\n<td data-sheets-value=\"{&quot;1&quot;:3,&quot;3&quot;:4400065403109}\">4400065403109<\/td>\n<\/tr>\n<tr>\n<td data-sheets-value=\"{&quot;1&quot;:2,&quot;2&quot;:&quot;Eigenschaften:&quot;}\">Caract\u00e9ristiques :<\/td>\n<td data-sheets-value=\"{&quot;1&quot;:2,&quot;2&quot;:&quot;minzig frisch&quot;}\">minzig frisch<\/td>\n<\/tr>\n<tr>\n<td data-sheets-value=\"{&quot;1&quot;:2,&quot;2&quot;:&quot;Herstellernummer:&quot;}\">Herstellernummer:<\/td>\n<td data-sheets-value=\"{&quot;1&quot;:2,&quot;2&quot;:&quot;nicht zutreffend&quot;}\">nicht zutreffend<\/td>\n<\/tr>\n<tr>\n<td data-sheets-value=\"{&quot;1&quot;:2,&quot;2&quot;:&quot;Lebensmittelspezifikationen:&quot;}\">Lebensmittelspezifikationen:<\/td>\n<td data-sheets-value=\"{&quot;1&quot;:2,&quot;2&quot;:&quot;mit Farbstoff&quot;}\">mit Farbstoff<\/td>\n<\/tr>\n<tr>\n<td data-sheets-value=\"{&quot;1&quot;:2,&quot;2&quot;:&quot;Marke:&quot;}\">Marke:<\/td>\n<td data-sheets-value=\"{&quot;1&quot;:2,&quot;2&quot;:&quot;Nordbrand&quot;}\">Nordbrand<\/td>\n<\/tr>\n<tr>\n<td data-sheets-value=\"{&quot;1&quot;:2,&quot;2&quot;:&quot;Produktart:&quot;}\">Produktart:<\/td>\n<td data-sheets-value=\"{&quot;1&quot;:2,&quot;2&quot;:&quot;Pfefferminzlik\u00f6r&quot;}\">Pfefferminzlik\u00f6r<\/td>\n<\/tr>\n<tr>\n<td data-sheets-value=\"{&quot;1&quot;:2,&quot;2&quot;:&quot;Signiert:&quot;}\">Signiert:<\/td>\n<td data-sheets-value=\"{&quot;1&quot;:2,&quot;2&quot;:&quot;Nein&quot;}\">Nein<\/td>\n<\/tr>\n<tr>\n<td data-sheets-value=\"{&quot;1&quot;:2,&quot;2&quot;:&quot;Verpackung:&quot;}\">Verpackung:<\/td>\n<td data-sheets-value=\"{&quot;1&quot;:2,&quot;2&quot;:&quot;Flasche&quot;}\">Flasche<\/td>\n<\/tr>\n<\/tbody>\n<\/table>","protected":false},"featured_media":78458,"comment_status":"open","ping_status":"closed","template":"","meta":{"_seopress_robots_primary_cat":"","_seopress_titles_title":"","_seopress_titles_desc":"","_seopress_robots_index":""},"product_brand":[],"product_cat":[1499,1500],"product_tag":[],"class_list":{"0":"post-78332","1":"product","2":"type-product","3":"status-publish","4":"has-post-thumbnail","6":"product_cat-alkoholische-getraenke","7":"product_cat-spirituosen","8":"product_shipping_class-standard-versand","10":"first","11":"instock","12":"taxable","13":"shipping-taxable","14":"purchasable","15":"product-type-simple"},"_links":{"self":[{"href":"https:\/\/www.soanam.de\/fr\/wp-json\/wp\/v2\/product\/78332","targetHints":{"allow":["GET"]}}],"collection":[{"href":"https:\/\/www.soanam.de\/fr\/wp-json\/wp\/v2\/product"}],"about":[{"href":"https:\/\/www.soanam.de\/fr\/wp-json\/wp\/v2\/types\/product"}],"replies":[{"embeddable":true,"href":"https:\/\/www.soanam.de\/fr\/wp-json\/wp\/v2\/comments?post=78332"}],"wp:featuredmedia":[{"embeddable":true,"href":"https:\/\/www.soanam.de\/fr\/wp-json\/wp\/v2\/media\/78458"}],"wp:attachment":[{"href":"https:\/\/www.soanam.de\/fr\/wp-json\/wp\/v2\/media?parent=78332"}],"wp:term":[{"taxonomy":"product_brand","embeddable":true,"href":"https:\/\/www.soanam.de\/fr\/wp-json\/wp\/v2\/product_brand?post=78332"},{"taxonomy":"product_cat","embeddable":true,"href":"https:\/\/www.soanam.de\/fr\/wp-json\/wp\/v2\/product_cat?post=78332"},{"taxonomy":"product_tag","embeddable":true,"href":"https:\/\/www.soanam.de\/fr\/wp-json\/wp\/v2\/product_tag?post=78332"}],"curies":[{"name":"wp","href":"https:\/\/api.w.org\/{rel}","templated":true}]}}