{"id":78331,"date":"2023-12-13T21:16:40","date_gmt":"2023-12-13T20:16:40","guid":{"rendered":"https:\/\/www.soanam.de\/?post_type=product&#038;p=78331"},"modified":"2023-12-13T21:19:56","modified_gmt":"2023-12-13T20:19:56","slug":"hugo-boss-herren-resorthemd-efab-straight-fit-in-rot-nude-gr-xs","status":"publish","type":"product","link":"https:\/\/www.soanam.de\/fr\/produkt\/hugo-boss-herren-resorthemd-efab-straight-fit-in-rot-nude-gr-xs\/","title":{"rendered":"HUGO BOSS Chemise de ville EFAB Straight Fit pour homme, rouge\/nude, taille XS"},"content":{"rendered":"<h3>Description<\/h3>\n<p><strong>D\u00e9tails<\/strong><\/p>\n<p>Passform laut Hersteller: Straight Fit<br \/>\nCol \u00e0 revers<br \/>\nOhne R\u00fcckenpasse<br \/>\nPoche poitrine<br \/>\nGlatte Knopfleiste<br \/>\nSeitenschlitze am Saum<br \/>\nMotiv-Print allover<\/p>\n<p><strong>Coupe et dimensions<\/strong><br \/>\nMa\u00dfe bei Gr\u00f6\u00dfe M:<\/p>\n<p>R\u00fcckenl\u00e4nge: 80 cm<br \/>\n\u00c4rmell\u00e4nge: 30 cm<br \/>\nTaillenweite: 110 cm<\/p>\n<p><strong>Mat\u00e9riaux &amp; entretien<\/strong><br \/>\nMati\u00e8re : 100% viscose<br \/>\nPflegehinweise: Professionelle Trockenreinigung empfohlen<\/p>","protected":false},"excerpt":{"rendered":"<h3>Caract\u00e9ristiques de l'article<\/h3>\n<p>\u00c9tat de l'article : Nouveau avec \u00e9tiquette : article neuf, non utilis\u00e9 et non port\u00e9 dans son emballage d'origine<\/p>\n<table border=\"0\" frame=\"VOID\" rules=\"NONE\" cellspacing=\"0\">\n<colgroup>\n<col width=\"116\" \/>\n<col width=\"152\" \/><\/colgroup>\n<tbody>\n<tr>\n<td align=\"LEFT\" width=\"116\" height=\"18\">Abteilung:<\/td>\n<td align=\"LEFT\" width=\"152\">Herren<\/td>\n<\/tr>\n<tr>\n<td align=\"LEFT\" height=\"18\">Anlass:<\/td>\n<td align=\"LEFT\">Business, Freizeit<\/td>\n<\/tr>\n<tr>\n<td align=\"LEFT\" height=\"18\">\u00c4rmell\u00e4nge:<\/td>\n<td align=\"LEFT\">Manches courtes<\/td>\n<\/tr>\n<tr>\n<td align=\"LEFT\" height=\"18\">Ausschnitt:<\/td>\n<td align=\"LEFT\">Kragen<\/td>\n<\/tr>\n<tr>\n<td align=\"LEFT\" height=\"18\">Particularit\u00e9s :<\/td>\n<td align=\"LEFT\">Motiv Print<\/td>\n<\/tr>\n<tr>\n<td align=\"LEFT\" height=\"18\">Charakter:<\/td>\n<td align=\"LEFT\">ohne<\/td>\n<\/tr>\n<tr>\n<td align=\"LEFT\" height=\"18\">couleur :<\/td>\n<td align=\"LEFT\">Rouge<\/td>\n<\/tr>\n<tr>\n<td align=\"LEFT\" height=\"18\">Gewebeart:<\/td>\n<td align=\"LEFT\">Viscose<\/td>\n<\/tr>\n<tr>\n<td align=\"LEFT\" height=\"18\">taille :<\/td>\n<td align=\"LEFT\">XS<\/td>\n<\/tr>\n<tr>\n<td align=\"LEFT\" height=\"18\">Gr\u00f6\u00dfenkategorie:<\/td>\n<td align=\"LEFT\">Normalgr\u00f6\u00dfe<\/td>\n<\/tr>\n<tr>\n<td align=\"LEFT\" height=\"18\">Kragenart:<\/td>\n<td align=\"LEFT\">Col \u00e0 revers<\/td>\n<\/tr>\n<tr>\n<td align=\"LEFT\" height=\"18\">Marke:<\/td>\n<td align=\"LEFT\">HUGO BOSS<\/td>\n<\/tr>\n<tr>\n<td align=\"LEFT\" height=\"18\">mat\u00e9riel :<\/td>\n<td align=\"LEFT\">Viscose<\/td>\n<\/tr>\n<tr>\n<td align=\"LEFT\" height=\"18\">\u00e9chantillon :<\/td>\n<td align=\"LEFT\">Allover Print<\/td>\n<\/tr>\n<tr>\n<td align=\"LEFT\" height=\"18\">Ajustement :<\/td>\n<td align=\"LEFT\">Straight Fit<\/td>\n<\/tr>\n<tr>\n<td align=\"LEFT\" height=\"18\">Produktart:<\/td>\n<td align=\"LEFT\">Gekn\u00f6pftes Hemd<\/td>\n<\/tr>\n<tr>\n<td align=\"LEFT\" height=\"18\">Thema:<\/td>\n<td align=\"LEFT\">Modern<\/td>\n<\/tr>\n<tr>\n<td align=\"LEFT\" height=\"18\">Vintage:<\/td>\n<td align=\"LEFT\">Nein<\/td>\n<\/tr>\n<\/tbody>\n<\/table>","protected":false},"featured_media":78456,"comment_status":"open","ping_status":"closed","template":"","meta":{"_seopress_robots_primary_cat":"","_seopress_titles_title":"","_seopress_titles_desc":"","_seopress_robots_index":""},"product_brand":[],"product_cat":[1345,1497,1498],"product_tag":[],"class_list":{"0":"post-78331","1":"product","2":"type-product","3":"status-publish","4":"has-post-thumbnail","6":"product_cat-herrenmode","7":"product_cat-hemden","8":"product_cat-kurzarm","9":"product_shipping_class-standard-versand","11":"first","12":"instock","13":"sale","14":"taxable","15":"shipping-taxable","16":"purchasable","17":"product-type-simple"},"_links":{"self":[{"href":"https:\/\/www.soanam.de\/fr\/wp-json\/wp\/v2\/product\/78331","targetHints":{"allow":["GET"]}}],"collection":[{"href":"https:\/\/www.soanam.de\/fr\/wp-json\/wp\/v2\/product"}],"about":[{"href":"https:\/\/www.soanam.de\/fr\/wp-json\/wp\/v2\/types\/product"}],"replies":[{"embeddable":true,"href":"https:\/\/www.soanam.de\/fr\/wp-json\/wp\/v2\/comments?post=78331"}],"wp:featuredmedia":[{"embeddable":true,"href":"https:\/\/www.soanam.de\/fr\/wp-json\/wp\/v2\/media\/78456"}],"wp:attachment":[{"href":"https:\/\/www.soanam.de\/fr\/wp-json\/wp\/v2\/media?parent=78331"}],"wp:term":[{"taxonomy":"product_brand","embeddable":true,"href":"https:\/\/www.soanam.de\/fr\/wp-json\/wp\/v2\/product_brand?post=78331"},{"taxonomy":"product_cat","embeddable":true,"href":"https:\/\/www.soanam.de\/fr\/wp-json\/wp\/v2\/product_cat?post=78331"},{"taxonomy":"product_tag","embeddable":true,"href":"https:\/\/www.soanam.de\/fr\/wp-json\/wp\/v2\/product_tag?post=78331"}],"curies":[{"name":"wp","href":"https:\/\/api.w.org\/{rel}","templated":true}]}}