{"id":78245,"date":"2023-12-13T21:14:32","date_gmt":"2023-12-13T20:14:32","guid":{"rendered":"https:\/\/www.soanam.de\/?post_type=product&#038;p=78245"},"modified":"2023-12-13T21:18:12","modified_gmt":"2023-12-13T20:18:12","slug":"pantalon-de-securite-hart-iron-tech-t-orange-blaze-gr-44-vetements-de-chasse","status":"publish","type":"product","link":"https:\/\/www.soanam.de\/fr\/produkt\/hart-iron-tech-t-sicherheitshose-orange-blaze-gr-44-jagdbekleidung\/","title":{"rendered":"HART IRON TECH-T SICHERHEITSHOSE, Orange Blaze, taille 44 - V\u00eatements de chasse"},"content":{"rendered":"<h3>Description<\/h3>\n<p>Le pantalon de s\u00e9curit\u00e9 Hart IRON TECH-T est un pantalon imperm\u00e9able dot\u00e9 de garnitures anti-\u00e9pines, ce qui le rend id\u00e9al pour la traque \u00e0 la chasse. Le pantalon Iron Tech pr\u00e9sente une imperm\u00e9abilit\u00e9 extr\u00eamement \u00e9lev\u00e9e de 80000 mm. Le pantalon de protection contre les \u00e9pines de Hart est disponible en deux couleurs diff\u00e9rentes. En Orange Blaze, le pantalon offre une protection \u00e0 trois couches, avec un Rip Stop Blaze robuste, une couche int\u00e9rieure renforc\u00e9e et un tissu principal ext\u00e9rieur.<br \/>\nLa taille est l\u00e9g\u00e8rement relev\u00e9e et \u00e9lastique. Les genoux pr\u00e9form\u00e9s assurent un confort optimal. Le pantalon dispose en outre de nombreuses poches : une poche arri\u00e8re, deux poches \u00e0 tiroirs, une poche sur la cuisse et une poche \u00e0 couteau. Des fentes d'a\u00e9ration avec fermetures \u00e0 glissi\u00e8re assurent une circulation d'air suffisante.<\/p>","protected":false},"excerpt":{"rendered":"<h3>Caract\u00e9ristiques de l'article<\/h3>\n<p>\u00c9tat de l'article : Nouveau avec \u00e9tiquette : article neuf, non utilis\u00e9 et non port\u00e9 dans son emballage d'origine<\/p>\n<table style=\"height: 459px;\" border=\"0\" width=\"573\" frame=\"VOID\" rules=\"NONE\" cellspacing=\"0\">\n<colgroup>\n<col width=\"133\" \/>\n<col width=\"700\" \/><\/colgroup>\n<tbody>\n<tr>\n<td align=\"LEFT\" width=\"133\" height=\"18\">Abteilung:<\/td>\n<td align=\"LEFT\" width=\"700\">Herren<\/td>\n<\/tr>\n<tr>\n<td align=\"LEFT\" height=\"18\">Anwendungsbereich:<\/td>\n<td align=\"LEFT\">Jagd<\/td>\n<\/tr>\n<tr>\n<td align=\"LEFT\" height=\"18\">\u00c9quipement :<\/td>\n<td align=\"LEFT\">G\u00fcrtelschlaufen , Vorgeformte Knie , 2 Einschubtaschen , 1 Oberschenkeltasche , Messertasche , L\u00fcftungsschlitze<\/td>\n<\/tr>\n<tr>\n<td align=\"LEFT\" height=\"17\">EAN:<\/td>\n<td align=\"LEFT\">8430292272588<\/td>\n<\/tr>\n<tr>\n<td align=\"LEFT\" height=\"18\">Caract\u00e9ristiques :<\/td>\n<td align=\"LEFT\">wasserdicht , Dornenschutz<\/td>\n<\/tr>\n<tr>\n<td align=\"LEFT\" height=\"18\">couleur :<\/td>\n<td align=\"LEFT\">Orange Blaze<\/td>\n<\/tr>\n<tr>\n<td align=\"LEFT\" height=\"18\">couleur :<\/td>\n<td align=\"LEFT\">vert , orange<\/td>\n<\/tr>\n<tr>\n<td align=\"LEFT\" height=\"18\">taille :<\/td>\n<td align=\"LEFT\">44<\/td>\n<\/tr>\n<tr>\n<td align=\"LEFT\" height=\"18\">Jahreszeit:<\/td>\n<td align=\"LEFT\">\u00dcbergangszeit<\/td>\n<\/tr>\n<tr>\n<td align=\"LEFT\" height=\"18\">Kategorie:<\/td>\n<td align=\"LEFT\">Sauenschutzhose , Nachsuchehose<\/td>\n<\/tr>\n<tr>\n<td align=\"LEFT\" height=\"18\">Marke:<\/td>\n<td align=\"LEFT\">HART<\/td>\n<\/tr>\n<tr>\n<td align=\"LEFT\" height=\"18\">mat\u00e9riel :<\/td>\n<td align=\"LEFT\">polyur\u00e9thane , coton , polyester<\/td>\n<\/tr>\n<tr>\n<td align=\"LEFT\" height=\"18\">Modell:<\/td>\n<td align=\"LEFT\">IRON TECH-T<\/td>\n<\/tr>\n<tr>\n<td align=\"LEFT\" height=\"18\">Produktart:<\/td>\n<td align=\"LEFT\">Pantalon<\/td>\n<\/tr>\n<tr>\n<td align=\"LEFT\" height=\"18\">Serie:<\/td>\n<td align=\"LEFT\">Iron Tech<\/td>\n<\/tr>\n<tr>\n<td align=\"LEFT\" height=\"18\">Sportart:<\/td>\n<td align=\"LEFT\">Jagen<\/td>\n<\/tr>\n<\/tbody>\n<\/table>","protected":false},"featured_media":78374,"comment_status":"open","ping_status":"closed","template":"","meta":{"_seopress_robots_primary_cat":"","_seopress_titles_title":"","_seopress_titles_desc":"","_seopress_robots_index":""},"product_brand":[],"product_cat":[1345,1346],"product_tag":[],"class_list":{"0":"post-78245","1":"product","2":"type-product","3":"status-publish","4":"has-post-thumbnail","6":"product_cat-herrenmode","7":"product_cat-hosen","8":"product_shipping_class-standard-versand","10":"first","11":"instock","12":"sale","13":"taxable","14":"shipping-taxable","15":"purchasable","16":"product-type-simple"},"_links":{"self":[{"href":"https:\/\/www.soanam.de\/fr\/wp-json\/wp\/v2\/product\/78245","targetHints":{"allow":["GET"]}}],"collection":[{"href":"https:\/\/www.soanam.de\/fr\/wp-json\/wp\/v2\/product"}],"about":[{"href":"https:\/\/www.soanam.de\/fr\/wp-json\/wp\/v2\/types\/product"}],"replies":[{"embeddable":true,"href":"https:\/\/www.soanam.de\/fr\/wp-json\/wp\/v2\/comments?post=78245"}],"wp:featuredmedia":[{"embeddable":true,"href":"https:\/\/www.soanam.de\/fr\/wp-json\/wp\/v2\/media\/78374"}],"wp:attachment":[{"href":"https:\/\/www.soanam.de\/fr\/wp-json\/wp\/v2\/media?parent=78245"}],"wp:term":[{"taxonomy":"product_brand","embeddable":true,"href":"https:\/\/www.soanam.de\/fr\/wp-json\/wp\/v2\/product_brand?post=78245"},{"taxonomy":"product_cat","embeddable":true,"href":"https:\/\/www.soanam.de\/fr\/wp-json\/wp\/v2\/product_cat?post=78245"},{"taxonomy":"product_tag","embeddable":true,"href":"https:\/\/www.soanam.de\/fr\/wp-json\/wp\/v2\/product_tag?post=78245"}],"curies":[{"name":"wp","href":"https:\/\/api.w.org\/{rel}","templated":true}]}}