{"id":78243,"date":"2023-12-13T21:14:31","date_gmt":"2023-12-13T20:14:31","guid":{"rendered":"https:\/\/www.soanam.de\/?post_type=product&#038;p=78243"},"modified":"2023-12-13T21:17:36","modified_gmt":"2023-12-13T20:17:36","slug":"samsoe-samsoe-femmes-baskets-val-x-3338-blanc-neige-taille-38","status":"publish","type":"product","link":"https:\/\/www.soanam.de\/fr\/produkt\/samsoe-samsoe-damen-sneakers-val-x-3338-snow-white-groesse-38\/","title":{"rendered":"Baskets femme Sams\u00f8e Sams\u00f8e - Val x 3338 - Snow White , taille 38"},"content":{"rendered":"<h3>Description<\/h3>\n<p>Baskets \u00e0 lacets avec chevilles cut-away incurv\u00e9es.<br \/>\nLacets de randonn\u00e9e, languette rembourr\u00e9e.<br \/>\nSemelle bloc en caoutchouc.<br \/>\nCuir structur\u00e9, cuir certifi\u00e9 LWG.<\/p>\n<p><strong>Mat\u00e9riau<\/strong><\/p>\n<p>Tissu principal 100% Cuir de vache<br \/>\nInsock 100% cuir de vachette<br \/>\nDoublure 100% en cuir de porc<br \/>\nSemelle ext\u00e9rieure 100% en caoutchouc<\/p>","protected":false},"excerpt":{"rendered":"<h3>Caract\u00e9ristiques de l'article<\/h3>\n<p>\u00c9tat de l'article : Nouveau avec \u00e9tiquette : article neuf, non utilis\u00e9 et non port\u00e9 dans son emballage d'origine<\/p>\n<table border=\"0\" frame=\"VOID\" rules=\"NONE\" cellspacing=\"0\">\n<colgroup>\n<col width=\"133\" \/>\n<col width=\"112\" \/><\/colgroup>\n<tbody>\n<tr>\n<td align=\"LEFT\" width=\"133\" height=\"18\">Abteilung:<\/td>\n<td align=\"LEFT\" width=\"112\">Damen<\/td>\n<\/tr>\n<tr>\n<td align=\"LEFT\" height=\"18\">Akzente:<\/td>\n<td align=\"LEFT\">keine<\/td>\n<\/tr>\n<tr>\n<td align=\"LEFT\" height=\"18\">AU-Schuhgr\u00f6\u00dfe:<\/td>\n<td align=\"LEFT\">ohne Angabe<\/td>\n<\/tr>\n<tr>\n<td align=\"LEFT\" height=\"18\">Particularit\u00e9s :<\/td>\n<td align=\"LEFT\">Confort<\/td>\n<\/tr>\n<tr>\n<td align=\"LEFT\" height=\"18\">Charakter:<\/td>\n<td align=\"LEFT\">ohne<\/td>\n<\/tr>\n<tr>\n<td align=\"LEFT\" height=\"18\">Erscheinungsjahr:<\/td>\n<td align=\"LEFT\">2019<\/td>\n<\/tr>\n<tr>\n<td align=\"LEFT\" height=\"18\">EU-Schuhgr\u00f6\u00dfe:<\/td>\n<td align=\"LEFT\">EUR 38<\/td>\n<\/tr>\n<tr>\n<td align=\"LEFT\" height=\"18\">couleur :<\/td>\n<td align=\"LEFT\">Blanc<\/td>\n<\/tr>\n<tr>\n<td align=\"LEFT\" height=\"18\">Futtermaterial:<\/td>\n<td align=\"LEFT\">Cuir<\/td>\n<\/tr>\n<tr>\n<td align=\"LEFT\" height=\"18\">Herstellernummer:<\/td>\n<td align=\"LEFT\">3338<\/td>\n<\/tr>\n<tr>\n<td align=\"LEFT\" height=\"18\">Individualisiert:<\/td>\n<td align=\"LEFT\">Nein<\/td>\n<\/tr>\n<tr>\n<td align=\"LEFT\" height=\"18\">Innensohlenmaterial:<\/td>\n<td align=\"LEFT\">Cuir<\/td>\n<\/tr>\n<tr>\n<td align=\"LEFT\" height=\"18\">Laufsohlenmaterial:<\/td>\n<td align=\"LEFT\">Gummi<\/td>\n<\/tr>\n<tr>\n<td align=\"LEFT\" height=\"18\">Marke:<\/td>\n<td align=\"LEFT\">Sams\u00f8e Sams\u00f8e<\/td>\n<\/tr>\n<tr>\n<td align=\"LEFT\" height=\"18\">Modell:<\/td>\n<td align=\"LEFT\">Valx3338<\/td>\n<\/tr>\n<tr>\n<td align=\"LEFT\" height=\"18\">Mat\u00e9riau ext\u00e9rieur :<\/td>\n<td align=\"LEFT\">Cuir<\/td>\n<\/tr>\n<tr>\n<td align=\"LEFT\" height=\"18\">Produktart:<\/td>\n<td align=\"LEFT\">Sportschuh<\/td>\n<\/tr>\n<tr>\n<td align=\"LEFT\" height=\"18\">Produktlinie:<\/td>\n<td align=\"LEFT\">Val<\/td>\n<\/tr>\n<tr>\n<td align=\"LEFT\" height=\"18\">Schuhweite:<\/td>\n<td align=\"LEFT\">F<\/td>\n<\/tr>\n<tr>\n<td align=\"LEFT\" height=\"18\">Stil:<\/td>\n<td align=\"LEFT\">Sneaker<\/td>\n<\/tr>\n<tr>\n<td align=\"LEFT\" height=\"18\">Thema:<\/td>\n<td align=\"LEFT\">Fr\u00fchling<\/td>\n<\/tr>\n<tr>\n<td align=\"LEFT\" height=\"18\">UK-Schuhgr\u00f6\u00dfe:<\/td>\n<td align=\"LEFT\">UK 5,5<\/td>\n<\/tr>\n<tr>\n<td align=\"LEFT\" height=\"18\">US-Schuhgr\u00f6\u00dfe:<\/td>\n<td align=\"LEFT\">US 7,5<\/td>\n<\/tr>\n<tr>\n<td align=\"LEFT\" height=\"18\">Verschluss:<\/td>\n<td align=\"LEFT\">Schn\u00fcrung<\/td>\n<\/tr>\n<tr>\n<td align=\"LEFT\" height=\"18\">Vintage:<\/td>\n<td align=\"LEFT\">Nein<\/td>\n<\/tr>\n<\/tbody>\n<\/table>","protected":false},"featured_media":78360,"comment_status":"open","ping_status":"closed","template":"","meta":{"_seopress_robots_primary_cat":"","_seopress_titles_title":"","_seopress_titles_desc":"","_seopress_robots_index":""},"product_brand":[],"product_cat":[1348,1360,1367],"product_tag":[],"class_list":{"0":"post-78243","1":"product","2":"type-product","3":"status-publish","4":"has-post-thumbnail","6":"product_cat-damen-mode","7":"product_cat-schuhe","8":"product_cat-sneakers","9":"product_shipping_class-standard-versand","11":"first","12":"instock","13":"sale","14":"taxable","15":"shipping-taxable","16":"purchasable","17":"product-type-simple"},"_links":{"self":[{"href":"https:\/\/www.soanam.de\/fr\/wp-json\/wp\/v2\/product\/78243","targetHints":{"allow":["GET"]}}],"collection":[{"href":"https:\/\/www.soanam.de\/fr\/wp-json\/wp\/v2\/product"}],"about":[{"href":"https:\/\/www.soanam.de\/fr\/wp-json\/wp\/v2\/types\/product"}],"replies":[{"embeddable":true,"href":"https:\/\/www.soanam.de\/fr\/wp-json\/wp\/v2\/comments?post=78243"}],"wp:featuredmedia":[{"embeddable":true,"href":"https:\/\/www.soanam.de\/fr\/wp-json\/wp\/v2\/media\/78360"}],"wp:attachment":[{"href":"https:\/\/www.soanam.de\/fr\/wp-json\/wp\/v2\/media?parent=78243"}],"wp:term":[{"taxonomy":"product_brand","embeddable":true,"href":"https:\/\/www.soanam.de\/fr\/wp-json\/wp\/v2\/product_brand?post=78243"},{"taxonomy":"product_cat","embeddable":true,"href":"https:\/\/www.soanam.de\/fr\/wp-json\/wp\/v2\/product_cat?post=78243"},{"taxonomy":"product_tag","embeddable":true,"href":"https:\/\/www.soanam.de\/fr\/wp-json\/wp\/v2\/product_tag?post=78243"}],"curies":[{"name":"wp","href":"https:\/\/api.w.org\/{rel}","templated":true}]}}