{"id":78222,"date":"2023-12-13T21:14:03","date_gmt":"2023-12-13T20:14:03","guid":{"rendered":"https:\/\/www.soanam.de\/?post_type=product&#038;p=78222"},"modified":"2023-12-13T21:17:15","modified_gmt":"2023-12-13T20:17:15","slug":"hugo-boss-combi-pantalon-lenon1-regular-fit-pantalon-de-costume-en-laine-vierge-bleu-gr-56","status":"publish","type":"product","link":"https:\/\/www.soanam.de\/fr\/produkt\/hugo-boss-kombi-hose-lenon1-regular-fit-anzughose-aus-schurwolle-blau-gr-56\/","title":{"rendered":"HUGO BOSS Combi-pantalon Lenon1, Regular Fit pantalon de costume en laine vierge, bleu, taille 56"},"content":{"rendered":"<h3>Description<\/h3>\n<p>Le pantalon de costume BOSS est fabriqu\u00e9 en pure laine vierge et a une coupe r\u00e9guli\u00e8re. Il est dot\u00e9 de poches fran\u00e7aises et de poches arri\u00e8re \u00e0 passepoil boutonn\u00e9es.<\/p>\n<p>Pantalon de costume pour homme de BOSS<br \/>\nPure laine vierge<br \/>\ncoupe r\u00e9guli\u00e8re<br \/>\ndouble crochet et fermeture \u00e9clair<br \/>\nPoches fran\u00e7aises<br \/>\nPlis de repassage<br \/>\nPoches passepoil\u00e9es boutonn\u00e9es \u00e0 l'arri\u00e8re<br \/>\nlongueur int\u00e9rieure de la jambe en taille 50 : 83 cm<br \/>\nTour de taille en taille 50 : 91 cm<br \/>\nNotre mod\u00e8le mesure 187 cm.<br \/>\nCouleur : Bleu<\/p>\n<p><strong>Mat\u00e9riaux et entretien<\/strong><\/p>\n<p>Mat\u00e9riau principal 1 : 100% laine vierge<br \/>\nDoublure de poche : 100% coton<br \/>\nDoublure 1 : 100% viscose<br \/>\nNe pas laver<br \/>\nNe pas blanchir<br \/>\nPas de s\u00e8che-linge<br \/>\nrepasser mod\u00e9r\u00e9ment \u00e0 chaud<br \/>\nNettoyage \u00e0 sec limit\u00e9<\/p>","protected":false},"excerpt":{"rendered":"<h3>Caract\u00e9ristiques de l'article<\/h3>\n<p>\u00c9tat de l'article : Nouveau avec \u00e9tiquette : article neuf, non utilis\u00e9 et non port\u00e9 dans son emballage d'origine<\/p>\n<table border=\"0\" frame=\"VOID\" rules=\"NONE\" cellspacing=\"0\">\n<colgroup>\n<col width=\"137\" \/>\n<col width=\"109\" \/><\/colgroup>\n<tbody>\n<tr>\n<td align=\"LEFT\" width=\"137\" height=\"18\">Abteilung:<\/td>\n<td align=\"LEFT\" width=\"109\">Herren<\/td>\n<\/tr>\n<tr>\n<td align=\"LEFT\" height=\"18\">Anlass:<\/td>\n<td align=\"LEFT\">Business<\/td>\n<\/tr>\n<tr>\n<td align=\"LEFT\" height=\"18\">Brustumfang:<\/td>\n<td align=\"LEFT\">nicht zutreffend<\/td>\n<\/tr>\n<tr>\n<td align=\"LEFT\" height=\"17\">EAN:<\/td>\n<td align=\"LEFT\">4029051674110<\/td>\n<\/tr>\n<tr>\n<td align=\"LEFT\" height=\"18\">couleur :<\/td>\n<td align=\"LEFT\">Bleu<\/td>\n<\/tr>\n<tr>\n<td align=\"LEFT\" height=\"18\">Gewebeart:<\/td>\n<td align=\"LEFT\">Schurwolle<\/td>\n<\/tr>\n<tr>\n<td align=\"LEFT\" height=\"18\">taille :<\/td>\n<td align=\"LEFT\">56<\/td>\n<\/tr>\n<tr>\n<td align=\"LEFT\" height=\"18\">Gr\u00f6\u00dfenkategorie:<\/td>\n<td align=\"LEFT\">Normalgr\u00f6\u00dfe<\/td>\n<\/tr>\n<tr>\n<td align=\"LEFT\" height=\"18\">Jacken-\/Mantell\u00e4nge:<\/td>\n<td align=\"LEFT\">nicht zutreffend<\/td>\n<\/tr>\n<tr>\n<td align=\"LEFT\" height=\"18\">Jackenrevers-Form:<\/td>\n<td align=\"LEFT\">nicht zutreffend<\/td>\n<\/tr>\n<tr>\n<td align=\"LEFT\" height=\"18\">Marke:<\/td>\n<td align=\"LEFT\">HUGO BOSS<\/td>\n<\/tr>\n<tr>\n<td align=\"LEFT\" height=\"18\">mat\u00e9riel :<\/td>\n<td align=\"LEFT\">Schurwolle<\/td>\n<\/tr>\n<tr>\n<td align=\"LEFT\" height=\"18\">Ajustement :<\/td>\n<td align=\"LEFT\">Regular<\/td>\n<\/tr>\n<tr>\n<td align=\"LEFT\" height=\"18\">Produktart:<\/td>\n<td align=\"LEFT\">Anzughose<\/td>\n<\/tr>\n<tr>\n<td align=\"LEFT\" height=\"18\">Stil:<\/td>\n<td align=\"LEFT\">Pantalon<\/td>\n<\/tr>\n<tr>\n<td align=\"LEFT\" height=\"18\">Thema:<\/td>\n<td align=\"LEFT\">Elegant<\/td>\n<\/tr>\n<tr>\n<td align=\"LEFT\" height=\"18\">Vintage:<\/td>\n<td align=\"LEFT\">Nein<\/td>\n<\/tr>\n<\/tbody>\n<\/table>","protected":false},"featured_media":78349,"comment_status":"open","ping_status":"closed","template":"","meta":{"_seopress_robots_primary_cat":"","_seopress_titles_title":"","_seopress_titles_desc":"","_seopress_robots_index":""},"product_brand":[],"product_cat":[1345,1368,1489],"product_tag":[],"class_list":{"0":"post-78222","1":"product","2":"type-product","3":"status-publish","4":"has-post-thumbnail","6":"product_cat-herrenmode","7":"product_cat-anzuege-anzugsteile","8":"product_cat-anzugshosen","9":"product_shipping_class-standard-versand","11":"first","12":"instock","13":"sale","14":"taxable","15":"shipping-taxable","16":"purchasable","17":"product-type-simple"},"_links":{"self":[{"href":"https:\/\/www.soanam.de\/fr\/wp-json\/wp\/v2\/product\/78222","targetHints":{"allow":["GET"]}}],"collection":[{"href":"https:\/\/www.soanam.de\/fr\/wp-json\/wp\/v2\/product"}],"about":[{"href":"https:\/\/www.soanam.de\/fr\/wp-json\/wp\/v2\/types\/product"}],"replies":[{"embeddable":true,"href":"https:\/\/www.soanam.de\/fr\/wp-json\/wp\/v2\/comments?post=78222"}],"wp:featuredmedia":[{"embeddable":true,"href":"https:\/\/www.soanam.de\/fr\/wp-json\/wp\/v2\/media\/78349"}],"wp:attachment":[{"href":"https:\/\/www.soanam.de\/fr\/wp-json\/wp\/v2\/media?parent=78222"}],"wp:term":[{"taxonomy":"product_brand","embeddable":true,"href":"https:\/\/www.soanam.de\/fr\/wp-json\/wp\/v2\/product_brand?post=78222"},{"taxonomy":"product_cat","embeddable":true,"href":"https:\/\/www.soanam.de\/fr\/wp-json\/wp\/v2\/product_cat?post=78222"},{"taxonomy":"product_tag","embeddable":true,"href":"https:\/\/www.soanam.de\/fr\/wp-json\/wp\/v2\/product_tag?post=78222"}],"curies":[{"name":"wp","href":"https:\/\/api.w.org\/{rel}","templated":true}]}}