{"id":78198,"date":"2023-12-13T21:13:35","date_gmt":"2023-12-13T20:13:35","guid":{"rendered":"https:\/\/www.soanam.de\/?post_type=product&#038;p=78198"},"modified":"2023-12-13T21:16:20","modified_gmt":"2023-12-13T20:16:20","slug":"ponyhuetchen-stick-de-soin-pour-les-levres-pretty-pure-naturkosmetik-bio-vegan-48g","status":"publish","type":"product","link":"https:\/\/www.soanam.de\/fr\/produkt\/ponyhuetchen-lippenpflegestift-pretty-pure-naturkosmetik-bio-vegan-48g\/","title":{"rendered":"PonyH\u00fctchen stick de soin des l\u00e8vres Pretty &amp; Pure, cosm\u00e9tiques naturels, BIO, VEGAN, 4,8g"},"content":{"rendered":"<h3>Description du produit<\/h3>\n<p>Notre nouveau baume \u00e0 l\u00e8vres pratique, sans parfum et sans go\u00fbt. Avec des ingr\u00e9dients bio de haute qualit\u00e9 et 100% v\u00e9g\u00e9talien.<\/p>\n<p>Klar, Lippenpflegestifte sind jetzt keine wahnsinnig neue Erfindung, doch schick verpackt, mit hochwertigen Zutaten aus Bio-Anbau und Wildsammlung und dann auch noch vegan - das ist schon etwas ganz Besonderes. In vielen Naturkosmetik-Lippenpflegen wird nach wie vor Bienenwachs verwendet, weil es nat\u00fcrlich ist, und sicher auch gute Pflegeeigenschaften hat. F\u00fcr uns haben tierische Inhaltsstoffe nichts in Kosmetik zu suchen, weswegen wir Bienenwachs u.a. durch Candelillawachs, Sheabutter und Caranubawachs ersetzen. Da wir eine 100% vegane Naturkosmetikmarke sind, arbeiten wir ausschlie\u00dflich mit pflanzlichen Inhaltsstoffen.<\/p>\n<p>Notre baume \u00e0 l\u00e8vres v\u00e9g\u00e9talien est non seulement exempt d'ingr\u00e9dients d'origine animale et rempli d'ingr\u00e9dients de soin tels que l'huile d'olive, la cire de candelilla et l'huile de ricin issus de l'agriculture biologique ou de la cueillette sauvage, mais il est \u00e9galement disponible en format stick pratique, sans parfum et sans go\u00fbt. Il convient aussi bien aux enfants qu'aux femmes et aux hommes et est donc le compagnon id\u00e9al en voyage, dans l'agitation stressante des grandes villes et, bien s\u00fbr, dans le sac \u00e0 main.<\/p>\n<p><strong>Ingr\u00e9dients\u00a0<\/strong><br \/>\nINCI : Olea Europaea Fruit Oil*, Rhus Vernicflua Peel Cera**, Copernicia Cerifera Cera*, Candelilla Cera*, Butyrospermum Parkii Butter*, Ricinus Communis Seed Oil*, Simmondsia Chinensis Seed Oil*, Theobroma Cacao Seed Butter*, Hippophae Rhamnoides Fruit Oil*, Tocopherol, Helianthus Annuus Seed Oil.<\/p>\n<p>*de culture biologique contr\u00f4l\u00e9e | **de cueillette sauvage<\/p>","protected":false},"excerpt":{"rendered":"<h3>Caract\u00e9ristiques de l'article<\/h3>\n<p>Artikelzustand: Neu - Neuer, unbenutzter und unbesch\u00e4digter Artikel in nicht ge\u00f6ffneter Originalverpackung<\/p>\n<table dir=\"ltr\" border=\"1\" cellspacing=\"0\" cellpadding=\"0\">\n<colgroup>\n<col width=\"203\" \/>\n<col width=\"365\" \/><\/colgroup>\n<tbody>\n<tr>\n<td data-sheets-value=\"{&quot;1&quot;:2,&quot;2&quot;:&quot;Besonderheiten:&quot;}\">Particularit\u00e9s :<\/td>\n<td data-sheets-value=\"{&quot;1&quot;:2,&quot;2&quot;:&quot;Bio, Vegan&quot;}\">Bio, Vegan<\/td>\n<\/tr>\n<tr>\n<td data-sheets-value=\"{&quot;1&quot;:2,&quot;2&quot;:&quot;Farbe:&quot;}\">couleur :<\/td>\n<td data-sheets-value=\"{&quot;1&quot;:2,&quot;2&quot;:&quot;Transparent&quot;}\">Transparent<\/td>\n<\/tr>\n<tr>\n<td data-sheets-value=\"{&quot;1&quot;:2,&quot;2&quot;:&quot;Gr\u00f6\u00dfe:&quot;}\">taille :<\/td>\n<td data-sheets-value=\"{&quot;1&quot;:2,&quot;2&quot;:&quot;Standardgr\u00f6\u00dfe&quot;}\">Standardgr\u00f6\u00dfe<\/td>\n<\/tr>\n<tr>\n<td data-sheets-value=\"{&quot;1&quot;:2,&quot;2&quot;:&quot;Hauptverwendungszweck:&quot;}\">Hauptverwendungszweck:<\/td>\n<td data-sheets-value=\"{&quot;1&quot;:2,&quot;2&quot;:&quot;Trockene Lippen&quot;}\">Trockene Lippen<\/td>\n<\/tr>\n<tr>\n<td data-sheets-value=\"{&quot;1&quot;:2,&quot;2&quot;:&quot;Herstellernummer:&quot;}\">Herstellernummer:<\/td>\n<td data-sheets-value=\"{&quot;1&quot;:2,&quot;2&quot;:&quot;nicht zutreffend&quot;}\">nicht zutreffend<\/td>\n<\/tr>\n<tr>\n<td data-sheets-value=\"{&quot;1&quot;:2,&quot;2&quot;:&quot;Inhalt:&quot;}\">Inhalt:<\/td>\n<td data-sheets-value=\"{&quot;1&quot;:2,&quot;2&quot;:&quot;4,8g&quot;}\">4,8g<\/td>\n<\/tr>\n<tr>\n<td data-sheets-value=\"{&quot;1&quot;:2,&quot;2&quot;:&quot;Inhaltsstoffe:&quot;}\">Inhaltsstoffe:<\/td>\n<td data-sheets-value=\"{&quot;1&quot;:2,&quot;2&quot;:&quot;siehe Artikelbeschreibung&quot;}\">siehe Artikelbeschreibung<\/td>\n<\/tr>\n<tr>\n<td data-sheets-value=\"{&quot;1&quot;:2,&quot;2&quot;:&quot;Lichtschutzfaktor (LSF):&quot;}\">Lichtschutzfaktor (LSF):<\/td>\n<td data-sheets-value=\"{&quot;1&quot;:2,&quot;2&quot;:&quot;LSF 0&quot;}\">LSF 0<\/td>\n<\/tr>\n<tr>\n<td data-sheets-value=\"{&quot;1&quot;:2,&quot;2&quot;:&quot;Marke:&quot;}\">Marke:<\/td>\n<td data-sheets-value=\"{&quot;1&quot;:2,&quot;2&quot;:&quot;PonyH\u00fctchen&quot;}\">PonyHutte<\/td>\n<\/tr>\n<tr>\n<td data-sheets-value=\"{&quot;1&quot;:2,&quot;2&quot;:&quot;Produktart:&quot;}\">Produktart:<\/td>\n<td data-sheets-value=\"{&quot;1&quot;:2,&quot;2&quot;:&quot;Lippenpflegestift&quot;}\">Lippenpflegestift<\/td>\n<\/tr>\n<tr>\n<td data-sheets-value=\"{&quot;1&quot;:2,&quot;2&quot;:&quot;Produktlinie:&quot;}\">Produktlinie:<\/td>\n<td data-sheets-value=\"{&quot;1&quot;:2,&quot;2&quot;:&quot;Naturkosmetik&quot;}\">Naturkosmetik<\/td>\n<\/tr>\n<tr>\n<td data-sheets-value=\"{&quot;1&quot;:2,&quot;2&quot;:&quot;UVA-Schutz:&quot;}\">UVA-Schutz:<\/td>\n<td data-sheets-value=\"{&quot;1&quot;:2,&quot;2&quot;:&quot;ohne Angabe&quot;}\">ohne Angabe<\/td>\n<\/tr>\n<tr>\n<td data-sheets-value=\"{&quot;1&quot;:2,&quot;2&quot;:&quot;Verwendungsdauer:&quot;}\">Verwendungsdauer:<\/td>\n<td data-sheets-value=\"{&quot;1&quot;:2,&quot;2&quot;:&quot;18M&quot;}\">18M<\/td>\n<\/tr>\n<tr>\n<td data-sheets-value=\"{&quot;1&quot;:2,&quot;2&quot;:&quot;Wirksame Inhaltsstoffe:&quot;}\">Wirksame Inhaltsstoffe:<\/td>\n<td data-sheets-value=\"{&quot;1&quot;:2,&quot;2&quot;:&quot;Candelillawachs, Sheabutter, Caranubawachs&quot;}\">Candelillawachs, Sheabutter, Caranubawachs<\/td>\n<\/tr>\n<\/tbody>\n<\/table>","protected":false},"featured_media":78318,"comment_status":"open","ping_status":"closed","template":"","meta":{"_seopress_robots_primary_cat":"","_seopress_titles_title":"","_seopress_titles_desc":"","_seopress_robots_index":""},"product_brand":[],"product_cat":[1442,1443],"product_tag":[],"class_list":{"0":"post-78198","1":"product","2":"type-product","3":"status-publish","4":"has-post-thumbnail","6":"product_cat-kosmetik","7":"product_cat-gesichtspflege","8":"product_shipping_class-standard-versand","10":"first","11":"instock","12":"sale","13":"taxable","14":"shipping-taxable","15":"purchasable","16":"product-type-simple"},"_links":{"self":[{"href":"https:\/\/www.soanam.de\/fr\/wp-json\/wp\/v2\/product\/78198","targetHints":{"allow":["GET"]}}],"collection":[{"href":"https:\/\/www.soanam.de\/fr\/wp-json\/wp\/v2\/product"}],"about":[{"href":"https:\/\/www.soanam.de\/fr\/wp-json\/wp\/v2\/types\/product"}],"replies":[{"embeddable":true,"href":"https:\/\/www.soanam.de\/fr\/wp-json\/wp\/v2\/comments?post=78198"}],"wp:featuredmedia":[{"embeddable":true,"href":"https:\/\/www.soanam.de\/fr\/wp-json\/wp\/v2\/media\/78318"}],"wp:attachment":[{"href":"https:\/\/www.soanam.de\/fr\/wp-json\/wp\/v2\/media?parent=78198"}],"wp:term":[{"taxonomy":"product_brand","embeddable":true,"href":"https:\/\/www.soanam.de\/fr\/wp-json\/wp\/v2\/product_brand?post=78198"},{"taxonomy":"product_cat","embeddable":true,"href":"https:\/\/www.soanam.de\/fr\/wp-json\/wp\/v2\/product_cat?post=78198"},{"taxonomy":"product_tag","embeddable":true,"href":"https:\/\/www.soanam.de\/fr\/wp-json\/wp\/v2\/product_tag?post=78198"}],"curies":[{"name":"wp","href":"https:\/\/api.w.org\/{rel}","templated":true}]}}