{"id":78187,"date":"2023-12-13T21:13:08","date_gmt":"2023-12-13T20:13:08","guid":{"rendered":"https:\/\/www.soanam.de\/?post_type=product&#038;p=78187"},"modified":"2023-12-13T21:16:13","modified_gmt":"2023-12-13T20:16:13","slug":"nike-mens-long-sleeve-tee-in-white-size-xl","status":"publish","type":"product","link":"https:\/\/www.soanam.de\/fr\/produkt\/nike-mens-long-sleeve-tee-in-weiss-groesse-xl\/","title":{"rendered":"Tee-shirt manches longues hommes Nike, en blanc, taille XL"},"content":{"rendered":"<p>T-shirt \u00e0 manches longues simple de Nike<br \/>\nForme basique en coupe standard<br \/>\nImpression du slogan Just Do It<br \/>\nEn coton doux<\/p>\n<p>Mati\u00e8re fine et agr\u00e9able au toucher, confortable et parfaitement adapt\u00e9e.<br \/>\nEncolure ronde et extr\u00e9mit\u00e9s des manches c\u00f4tel\u00e9es.<br \/>\nConvient pour le sport, les loisirs ou tout simplement pour se couvrir.<\/p>\n<p>Mati\u00e8re : 100% coton<br \/>\nConseils d'entretien : Lavage en machine<\/p>\n<p>couleur : blanc<br \/>\n\u00c9chantillon : slogan<br \/>\nTaille : XL<\/p>\n<p>Largeur des \u00e9paules : 98cm<br \/>\nTour de poitrine : 124cm<br \/>\nLongueur des manches : 72cm<br \/>\nlongueur totale : 78cm<\/p>","protected":false},"excerpt":{"rendered":"<p>Couleur : Blanc<br \/>\nTaille : XL<br \/>\nMati\u00e8re : coton<br \/>\nKomposition: 100% Baumwolle<br \/>\nPassform: Standard Fit<br \/>\nDruck: Inschrift<br \/>\nHerkunftsland: China<\/p>","protected":false},"featured_media":78312,"comment_status":"open","ping_status":"closed","template":"","meta":{"_seopress_robots_primary_cat":"","_seopress_titles_title":"","_seopress_titles_desc":"","_seopress_robots_index":""},"product_brand":[],"product_cat":[1345,1485,1486],"product_tag":[],"class_list":{"0":"post-78187","1":"product","2":"type-product","3":"status-publish","4":"has-post-thumbnail","6":"product_cat-herrenmode","7":"product_cat-pullover-sweater-herrenmode","8":"product_cat-langarmshirts-pullover-sweater-herrenmode","9":"product_shipping_class-standard-versand","11":"first","12":"instock","13":"sale","14":"taxable","15":"shipping-taxable","16":"purchasable","17":"product-type-simple"},"_links":{"self":[{"href":"https:\/\/www.soanam.de\/fr\/wp-json\/wp\/v2\/product\/78187","targetHints":{"allow":["GET"]}}],"collection":[{"href":"https:\/\/www.soanam.de\/fr\/wp-json\/wp\/v2\/product"}],"about":[{"href":"https:\/\/www.soanam.de\/fr\/wp-json\/wp\/v2\/types\/product"}],"replies":[{"embeddable":true,"href":"https:\/\/www.soanam.de\/fr\/wp-json\/wp\/v2\/comments?post=78187"}],"wp:featuredmedia":[{"embeddable":true,"href":"https:\/\/www.soanam.de\/fr\/wp-json\/wp\/v2\/media\/78312"}],"wp:attachment":[{"href":"https:\/\/www.soanam.de\/fr\/wp-json\/wp\/v2\/media?parent=78187"}],"wp:term":[{"taxonomy":"product_brand","embeddable":true,"href":"https:\/\/www.soanam.de\/fr\/wp-json\/wp\/v2\/product_brand?post=78187"},{"taxonomy":"product_cat","embeddable":true,"href":"https:\/\/www.soanam.de\/fr\/wp-json\/wp\/v2\/product_cat?post=78187"},{"taxonomy":"product_tag","embeddable":true,"href":"https:\/\/www.soanam.de\/fr\/wp-json\/wp\/v2\/product_tag?post=78187"}],"curies":[{"name":"wp","href":"https:\/\/api.w.org\/{rel}","templated":true}]}}