{"id":78184,"date":"2023-12-13T21:13:08","date_gmt":"2023-12-13T20:13:08","guid":{"rendered":"https:\/\/www.soanam.de\/?post_type=product&#038;p=78184"},"modified":"2023-12-13T21:15:52","modified_gmt":"2023-12-13T20:15:52","slug":"lotta-olsson-maria-nilsson-thore-ein-einzigartiger-freund-und-das-ganz-ganz-grosse-glueck-gebundene-ausgabe-2012","status":"publish","type":"product","link":"https:\/\/www.soanam.de\/fr\/produkt\/lotta-olsson-maria-nilsson-thore-ein-einzigartiger-freund-und-das-ganz-ganz-grosse-glueck-gebundene-ausgabe-2012\/","title":{"rendered":"Lotta Olsson, Maria Nilsson Thore - \"Un ami unique et un tr\u00e8s, tr\u00e8s grand bonheur\" Edition reli\u00e9e 2012"},"content":{"rendered":"<h3>Description du produit<\/h3>\n<p>Bist du komisch? Dann melde dich! Dem gro\u00dfen Ameisenb\u00e4ren und seiner Freundin, der kleinen Haselmaus, flattern Briefe aus aller Welt ins Haus. Schnell wird dem anfangs ungl\u00fccklichen Ameisenb\u00e4ren klar, dass es noch viel seltsamere Tiere als ihn selbst gibt. Das h\u00e4tte er nicht gedacht! Und noch etwas viel Wichtigeres h\u00e4tte er ebenfalls beinahe \u00fcbersehen: Jedes der Tiere hat eine ganz besondere Eigenschaft, die es erst zu dem macht, was es ist. Wie gut, dass es dich gibt, Ameisenb\u00e4r! Ein wunderbares Buch zum Vorlesen und Selberlesen.<\/p>\n<p><strong>D\u00e9tails du produit<\/strong><br \/>\nHerausgeber \u200f : \u200e Arena<br \/>\nAutor : Lotta Olsson<br \/>\nIllustrator : Maria Nilsson Thore<br \/>\nOriginaltitel : \u201cKonstiga Djur\u201d<br \/>\nAnn\u00e9e de publication : 2012<br \/>\nLangue : allemand<br \/>\nCouverture : Reli\u00e9<br \/>\nNombre de pages : 112 pages<br \/>\nISBN-10 \u200f : \u200e 3401099779<br \/>\nISBN-13 \u200f : \u200e 978-3401099774<br \/>\nAbbildungen : farbig illustriert<br \/>\nAltersempfehlung : 4 - 6 Jahre<br \/>\nArtikelgewicht \u200f : \u200e 381 g<\/p>","protected":false},"excerpt":{"rendered":"<h3>Caract\u00e9ristiques de l'article<\/h3>\n<p>Artikelzustand: Neu - Neues, ungelesenes, ungebrauchtes Buch in makellosem Zustand<\/p>\n<table dir=\"ltr\" border=\"1\" cellspacing=\"0\" cellpadding=\"0\">\n<colgroup>\n<col width=\"203\" \/>\n<col width=\"365\" \/><\/colgroup>\n<tbody>\n<tr>\n<td data-sheets-value=\"{&quot;1&quot;:2,&quot;2&quot;:&quot;Autor:&quot;}\">Autor:<\/td>\n<td data-sheets-value=\"{&quot;1&quot;:2,&quot;2&quot;:&quot;Lotta Olsson, Maria Nilsson Thore&quot;}\">Lotta Olsson, Maria Nilsson Thore<\/td>\n<\/tr>\n<tr>\n<td data-sheets-value=\"{&quot;1&quot;:2,&quot;2&quot;:&quot;Besonderheiten:&quot;}\">Particularit\u00e9s :<\/td>\n<td data-sheets-value=\"{&quot;1&quot;:2,&quot;2&quot;:&quot;Illustriert&quot;}\">Illustriert<\/td>\n<\/tr>\n<tr>\n<td data-sheets-value=\"{&quot;1&quot;:2,&quot;2&quot;:&quot;Buchtitel:&quot;}\">Buchtitel:<\/td>\n<td data-sheets-value=\"{&quot;1&quot;:2,&quot;2&quot;:&quot;Ein einzigartiger Freund und das ganz, ganz gro\u00dfe&quot;}\">Ein einzigartiger Freund und das ganz, ganz gro\u00dfe<\/td>\n<\/tr>\n<tr>\n<td data-sheets-value=\"{&quot;1&quot;:2,&quot;2&quot;:&quot;Erscheinungsjahr:&quot;}\">Erscheinungsjahr:<\/td>\n<td data-sheets-value=\"{&quot;1&quot;:3,&quot;3&quot;:2012}\">2012<\/td>\n<\/tr>\n<tr>\n<td data-sheets-value=\"{&quot;1&quot;:2,&quot;2&quot;:&quot;Format:&quot;}\">Format:<\/td>\n<td data-sheets-value=\"{&quot;1&quot;:2,&quot;2&quot;:&quot;Gebundene Ausgabe&quot;}\">Gebundene Ausgabe<\/td>\n<\/tr>\n<tr>\n<td data-sheets-value=\"{&quot;1&quot;:2,&quot;2&quot;:&quot;Genre:&quot;}\">Genre:<\/td>\n<td data-sheets-value=\"{&quot;1&quot;:2,&quot;2&quot;:&quot;Kinder- &amp; Jugendliteratur&quot;}\">Kinder- &amp; Jugendliteratur<\/td>\n<\/tr>\n<tr>\n<td data-sheets-value=\"{&quot;1&quot;:2,&quot;2&quot;:&quot;Herstellungsland und -region:&quot;}\">Herstellungsland und -region:<\/td>\n<td data-sheets-value=\"{&quot;1&quot;:2,&quot;2&quot;:&quot;Deutschland&quot;}\">Allemagne<\/td>\n<\/tr>\n<tr>\n<td data-sheets-value=\"{&quot;1&quot;:2,&quot;2&quot;:&quot;ISBN:&quot;}\">ISBN:<\/td>\n<td data-sheets-value=\"{&quot;1&quot;:3,&quot;3&quot;:9783401099774}\">9783401099774<\/td>\n<\/tr>\n<tr>\n<td data-sheets-value=\"{&quot;1&quot;:2,&quot;2&quot;:&quot;Literarische Gattung:&quot;}\">Literarische Gattung:<\/td>\n<td data-sheets-value=\"{&quot;1&quot;:2,&quot;2&quot;:&quot;Belletristik&quot;}\">Belletristik<\/td>\n<\/tr>\n<tr>\n<td data-sheets-value=\"{&quot;1&quot;:2,&quot;2&quot;:&quot;Produktart:&quot;}\">Produktart:<\/td>\n<td data-sheets-value=\"{&quot;1&quot;:2,&quot;2&quot;:&quot;Kinderbuch&quot;}\">Kinderbuch<\/td>\n<\/tr>\n<tr>\n<td data-sheets-value=\"{&quot;1&quot;:2,&quot;2&quot;:&quot;Sprache:&quot;}\">Sprache:<\/td>\n<td data-sheets-value=\"{&quot;1&quot;:2,&quot;2&quot;:&quot;Deutsch&quot;}\">Allemand<\/td>\n<\/tr>\n<tr>\n<td data-sheets-value=\"{&quot;1&quot;:2,&quot;2&quot;:&quot;Thematik:&quot;}\">Thematik:<\/td>\n<td data-sheets-value=\"{&quot;1&quot;:2,&quot;2&quot;:&quot;Tiere&quot;}\">Tiere<\/td>\n<\/tr>\n<tr>\n<td data-sheets-value=\"{&quot;1&quot;:2,&quot;2&quot;:&quot;Verlag:&quot;}\">Verlag:<\/td>\n<td data-sheets-value=\"{&quot;1&quot;:2,&quot;2&quot;:&quot;Arena&quot;}\">Arena<\/td>\n<\/tr>\n<tr>\n<td data-sheets-value=\"{&quot;1&quot;:2,&quot;2&quot;:&quot;Zielgruppe:&quot;}\">Zielgruppe:<\/td>\n<td data-sheets-value=\"{&quot;1&quot;:2,&quot;2&quot;:&quot;4-8 Jahre&quot;}\">4-6 Jahre<\/td>\n<\/tr>\n<\/tbody>\n<\/table>","protected":false},"featured_media":78298,"comment_status":"open","ping_status":"closed","template":"","meta":{"_seopress_robots_primary_cat":"","_seopress_titles_title":"","_seopress_titles_desc":"","_seopress_robots_index":""},"product_brand":[],"product_cat":[1428,1431,1432,1441],"product_tag":[],"class_list":{"0":"post-78184","1":"product","2":"type-product","3":"status-publish","4":"has-post-thumbnail","6":"product_cat-buecher","7":"product_cat-kinder","8":"product_cat-bilderbuecher","9":"product_cat-geschichten","10":"product_shipping_class-standard-versand","12":"first","13":"instock","14":"taxable","15":"shipping-taxable","16":"purchasable","17":"product-type-simple"},"_links":{"self":[{"href":"https:\/\/www.soanam.de\/fr\/wp-json\/wp\/v2\/product\/78184","targetHints":{"allow":["GET"]}}],"collection":[{"href":"https:\/\/www.soanam.de\/fr\/wp-json\/wp\/v2\/product"}],"about":[{"href":"https:\/\/www.soanam.de\/fr\/wp-json\/wp\/v2\/types\/product"}],"replies":[{"embeddable":true,"href":"https:\/\/www.soanam.de\/fr\/wp-json\/wp\/v2\/comments?post=78184"}],"wp:featuredmedia":[{"embeddable":true,"href":"https:\/\/www.soanam.de\/fr\/wp-json\/wp\/v2\/media\/78298"}],"wp:attachment":[{"href":"https:\/\/www.soanam.de\/fr\/wp-json\/wp\/v2\/media?parent=78184"}],"wp:term":[{"taxonomy":"product_brand","embeddable":true,"href":"https:\/\/www.soanam.de\/fr\/wp-json\/wp\/v2\/product_brand?post=78184"},{"taxonomy":"product_cat","embeddable":true,"href":"https:\/\/www.soanam.de\/fr\/wp-json\/wp\/v2\/product_cat?post=78184"},{"taxonomy":"product_tag","embeddable":true,"href":"https:\/\/www.soanam.de\/fr\/wp-json\/wp\/v2\/product_tag?post=78184"}],"curies":[{"name":"wp","href":"https:\/\/api.w.org\/{rel}","templated":true}]}}