{"id":78183,"date":"2023-12-13T21:13:07","date_gmt":"2023-12-13T20:13:07","guid":{"rendered":"https:\/\/www.soanam.de\/?post_type=product&#038;p=78183"},"modified":"2023-12-13T21:15:50","modified_gmt":"2023-12-13T20:15:50","slug":"mami-to-go-check-lists-pour-la-grossesse-naissance-livre-de-poche-allemand-2018","status":"publish","type":"product","link":"https:\/\/www.soanam.de\/fr\/produkt\/mami-to-go-checklisten-fuer-schwangerschaft-geburt-taschenbuch-deutsch-2018\/","title":{"rendered":"Mami to go -Checklists pour la grossesse et la naissance, livre de poche, allemand, 2018"},"content":{"rendered":"<h3>Description du produit<\/h3>\n<p>Aide rapide avec le livre Mami to go - Check-lists pour la grossesse et la naissance<br \/>\nLes futurs parents ont beaucoup de questions - ce guide r\u00e9pond aux plus fr\u00e9quentes et donne un aper\u00e7u de tout ce qui est important pendant cette p\u00e9riode gr\u00e2ce \u00e0 des listes de contr\u00f4le.<br \/>\nUn guide simple, r\u00e9alis\u00e9 avec amour, pour tous ceux qui aiment le pragmatisme et ne veulent pas (se) faire prendre la t\u00eate avec trop de connaissances.<br \/>\nC'est aussi un compl\u00e9ment parfait \u00e0 tous les gros livres sur la grossesse - vous y trouverez l'essentiel en un clin d'\u0153il.<\/p>\n<p><strong>D\u00e9tails<\/strong><br \/>\nNombre de pages de l'\u00e9dition imprim\u00e9e : 144 pages<br \/>\nLangue : Allemand<br \/>\n\u00c9diteur : GR\u00c4FE UND UNZER Verlag GmbH<br \/>\nAuteur : Silke R. Plagge<br \/>\nDate de parution : 10 septembre 2018<br \/>\nDimensions : 15.2 x 1.5 x 18 cm<br \/>\nISBN-10 : 3833867205<br \/>\nISBN-13 : 9783833867200<br \/>\nS\u00e9rie de livres : Gu Partenariat &amp; Famille<\/p>","protected":false},"excerpt":{"rendered":"<h3>Caract\u00e9ristiques de l'article<\/h3>\n<p>Artikelzustand: Neu - Neues, ungelesenes, ungebrauchtes Buch in makellosem Zustand<\/p>\n<table dir=\"ltr\" border=\"1\" cellspacing=\"0\" cellpadding=\"0\">\n<colgroup>\n<col width=\"203\" \/>\n<col width=\"550\" \/><\/colgroup>\n<tbody>\n<tr>\n<td data-sheets-value=\"{&quot;1&quot;:2,&quot;2&quot;:&quot;Anzahl der Seiten:&quot;}\">Anzahl der Seiten:<\/td>\n<td data-sheets-value=\"{&quot;1&quot;:2,&quot;2&quot;:&quot;144 Seiten&quot;}\">144 Seiten<\/td>\n<\/tr>\n<tr>\n<td data-sheets-value=\"{&quot;1&quot;:2,&quot;2&quot;:&quot;Autor:&quot;}\">Autor:<\/td>\n<td data-sheets-value=\"{&quot;1&quot;:2,&quot;2&quot;:&quot;Silke R. Plagge&quot;}\">Silke R. Plagge<\/td>\n<\/tr>\n<tr>\n<td data-sheets-value=\"{&quot;1&quot;:2,&quot;2&quot;:&quot;Besonderheiten:&quot;}\">Particularit\u00e9s :<\/td>\n<td data-sheets-value=\"{&quot;1&quot;:2,&quot;2&quot;:&quot;Illustriert&quot;}\">Illustriert<\/td>\n<\/tr>\n<tr>\n<td data-sheets-value=\"{&quot;1&quot;:2,&quot;2&quot;:&quot;Buchreihe:&quot;}\">Buchreihe:<\/td>\n<td data-sheets-value=\"{&quot;1&quot;:2,&quot;2&quot;:&quot;Gu Partnerschaft &amp; Familie Einzeltitel&quot;}\">Gu Partnerschaft &amp; Familie Einzeltitel<\/td>\n<\/tr>\n<tr>\n<td data-sheets-value=\"{&quot;1&quot;:2,&quot;2&quot;:&quot;Buchtitel:&quot;}\">Buchtitel:<\/td>\n<td data-sheets-value=\"{&quot;1&quot;:2,&quot;2&quot;:&quot;Mami to Go-Checklisten f\u00fcr Schwangerschaft &amp; Geburt&quot;}\">Mami to Go-Checklisten f\u00fcr Schwangerschaft &amp; Geburt<\/td>\n<\/tr>\n<tr>\n<td data-sheets-value=\"{&quot;1&quot;:2,&quot;2&quot;:&quot;Erscheinungsjahr:&quot;}\">Erscheinungsjahr:<\/td>\n<td data-sheets-value=\"{&quot;1&quot;:3,&quot;3&quot;:2018}\">2018<\/td>\n<\/tr>\n<tr>\n<td data-sheets-value=\"{&quot;1&quot;:2,&quot;2&quot;:&quot;Format:&quot;}\">Format:<\/td>\n<td data-sheets-value=\"{&quot;1&quot;:2,&quot;2&quot;:&quot;Taschenbuch&quot;}\">Taschenbuch<\/td>\n<\/tr>\n<tr>\n<td data-sheets-value=\"{&quot;1&quot;:2,&quot;2&quot;:&quot;Genre:&quot;}\">Genre:<\/td>\n<td data-sheets-value=\"{&quot;1&quot;:2,&quot;2&quot;:&quot;Gesundheit, Ern\u00e4hrung &amp; Medizin&quot;}\">Gesundheit, Ern\u00e4hrung &amp; Medizin<\/td>\n<\/tr>\n<tr>\n<td data-sheets-value=\"{&quot;1&quot;:2,&quot;2&quot;:&quot;Herstellungsland und -region:&quot;}\">Herstellungsland und -region:<\/td>\n<td data-sheets-value=\"{&quot;1&quot;:2,&quot;2&quot;:&quot;Deutschland&quot;}\">Allemagne<\/td>\n<\/tr>\n<tr>\n<td data-sheets-value=\"{&quot;1&quot;:2,&quot;2&quot;:&quot;ISBN:&quot;}\">ISBN:<\/td>\n<td data-sheets-value=\"{&quot;1&quot;:3,&quot;3&quot;:9783833867200}\">9783833867200<\/td>\n<\/tr>\n<tr>\n<td data-sheets-value=\"{&quot;1&quot;:2,&quot;2&quot;:&quot;Literarische Gattung:&quot;}\">Literarische Gattung:<\/td>\n<td data-sheets-value=\"{&quot;1&quot;:2,&quot;2&quot;:&quot;Sachbuch&quot;}\">Sachbuch<\/td>\n<\/tr>\n<tr>\n<td data-sheets-value=\"{&quot;1&quot;:2,&quot;2&quot;:&quot;Produktart:&quot;}\">Produktart:<\/td>\n<td data-sheets-value=\"{&quot;1&quot;:2,&quot;2&quot;:&quot;Schwangerschaftstagebuch&quot;}\">Schwangerschaftstagebuch<\/td>\n<\/tr>\n<tr>\n<td data-sheets-value=\"{&quot;1&quot;:2,&quot;2&quot;:&quot;Seitenzahl:&quot;}\">Seitenzahl:<\/td>\n<td data-sheets-value=\"{&quot;1&quot;:3,&quot;3&quot;:144}\">144<\/td>\n<\/tr>\n<tr>\n<td data-sheets-value=\"{&quot;1&quot;:2,&quot;2&quot;:&quot;Sprache:&quot;}\">Sprache:<\/td>\n<td data-sheets-value=\"{&quot;1&quot;:2,&quot;2&quot;:&quot;Deutsch&quot;}\">Allemand<\/td>\n<\/tr>\n<tr>\n<td data-sheets-value=\"{&quot;1&quot;:2,&quot;2&quot;:&quot;Thematik:&quot;}\">Thematik:<\/td>\n<td data-sheets-value=\"{&quot;1&quot;:2,&quot;2&quot;:&quot;Schwangerschaft und Geburt&quot;}\">Schwangerschaft und Geburt<\/td>\n<\/tr>\n<tr>\n<td data-sheets-value=\"{&quot;1&quot;:2,&quot;2&quot;:&quot;Verlag:&quot;}\">Verlag:<\/td>\n<td data-sheets-value=\"{&quot;1&quot;:2,&quot;2&quot;:&quot;Gr\u008eFe und Unzer Verlag Gmbh, Gr\u00e4fe und Unzer Verlag Gmbh, Graefe und Unzer Verlag&quot;}\">GrFe und Unzer Verlag Gmbh, Gr\u00e4fe und Unzer Verlag Gmbh, Graefe und Unzer Verlag<\/td>\n<\/tr>\n<tr>\n<td data-sheets-value=\"{&quot;1&quot;:2,&quot;2&quot;:&quot;Zielgruppe:&quot;}\">Zielgruppe:<\/td>\n<td data-sheets-value=\"{&quot;1&quot;:2,&quot;2&quot;:&quot;Jugendliche, Erwachsene&quot;}\">Jugendliche, Erwachsene<\/td>\n<\/tr>\n<\/tbody>\n<\/table>","protected":false},"featured_media":78296,"comment_status":"open","ping_status":"closed","template":"","meta":{"_seopress_robots_primary_cat":"","_seopress_titles_title":"","_seopress_titles_desc":"","_seopress_robots_index":""},"product_brand":[],"product_cat":[1428,1434,1447],"product_tag":[],"class_list":{"0":"post-78183","1":"product","2":"type-product","3":"status-publish","4":"has-post-thumbnail","6":"product_cat-buecher","7":"product_cat-erwachsene","8":"product_cat-ratgeber","9":"product_shipping_class-standard-versand","11":"first","12":"instock","13":"taxable","14":"shipping-taxable","15":"purchasable","16":"product-type-simple"},"_links":{"self":[{"href":"https:\/\/www.soanam.de\/fr\/wp-json\/wp\/v2\/product\/78183","targetHints":{"allow":["GET"]}}],"collection":[{"href":"https:\/\/www.soanam.de\/fr\/wp-json\/wp\/v2\/product"}],"about":[{"href":"https:\/\/www.soanam.de\/fr\/wp-json\/wp\/v2\/types\/product"}],"replies":[{"embeddable":true,"href":"https:\/\/www.soanam.de\/fr\/wp-json\/wp\/v2\/comments?post=78183"}],"wp:featuredmedia":[{"embeddable":true,"href":"https:\/\/www.soanam.de\/fr\/wp-json\/wp\/v2\/media\/78296"}],"wp:attachment":[{"href":"https:\/\/www.soanam.de\/fr\/wp-json\/wp\/v2\/media?parent=78183"}],"wp:term":[{"taxonomy":"product_brand","embeddable":true,"href":"https:\/\/www.soanam.de\/fr\/wp-json\/wp\/v2\/product_brand?post=78183"},{"taxonomy":"product_cat","embeddable":true,"href":"https:\/\/www.soanam.de\/fr\/wp-json\/wp\/v2\/product_cat?post=78183"},{"taxonomy":"product_tag","embeddable":true,"href":"https:\/\/www.soanam.de\/fr\/wp-json\/wp\/v2\/product_tag?post=78183"}],"curies":[{"name":"wp","href":"https:\/\/api.w.org\/{rel}","templated":true}]}}