{"id":78161,"date":"2023-12-13T21:12:42","date_gmt":"2023-12-13T20:12:42","guid":{"rendered":"https:\/\/www.soanam.de\/?post_type=product&#038;p=78161"},"modified":"2023-12-13T21:15:02","modified_gmt":"2023-12-13T20:15:02","slug":"tommy-hilfiger-poloshirt-fuer-herren-in-weiss-groesse-s-m","status":"publish","type":"product","link":"https:\/\/www.soanam.de\/fr\/produkt\/tommy-hilfiger-poloshirt-fuer-herren-in-weiss-groesse-s-m\/","title":{"rendered":"TOMMY HILFIGER Poloshirt f\u00fcr Herren, in Wei\u00df, Gr\u00f6\u00dfe S\/M"},"content":{"rendered":"<p>Polo de Tommy Hilfiger<br \/>\nSlim-fit\/ forme \u00e9troite<br \/>\nDrapeau brod\u00e9 sur la poitrine<br \/>\ncol polo avec patte de boutonnage<\/p>\n<p>Ce polo classique a une coupe \u00e9troite et se caract\u00e9rise par une broderie drapeau sobre et \u00e9l\u00e9gante sur la poitrine.<br \/>\nLa partie sup\u00e9rieure est respirante et douce.<br \/>\nUn classique qui ne se d\u00e9mode jamais.<\/p>\n<p>Mati\u00e8re : 100% coton<br \/>\nConseils d'entretien : Lavage en machine<\/p>\n<p>couleur : blanc<br \/>\nmotif : broderie de drapeaux<br \/>\nGr\u00f6\u00dfe: S\/M<\/p>\n<p>Largeur des \u00e9paules : 39cm<br \/>\nTour de poitrine : 96cm<br \/>\n\u00c4rmell\u00e4nge: 20cm<br \/>\nlongueur totale : 70cm<\/p>","protected":false},"excerpt":{"rendered":"<table class=\"dv_characteristicsTable\">\n<tbody>\n<tr>\n<td class=\"left\">Taille<\/td>\n<td>S\/M (46\/48)<\/td>\n<\/tr>\n<tr>\n<td class=\"left\">Gr\u00f6\u00dfentyp<\/td>\n<td>Normalgr\u00f6\u00dfen<\/td>\n<\/tr>\n<tr>\n<td class=\"left\">Composition du mat\u00e9riau<\/td>\n<td>Obermaterial: 100% Baumwolle<\/td>\n<\/tr>\n<tr>\n<td class=\"left\">Conseils d'entretien<\/td>\n<td>Lavage en machine<\/td>\n<\/tr>\n<tr>\n<td class=\"left\">Stil<\/td>\n<td>casual<\/td>\n<\/tr>\n<tr>\n<td class=\"left\">Couleur<\/td>\n<td>white<\/td>\n<\/tr>\n<tr>\n<td class=\"left\">Kragen<\/td>\n<td>Polokragen<\/td>\n<\/tr>\n<tr>\n<td class=\"left\">\u00c4rmel<\/td>\n<td>Manches courtes<\/td>\n<\/tr>\n<tr>\n<td class=\"left\">\u00c4rmelabschluss<\/td>\n<td>Poignets c\u00f4tel\u00e9s<\/td>\n<\/tr>\n<tr>\n<td class=\"left\">Coupe<\/td>\n<td>schmal<\/td>\n<\/tr>\n<tr>\n<td class=\"left\">Verschluss<\/td>\n<td>2-Knopf-Form<\/td>\n<\/tr>\n<\/tbody>\n<\/table>","protected":false},"featured_media":78268,"comment_status":"open","ping_status":"closed","template":"","meta":{"_seopress_robots_primary_cat":"","_seopress_titles_title":"","_seopress_titles_desc":"","_seopress_robots_index":""},"product_brand":[],"product_cat":[1345,1475,1476],"product_tag":[],"class_list":{"0":"post-78161","1":"product","2":"type-product","3":"status-publish","4":"has-post-thumbnail","6":"product_cat-herrenmode","7":"product_cat-shirts-herrenmode","8":"product_cat-poloshirts","9":"product_shipping_class-standard-versand","11":"first","12":"instock","13":"sale","14":"taxable","15":"shipping-taxable","16":"purchasable","17":"product-type-simple"},"_links":{"self":[{"href":"https:\/\/www.soanam.de\/fr\/wp-json\/wp\/v2\/product\/78161","targetHints":{"allow":["GET"]}}],"collection":[{"href":"https:\/\/www.soanam.de\/fr\/wp-json\/wp\/v2\/product"}],"about":[{"href":"https:\/\/www.soanam.de\/fr\/wp-json\/wp\/v2\/types\/product"}],"replies":[{"embeddable":true,"href":"https:\/\/www.soanam.de\/fr\/wp-json\/wp\/v2\/comments?post=78161"}],"wp:featuredmedia":[{"embeddable":true,"href":"https:\/\/www.soanam.de\/fr\/wp-json\/wp\/v2\/media\/78268"}],"wp:attachment":[{"href":"https:\/\/www.soanam.de\/fr\/wp-json\/wp\/v2\/media?parent=78161"}],"wp:term":[{"taxonomy":"product_brand","embeddable":true,"href":"https:\/\/www.soanam.de\/fr\/wp-json\/wp\/v2\/product_brand?post=78161"},{"taxonomy":"product_cat","embeddable":true,"href":"https:\/\/www.soanam.de\/fr\/wp-json\/wp\/v2\/product_cat?post=78161"},{"taxonomy":"product_tag","embeddable":true,"href":"https:\/\/www.soanam.de\/fr\/wp-json\/wp\/v2\/product_tag?post=78161"}],"curies":[{"name":"wp","href":"https:\/\/api.w.org\/{rel}","templated":true}]}}