{"id":78119,"date":"2023-12-13T21:11:42","date_gmt":"2023-12-13T20:11:42","guid":{"rendered":"https:\/\/www.soanam.de\/?post_type=product&#038;p=78119"},"modified":"2023-12-13T21:14:19","modified_gmt":"2023-12-13T20:14:19","slug":"kangaroos-color-blocking-t-shirt-a-manches-longues-anthracite-chine-blanc-taille-48-50","status":"publish","type":"product","link":"https:\/\/www.soanam.de\/fr\/produkt\/kangaroos-color-blocking-longsleeve-shirt-in-anthrazit-meliert-weiss-groesse-48-50\/","title":{"rendered":"KangaROOS Color Blocking T-shirt \u00e0 manches longues, anthracite-m\u00e9lang\u00e9-blanc, taille 48\/50"},"content":{"rendered":"<p>T-shirt \u00e0 manches longues de Kangaroos<br \/>\nAvec des inserts de couleur<br \/>\nPetit label imprim\u00e9 \u00e0 l'ourlet<br \/>\nCoupe parfaite gr\u00e2ce \u00e0 la qualit\u00e9 des c\u00f4tes<\/p>\n<p>Un t-shirt \u00e0 manches longues de Kangaroos qui marque des points avec son empi\u00e8cement de couleur cool sur le devant, mais aussi avec les brides \u00e0 boutons de couleur contrast\u00e9e pour fixer les manches retroussables, le petit label imprim\u00e9 \u00e0 l'ourlet ainsi que l'encolure ronde.<br \/>\nGr\u00e2ce \u00e0 sa qualit\u00e9 \u00e9lastique \u00e0 fines c\u00f4tes en doux m\u00e9lange de coton, ce t-shirt est tr\u00e8s confortable et pratique.<\/p>\n<p>Mati\u00e8re : 85% coton, 12% polyester, 3% viscose<br \/>\nConseils d'entretien : Lavage en machine<\/p>\n<p>Couleur : anthracite, chin\u00e9, blanc<br \/>\n\u00c9chantillon : Color Blocking<br \/>\nTaille : 48\/50<\/p>\n<p>Largeur des \u00e9paules : 45cm<br \/>\nTour de poitrine : 118cm<br \/>\nLongueur des manches : 63cm<br \/>\nlongueur totale : 73cm<\/p>","protected":false},"excerpt":{"rendered":"<table class=\"dv_characteristicsTable\">\n<tbody>\n<tr>\n<td class=\"left\">Taille<\/td>\n<td>48\/50 (XL)<\/td>\n<\/tr>\n<tr>\n<td class=\"left\">Gr\u00f6\u00dfentyp<\/td>\n<td>Normalgr\u00f6\u00dfen<\/td>\n<\/tr>\n<tr>\n<td class=\"left\">Composition du mat\u00e9riau<\/td>\n<td>Obermaterial: 85% Baumwolle, 12% Polyester, 3% Viskose<\/td>\n<\/tr>\n<tr>\n<td class=\"left\">Materialart<\/td>\n<td>Rippware<\/td>\n<\/tr>\n<tr>\n<td class=\"left\">Materialeigenschaften<\/td>\n<td>elastisch<\/td>\n<\/tr>\n<tr>\n<td class=\"left\">Conseils d'entretien<\/td>\n<td>Lavage en machine<\/td>\n<\/tr>\n<tr>\n<td class=\"left\">Optik<\/td>\n<td>meliert, kontrastfarbene Details<\/td>\n<\/tr>\n<tr>\n<td class=\"left\">Stil<\/td>\n<td>sportlich<\/td>\n<\/tr>\n<tr>\n<td class=\"left\">Couleur<\/td>\n<td>anthrazit, meliert, wei\u00df<\/td>\n<\/tr>\n<tr>\n<td class=\"left\">Ausschnitt<\/td>\n<td>Rundhals<\/td>\n<\/tr>\n<tr>\n<td class=\"left\">\u00c4rmel<\/td>\n<td>Manches longues<\/td>\n<\/tr>\n<tr>\n<td class=\"left\">\u00c4rmelabschlussdetails<\/td>\n<td>krempelbar<\/td>\n<\/tr>\n<tr>\n<td class=\"left\">Coupe<\/td>\n<td>sehr figurbetont<\/td>\n<\/tr>\n<tr>\n<td class=\"left\">Schnittform L\u00e4nge<\/td>\n<td>h\u00fcftlang<\/td>\n<\/tr>\n<tr>\n<td class=\"left\">Applikationen<\/td>\n<td>Markenlabel, Druck<\/td>\n<\/tr>\n<tr>\n<td class=\"left\">Besondere Merkmale<\/td>\n<td>mit Color Blocking Details vorne<\/td>\n<\/tr>\n<\/tbody>\n<\/table>","protected":false},"featured_media":78233,"comment_status":"open","ping_status":"closed","template":"","meta":{"_seopress_robots_primary_cat":"","_seopress_titles_title":"","_seopress_titles_desc":"","_seopress_robots_index":""},"product_brand":[],"product_cat":[1348,1456,1479],"product_tag":[],"class_list":{"0":"post-78119","1":"product","2":"type-product","3":"status-publish","4":"has-post-thumbnail","6":"product_cat-damen-mode","7":"product_cat-pullover-sweater","8":"product_cat-langarmshirts","9":"product_shipping_class-standard-versand","11":"first","12":"instock","13":"sale","14":"taxable","15":"shipping-taxable","16":"purchasable","17":"product-type-simple"},"_links":{"self":[{"href":"https:\/\/www.soanam.de\/fr\/wp-json\/wp\/v2\/product\/78119","targetHints":{"allow":["GET"]}}],"collection":[{"href":"https:\/\/www.soanam.de\/fr\/wp-json\/wp\/v2\/product"}],"about":[{"href":"https:\/\/www.soanam.de\/fr\/wp-json\/wp\/v2\/types\/product"}],"replies":[{"embeddable":true,"href":"https:\/\/www.soanam.de\/fr\/wp-json\/wp\/v2\/comments?post=78119"}],"wp:featuredmedia":[{"embeddable":true,"href":"https:\/\/www.soanam.de\/fr\/wp-json\/wp\/v2\/media\/78233"}],"wp:attachment":[{"href":"https:\/\/www.soanam.de\/fr\/wp-json\/wp\/v2\/media?parent=78119"}],"wp:term":[{"taxonomy":"product_brand","embeddable":true,"href":"https:\/\/www.soanam.de\/fr\/wp-json\/wp\/v2\/product_brand?post=78119"},{"taxonomy":"product_cat","embeddable":true,"href":"https:\/\/www.soanam.de\/fr\/wp-json\/wp\/v2\/product_cat?post=78119"},{"taxonomy":"product_tag","embeddable":true,"href":"https:\/\/www.soanam.de\/fr\/wp-json\/wp\/v2\/product_tag?post=78119"}],"curies":[{"name":"wp","href":"https:\/\/api.w.org\/{rel}","templated":true}]}}