{"id":78061,"date":"2023-12-13T21:05:55","date_gmt":"2023-12-13T20:05:55","guid":{"rendered":"https:\/\/www.soanam.de\/?post_type=product&#038;p=78061"},"modified":"2023-12-13T21:13:05","modified_gmt":"2023-12-13T20:13:05","slug":"hugo-boss-slim-fit-pantalon-homme-en-laine-vierge-en-noir-taille-44","status":"publish","type":"product","link":"https:\/\/www.soanam.de\/fr\/produkt\/hugo-boss-slim-fit-herrenhose-aus-schurwolle-in-schwarz-groesse-44\/","title":{"rendered":"Hugo Boss Pantalon Homme Slim-Fit en laine vierge noir, taille 44"},"content":{"rendered":"<h3><strong>Description<\/strong><\/h3>\n<p>Pantalon d'affaires HUGO \u00e0 combinaisons multiples avec bordures de jambe et plis discrets.<br \/>\nCe pantalon pour homme \u00e0 la coupe \u00e9troite et aux poches lat\u00e9rales cr\u00e9atives est fabriqu\u00e9 en panama de laine vierge con\u00e7u exclusivement pour HUGO.<\/p>\n<p><strong>D\u00e9tails<\/strong><br \/>\nCoupe slim<br \/>\nCrochet avec fermeture \u00e9clair<br \/>\nPoches avant : Poches lat\u00e9rales<br \/>\nPoches arri\u00e8re : Poche \u00e0 filet<br \/>\nLargeur de pied : 38,0 cm<br \/>\nCoupe slim<\/p>\n<p><strong>Mat\u00e9riau<\/strong><br \/>\n100% Laine vierge,<br \/>\nDoublure genou : 100% viscose<\/p>\n<p><strong>Soins<\/strong><br \/>\nNettoyage \u00e0 sec doux<\/p>","protected":false},"excerpt":{"rendered":"<h3>Caract\u00e9ristiques de l'article<\/h3>\n<p>\u00c9tat de l'article : Nouveau avec \u00e9tiquette : article neuf, non utilis\u00e9 et non port\u00e9 dans son emballage d'origine<\/p>\n<table border=\"0\" frame=\"VOID\" rules=\"NONE\" cellspacing=\"0\">\n<colgroup>\n<col width=\"116\" \/>\n<col width=\"152\" \/><\/colgroup>\n<tbody>\n<tr>\n<td align=\"LEFT\" width=\"116\" height=\"18\">Abteilung:<\/td>\n<td align=\"LEFT\" width=\"152\">Herren<\/td>\n<\/tr>\n<tr>\n<td align=\"LEFT\" height=\"19\">Anlass:<\/td>\n<td align=\"LEFT\">Business, Elegant<\/td>\n<\/tr>\n<tr>\n<td align=\"LEFT\" height=\"18\">Beinform:<\/td>\n<td align=\"LEFT\">Slim<\/td>\n<\/tr>\n<tr>\n<td align=\"LEFT\" height=\"18\">Particularit\u00e9s :<\/td>\n<td align=\"LEFT\">Doubl\u00e9<\/td>\n<\/tr>\n<tr>\n<td align=\"LEFT\" height=\"17\">EAN:<\/td>\n<td align=\"LEFT\">4043861407966<\/td>\n<\/tr>\n<tr>\n<td align=\"LEFT\" height=\"18\">couleur :<\/td>\n<td align=\"LEFT\">Noir<\/td>\n<\/tr>\n<tr>\n<td align=\"LEFT\" height=\"18\">Gewebeart:<\/td>\n<td align=\"LEFT\">Schurwolle<\/td>\n<\/tr>\n<tr>\n<td align=\"LEFT\" height=\"18\">taille :<\/td>\n<td align=\"LEFT\">44<\/td>\n<\/tr>\n<tr>\n<td align=\"LEFT\" height=\"18\">Gr\u00f6\u00dfenkategorie:<\/td>\n<td align=\"LEFT\">Normalgr\u00f6\u00dfe<\/td>\n<\/tr>\n<tr>\n<td align=\"LEFT\" height=\"18\">Jahreszeit:<\/td>\n<td align=\"LEFT\">Fr\u00fchling, Herbst, Winter<\/td>\n<\/tr>\n<tr>\n<td align=\"LEFT\" height=\"18\">Marke:<\/td>\n<td align=\"LEFT\">HUGO BOSS<\/td>\n<\/tr>\n<tr>\n<td align=\"LEFT\" height=\"18\">mat\u00e9riel :<\/td>\n<td align=\"LEFT\">Schurwolle<\/td>\n<\/tr>\n<tr>\n<td align=\"LEFT\" height=\"18\">\u00e9chantillon :<\/td>\n<td align=\"LEFT\">Ohne Muster<\/td>\n<\/tr>\n<tr>\n<td align=\"LEFT\" height=\"18\">Ajustement :<\/td>\n<td align=\"LEFT\">Slim<\/td>\n<\/tr>\n<tr>\n<td align=\"LEFT\" height=\"18\">Produktart:<\/td>\n<td align=\"LEFT\">Pantalons<\/td>\n<\/tr>\n<tr>\n<td align=\"LEFT\" height=\"18\">Schrittl\u00e4nge:<\/td>\n<td align=\"LEFT\">ohne Angabe<\/td>\n<\/tr>\n<tr>\n<td align=\"LEFT\" height=\"18\">Stil:<\/td>\n<td align=\"LEFT\">Anzughose<\/td>\n<\/tr>\n<tr>\n<td align=\"LEFT\" height=\"18\">Taillenumfang:<\/td>\n<td align=\"LEFT\">ohne Angabe<\/td>\n<\/tr>\n<tr>\n<td align=\"LEFT\" height=\"18\">Thema:<\/td>\n<td align=\"LEFT\">Designer<\/td>\n<\/tr>\n<tr>\n<td align=\"LEFT\" height=\"18\">Verschluss:<\/td>\n<td align=\"LEFT\">Fermeture \u00e0 glissi\u00e8re<\/td>\n<\/tr>\n<tr>\n<td align=\"LEFT\" height=\"18\">Vintage:<\/td>\n<td align=\"LEFT\">Nein<\/td>\n<\/tr>\n<\/tbody>\n<\/table>","protected":false},"featured_media":78180,"comment_status":"open","ping_status":"closed","template":"","meta":{"_seopress_robots_primary_cat":"","_seopress_titles_title":"","_seopress_titles_desc":"","_seopress_robots_index":""},"product_brand":[],"product_cat":[1345,1346,1398],"product_tag":[],"class_list":{"0":"post-78061","1":"product","2":"type-product","3":"status-publish","4":"has-post-thumbnail","6":"product_cat-herrenmode","7":"product_cat-hosen","8":"product_cat-businesshosen","9":"product_shipping_class-standard-versand","11":"first","12":"instock","13":"sale","14":"taxable","15":"shipping-taxable","16":"purchasable","17":"product-type-simple"},"_links":{"self":[{"href":"https:\/\/www.soanam.de\/fr\/wp-json\/wp\/v2\/product\/78061","targetHints":{"allow":["GET"]}}],"collection":[{"href":"https:\/\/www.soanam.de\/fr\/wp-json\/wp\/v2\/product"}],"about":[{"href":"https:\/\/www.soanam.de\/fr\/wp-json\/wp\/v2\/types\/product"}],"replies":[{"embeddable":true,"href":"https:\/\/www.soanam.de\/fr\/wp-json\/wp\/v2\/comments?post=78061"}],"wp:featuredmedia":[{"embeddable":true,"href":"https:\/\/www.soanam.de\/fr\/wp-json\/wp\/v2\/media\/78180"}],"wp:attachment":[{"href":"https:\/\/www.soanam.de\/fr\/wp-json\/wp\/v2\/media?parent=78061"}],"wp:term":[{"taxonomy":"product_brand","embeddable":true,"href":"https:\/\/www.soanam.de\/fr\/wp-json\/wp\/v2\/product_brand?post=78061"},{"taxonomy":"product_cat","embeddable":true,"href":"https:\/\/www.soanam.de\/fr\/wp-json\/wp\/v2\/product_cat?post=78061"},{"taxonomy":"product_tag","embeddable":true,"href":"https:\/\/www.soanam.de\/fr\/wp-json\/wp\/v2\/product_tag?post=78061"}],"curies":[{"name":"wp","href":"https:\/\/api.w.org\/{rel}","templated":true}]}}