{"id":78059,"date":"2023-12-13T21:05:54","date_gmt":"2023-12-13T20:05:54","guid":{"rendered":"https:\/\/www.soanam.de\/?post_type=product&#038;p=78059"},"modified":"2023-12-13T21:12:57","modified_gmt":"2023-12-13T20:12:57","slug":"lands-end-manteau-dhiver-chaud-thermoplume-avec-polaire-pour-femme-olive-fonce-m","status":"publish","type":"product","link":"https:\/\/www.soanam.de\/fr\/produkt\/lands-end-warmer-wintermantel-thermoplume-mit-fleece-fuer-damen-dunkel-olive-m\/","title":{"rendered":"Lands' End - Manteau d'hiver chaud THERMOPLUME avec polaire pour femme, Olive fonc\u00e9, M"},"content":{"rendered":"<h3>Description<\/h3>\n<p>Des temp\u00e9ratures n\u00e9gatives ? Elles peuvent arriver !<br \/>\nM\u00eame au plus fort de l'hiver, votre manteau d'hiver ThermoPlume chaud avec doublure en polaire vous consolera des temp\u00e9ratures. En effet, deux isolations performantes vous prot\u00e8gent du froid. Il y a d'une part la fibre ThermoPlume, duveteuse et intelligente, qui est souffl\u00e9e dans le compartiment comme du duvet et forme avec l'air emprisonn\u00e9 un coussin merveilleusement chaud. De plus, une doublure en polaire bross\u00e9e douce et respirante de la meilleure qualit\u00e9 outdoor vous prot\u00e8ge du refroidissement tout en restant tr\u00e8s l\u00e9g\u00e8re et mince. Les poignets anti-temp\u00eate emp\u00eachent le vent froid de s'infiltrer et la capuche isol\u00e9e en fourrure tiss\u00e9e vous permet de rire et d'avoir l'air royal m\u00eame lorsque les temp\u00e9ratures sont n\u00e9gatives.<\/p>\n<p><strong>D\u00e9tails du produit<\/strong><\/p>\n<ul>\n<li>Isolation ThermoPlume<\/li>\n<li>Doublure en fourrure tiss\u00e9e dans la partie sup\u00e9rieure<\/li>\n<li>Tissu ext\u00e9rieur hydrofuge<\/li>\n<li>Capuche isol\u00e9e\/doubl\u00e9e ; bordure amovible en fourrure tiss\u00e9e \u00e0 boutons-pression<\/li>\n<li>Col montant doubl\u00e9<\/li>\n<li>Poignets temp\u00eate<\/li>\n<li>2-Wege-Rei\u00dfverschluss - siehe Hinweis unten<\/li>\n<li>Poches sans couture<\/li>\n<li>Poche int\u00e9rieure \u00e0 bouton-pression<\/li>\n<li>Ext\u00e9rieur et doublure en 100% polyester, fourrure tiss\u00e9e en 86% polyacrylique\/14% polyester, poignets en 95% polyacrylique\/4% autres fibres\/1% \u00e9lasthanne<\/li>\n<li>Lavage en machine<\/li>\n<li>longueur en taille normale M env. 89 cm<\/li>\n<\/ul>\n<p>AU PLUS FROID : chaleur maximale pour un temps hivernal glacial<br \/>\nZIPPER \u00e0 2 voies, DOUBLE BONNE : Placez les curseurs l'un sur l'autre et tirez-les compl\u00e8tement vers le bas. Accrochez la partie enfichable dans les deux et tirez le curseur sup\u00e9rieur vers le haut. Pour ouvrir la gaine par le bas, tirez le curseur inf\u00e9rieur vers le haut.<\/p>","protected":false},"excerpt":{"rendered":"<h3>Caract\u00e9ristiques de l'article<\/h3>\n<p>\u00c9tat de l'article : Nouveau avec \u00e9tiquette : article neuf, non utilis\u00e9 et non port\u00e9 dans son emballage d'origine<\/p>\n<table border=\"0\" frame=\"VOID\" rules=\"NONE\" cellspacing=\"0\">\n<colgroup>\n<col width=\"137\" \/>\n<col width=\"106\" \/><\/colgroup>\n<tbody>\n<tr>\n<td align=\"LEFT\" width=\"137\" height=\"18\">Abteilung:<\/td>\n<td align=\"LEFT\" width=\"106\">Damen<\/td>\n<\/tr>\n<tr>\n<td align=\"LEFT\" height=\"18\">Akzente:<\/td>\n<td align=\"LEFT\">Gesteppt<\/td>\n<\/tr>\n<tr>\n<td align=\"LEFT\" height=\"18\">Anlass:<\/td>\n<td align=\"LEFT\">Freizeit<\/td>\n<\/tr>\n<tr>\n<td align=\"LEFT\" height=\"18\">Au\u00dfenmaterial:<\/td>\n<td align=\"LEFT\">Polyester<\/td>\n<\/tr>\n<tr>\n<td align=\"LEFT\" height=\"18\">Particularit\u00e9s :<\/td>\n<td align=\"LEFT\">Doubl\u00e9<\/td>\n<\/tr>\n<tr>\n<td align=\"LEFT\" height=\"18\">Charakter:<\/td>\n<td align=\"LEFT\">ohne<\/td>\n<\/tr>\n<tr>\n<td align=\"LEFT\" height=\"18\">EAN:<\/td>\n<td align=\"LEFT\">nichtzutreffend<\/td>\n<\/tr>\n<tr>\n<td align=\"LEFT\" height=\"18\">couleur :<\/td>\n<td align=\"LEFT\">Vert<\/td>\n<\/tr>\n<tr>\n<td align=\"LEFT\" height=\"18\">Futtermaterial:<\/td>\n<td align=\"LEFT\">Polyester<\/td>\n<\/tr>\n<tr>\n<td align=\"LEFT\" height=\"18\">Gewebeart:<\/td>\n<td align=\"LEFT\">Polaire<\/td>\n<\/tr>\n<tr>\n<td align=\"LEFT\" height=\"18\">taille :<\/td>\n<td align=\"LEFT\">M<\/td>\n<\/tr>\n<tr>\n<td align=\"LEFT\" height=\"18\">Gr\u00f6\u00dfenkategorie:<\/td>\n<td align=\"LEFT\">Normalgr\u00f6\u00dfe<\/td>\n<\/tr>\n<tr>\n<td align=\"LEFT\" height=\"18\">Isoliermaterial:<\/td>\n<td align=\"LEFT\">Polyester<\/td>\n<\/tr>\n<tr>\n<td align=\"LEFT\" height=\"18\">Jacken-\/Mantell\u00e4nge:<\/td>\n<td align=\"LEFT\">Halblang<\/td>\n<\/tr>\n<tr>\n<td align=\"LEFT\" height=\"18\">Jahreszeit:<\/td>\n<td align=\"LEFT\">Winter<\/td>\n<\/tr>\n<tr>\n<td align=\"LEFT\" height=\"18\">Marke:<\/td>\n<td align=\"LEFT\">Lands' End<\/td>\n<\/tr>\n<tr>\n<td align=\"LEFT\" height=\"18\">Modell:<\/td>\n<td align=\"LEFT\">Thermoplume<\/td>\n<\/tr>\n<tr>\n<td align=\"LEFT\" height=\"18\">\u00e9chantillon :<\/td>\n<td align=\"LEFT\">Ohne Muster<\/td>\n<\/tr>\n<tr>\n<td align=\"LEFT\" height=\"18\">Produktart:<\/td>\n<td align=\"LEFT\">Mantel<\/td>\n<\/tr>\n<tr>\n<td align=\"LEFT\" height=\"18\">Stil:<\/td>\n<td align=\"LEFT\">Mantel<\/td>\n<\/tr>\n<tr>\n<td align=\"LEFT\" height=\"18\">Thema:<\/td>\n<td align=\"LEFT\">L\u00e4nder<\/td>\n<\/tr>\n<tr>\n<td align=\"LEFT\" height=\"18\">Verschluss:<\/td>\n<td align=\"LEFT\">Fermeture \u00e0 glissi\u00e8re<\/td>\n<\/tr>\n<tr>\n<td align=\"LEFT\" height=\"18\">Vintage:<\/td>\n<td align=\"LEFT\">Nein<\/td>\n<\/tr>\n<\/tbody>\n<\/table>","protected":false},"featured_media":78173,"comment_status":"open","ping_status":"closed","template":"","meta":{"_seopress_robots_primary_cat":"","_seopress_titles_title":"","_seopress_titles_desc":"","_seopress_robots_index":""},"product_brand":[],"product_cat":[1348,1354,1355,1356],"product_tag":[],"class_list":{"0":"post-78059","1":"product","2":"type-product","3":"status-publish","4":"has-post-thumbnail","6":"product_cat-damen-mode","7":"product_cat-jacken-maentel","8":"product_cat-maentel","9":"product_cat-wintermaentel","10":"product_shipping_class-standard-versand","12":"first","13":"instock","14":"sale","15":"taxable","16":"shipping-taxable","17":"purchasable","18":"product-type-simple"},"_links":{"self":[{"href":"https:\/\/www.soanam.de\/fr\/wp-json\/wp\/v2\/product\/78059","targetHints":{"allow":["GET"]}}],"collection":[{"href":"https:\/\/www.soanam.de\/fr\/wp-json\/wp\/v2\/product"}],"about":[{"href":"https:\/\/www.soanam.de\/fr\/wp-json\/wp\/v2\/types\/product"}],"replies":[{"embeddable":true,"href":"https:\/\/www.soanam.de\/fr\/wp-json\/wp\/v2\/comments?post=78059"}],"wp:featuredmedia":[{"embeddable":true,"href":"https:\/\/www.soanam.de\/fr\/wp-json\/wp\/v2\/media\/78173"}],"wp:attachment":[{"href":"https:\/\/www.soanam.de\/fr\/wp-json\/wp\/v2\/media?parent=78059"}],"wp:term":[{"taxonomy":"product_brand","embeddable":true,"href":"https:\/\/www.soanam.de\/fr\/wp-json\/wp\/v2\/product_brand?post=78059"},{"taxonomy":"product_cat","embeddable":true,"href":"https:\/\/www.soanam.de\/fr\/wp-json\/wp\/v2\/product_cat?post=78059"},{"taxonomy":"product_tag","embeddable":true,"href":"https:\/\/www.soanam.de\/fr\/wp-json\/wp\/v2\/product_tag?post=78059"}],"curies":[{"name":"wp","href":"https:\/\/api.w.org\/{rel}","templated":true}]}}