{"id":78040,"date":"2023-12-13T21:05:30","date_gmt":"2023-12-13T20:05:30","guid":{"rendered":"https:\/\/www.soanam.de\/?post_type=product&#038;p=78040"},"modified":"2023-12-13T21:12:45","modified_gmt":"2023-12-13T20:12:45","slug":"levis-t-shirt-avec-logo-imprime-en-noir-taille-xxl","status":"publish","type":"product","link":"https:\/\/www.soanam.de\/fr\/produkt\/levis-t-shirt-mit-logoprint-in-schwarz-groesse-xxl\/","title":{"rendered":"T-shirt Levi's avec logo imprim\u00e9, en noir, taille XXL"},"content":{"rendered":"<p>T-shirt basique pour homme de LEVIS<br \/>\nAvec col rond<br \/>\nRegular-fit\/forme normale<br \/>\nEn coton doux<\/p>\n<p>Le t-shirt basique de Levi`s avec son col rond et le logo imprim\u00e9 sur le devant convainc par sa coupe classique, tout en \u00e9tant d\u00e9contract\u00e9 et super confortable gr\u00e2ce \u00e0 sa mati\u00e8re agr\u00e9able en jersey.<\/p>\n<p>Mati\u00e8re : 100% coton<br \/>\nConseils d'entretien : Lavage en machine<\/p>\n<p>couleur : noir<br \/>\nmotif : logo imprim\u00e9<br \/>\nTaille : XXL<\/p>\n<p>Largeur des \u00e9paules : 49cm<br \/>\nTour de poitrine : 134cm<br \/>\nLongueur des manches : 24cm<br \/>\nlongueur totale : 78cm<\/p>","protected":false},"excerpt":{"rendered":"<table class=\"dv_characteristicsTable\">\n<tbody>\n<tr>\n<td class=\"left\">Taille<\/td>\n<td>XXL<\/td>\n<\/tr>\n<tr>\n<td class=\"left\">Gr\u00f6\u00dfentyp<\/td>\n<td>Normalgr\u00f6\u00dfen<\/td>\n<\/tr>\n<tr>\n<td class=\"left\">Composition du mat\u00e9riau<\/td>\n<td>Obermaterial: 100% Baumwolle<\/td>\n<\/tr>\n<tr>\n<td class=\"left\">Materialart<\/td>\n<td>Single Jersey<\/td>\n<\/tr>\n<tr>\n<td class=\"left\">Conseils d'entretien<\/td>\n<td>Lavage en machine<\/td>\n<\/tr>\n<tr>\n<td class=\"left\">Stil<\/td>\n<td>casual<\/td>\n<\/tr>\n<tr>\n<td class=\"left\">Couleur<\/td>\n<td>black<\/td>\n<\/tr>\n<tr>\n<td class=\"left\">Ausschnitt<\/td>\n<td>Rundhals<\/td>\n<\/tr>\n<tr>\n<td class=\"left\">\u00c4rmel<\/td>\n<td>Manches courtes<\/td>\n<\/tr>\n<tr>\n<td class=\"left\">Coupe<\/td>\n<td>normal<\/td>\n<\/tr>\n<tr>\n<td class=\"left\">Besondere Merkmale<\/td>\n<td>mit Batwing-Logoprint<\/td>\n<\/tr>\n<\/tbody>\n<\/table>","protected":false},"featured_media":78168,"comment_status":"open","ping_status":"closed","template":"","meta":{"_seopress_robots_primary_cat":"","_seopress_titles_title":"","_seopress_titles_desc":"","_seopress_robots_index":""},"product_brand":[],"product_cat":[1345,1475,1478],"product_tag":[],"class_list":{"0":"post-78040","1":"product","2":"type-product","3":"status-publish","4":"has-post-thumbnail","6":"product_cat-herrenmode","7":"product_cat-shirts-herrenmode","8":"product_cat-t-shirts-shirts-herrenmode","9":"product_shipping_class-standard-versand","11":"first","12":"instock","13":"sale","14":"taxable","15":"shipping-taxable","16":"purchasable","17":"product-type-simple"},"_links":{"self":[{"href":"https:\/\/www.soanam.de\/fr\/wp-json\/wp\/v2\/product\/78040","targetHints":{"allow":["GET"]}}],"collection":[{"href":"https:\/\/www.soanam.de\/fr\/wp-json\/wp\/v2\/product"}],"about":[{"href":"https:\/\/www.soanam.de\/fr\/wp-json\/wp\/v2\/types\/product"}],"replies":[{"embeddable":true,"href":"https:\/\/www.soanam.de\/fr\/wp-json\/wp\/v2\/comments?post=78040"}],"wp:featuredmedia":[{"embeddable":true,"href":"https:\/\/www.soanam.de\/fr\/wp-json\/wp\/v2\/media\/78168"}],"wp:attachment":[{"href":"https:\/\/www.soanam.de\/fr\/wp-json\/wp\/v2\/media?parent=78040"}],"wp:term":[{"taxonomy":"product_brand","embeddable":true,"href":"https:\/\/www.soanam.de\/fr\/wp-json\/wp\/v2\/product_brand?post=78040"},{"taxonomy":"product_cat","embeddable":true,"href":"https:\/\/www.soanam.de\/fr\/wp-json\/wp\/v2\/product_cat?post=78040"},{"taxonomy":"product_tag","embeddable":true,"href":"https:\/\/www.soanam.de\/fr\/wp-json\/wp\/v2\/product_tag?post=78040"}],"curies":[{"name":"wp","href":"https:\/\/api.w.org\/{rel}","templated":true}]}}