{"id":78038,"date":"2023-12-13T21:05:30","date_gmt":"2023-12-13T20:05:30","guid":{"rendered":"https:\/\/www.soanam.de\/?post_type=product&#038;p=78038"},"modified":"2023-12-13T21:12:32","modified_gmt":"2023-12-13T20:12:32","slug":"levis-v-shirt-classique-gris-taille-xl","status":"publish","type":"product","link":"https:\/\/www.soanam.de\/fr\/produkt\/levis-klassisches-v-shirt-in-grau-groesse-xl\/","title":{"rendered":"Levi's Classic V-Shirt, en gris, taille XL"},"content":{"rendered":"<p>T-shirt classique pour hommes de LEVIS<br \/>\nAvec d\u00e9collet\u00e9 en V<br \/>\nSlim-fit\/ forme \u00e9troite<br \/>\nEn coton doux<\/p>\n<p>Le t-shirt basique de Levi`s avec son col en V et le petit logo sur la poitrine convainc par sa coupe pr\u00e8s du corps, tout en ayant l'air d\u00e9contract\u00e9 et en \u00e9tant super confortable gr\u00e2ce \u00e0 son agr\u00e9able mati\u00e8re en jersey.<\/p>\n<p>Mati\u00e8re : 100% coton<br \/>\nConseils d'entretien : Lavage en machine<\/p>\n<p>couleur : gris<br \/>\nmotif : logo<br \/>\nTaille : XL<\/p>\n<p>Largeur des \u00e9paules : 48cm<br \/>\nTour de poitrine : 120cm<br \/>\nLongueur des manches : 23cm<br \/>\nlongueur totale : 75cm<\/p>","protected":false},"excerpt":{"rendered":"<table class=\"dv_characteristicsTable\">\n<tbody>\n<tr>\n<td class=\"left\">Taille<\/td>\n<td>XL<\/td>\n<\/tr>\n<tr>\n<td class=\"left\">Gr\u00f6\u00dfentyp<\/td>\n<td>Normalgr\u00f6\u00dfen<\/td>\n<\/tr>\n<tr>\n<td class=\"left\">Composition du mat\u00e9riau<\/td>\n<td>Obermaterial: 100% Baumwolle<\/td>\n<\/tr>\n<tr>\n<td class=\"left\">Conseils d'entretien<\/td>\n<td>Lavage en machine<\/td>\n<\/tr>\n<tr>\n<td class=\"left\">Stil<\/td>\n<td>casual<\/td>\n<\/tr>\n<tr>\n<td class=\"left\">Couleur<\/td>\n<td>grau<\/td>\n<\/tr>\n<tr>\n<td class=\"left\">Ausschnitt<\/td>\n<td>Encolure en V<\/td>\n<\/tr>\n<tr>\n<td class=\"left\">\u00c4rmel<\/td>\n<td>Manches courtes<\/td>\n<\/tr>\n<tr>\n<td class=\"left\">Coupe<\/td>\n<td>schmal<\/td>\n<\/tr>\n<tr>\n<td class=\"left\">Applikationen<\/td>\n<td>Logo brod\u00e9<\/td>\n<\/tr>\n<tr>\n<td class=\"left\">Besondere Merkmale<\/td>\n<td>in klassischer Form<\/td>\n<\/tr>\n<\/tbody>\n<\/table>","protected":false},"featured_media":78154,"comment_status":"open","ping_status":"closed","template":"","meta":{"_seopress_robots_primary_cat":"","_seopress_titles_title":"","_seopress_titles_desc":"","_seopress_robots_index":""},"product_brand":[],"product_cat":[1345,1475,1478],"product_tag":[],"class_list":{"0":"post-78038","1":"product","2":"type-product","3":"status-publish","4":"has-post-thumbnail","6":"product_cat-herrenmode","7":"product_cat-shirts-herrenmode","8":"product_cat-t-shirts-shirts-herrenmode","9":"product_shipping_class-standard-versand","11":"first","12":"instock","13":"taxable","14":"shipping-taxable","15":"purchasable","16":"product-type-simple"},"_links":{"self":[{"href":"https:\/\/www.soanam.de\/fr\/wp-json\/wp\/v2\/product\/78038","targetHints":{"allow":["GET"]}}],"collection":[{"href":"https:\/\/www.soanam.de\/fr\/wp-json\/wp\/v2\/product"}],"about":[{"href":"https:\/\/www.soanam.de\/fr\/wp-json\/wp\/v2\/types\/product"}],"replies":[{"embeddable":true,"href":"https:\/\/www.soanam.de\/fr\/wp-json\/wp\/v2\/comments?post=78038"}],"wp:featuredmedia":[{"embeddable":true,"href":"https:\/\/www.soanam.de\/fr\/wp-json\/wp\/v2\/media\/78154"}],"wp:attachment":[{"href":"https:\/\/www.soanam.de\/fr\/wp-json\/wp\/v2\/media?parent=78038"}],"wp:term":[{"taxonomy":"product_brand","embeddable":true,"href":"https:\/\/www.soanam.de\/fr\/wp-json\/wp\/v2\/product_brand?post=78038"},{"taxonomy":"product_cat","embeddable":true,"href":"https:\/\/www.soanam.de\/fr\/wp-json\/wp\/v2\/product_cat?post=78038"},{"taxonomy":"product_tag","embeddable":true,"href":"https:\/\/www.soanam.de\/fr\/wp-json\/wp\/v2\/product_tag?post=78038"}],"curies":[{"name":"wp","href":"https:\/\/api.w.org\/{rel}","templated":true}]}}