{"id":78036,"date":"2023-12-13T21:05:29","date_gmt":"2023-12-13T20:05:29","guid":{"rendered":"https:\/\/www.soanam.de\/?post_type=product&#038;p=78036"},"modified":"2023-12-13T21:12:25","modified_gmt":"2023-12-13T20:12:25","slug":"levis-polo-raye-multicolore-taille-xl","status":"publish","type":"product","link":"https:\/\/www.soanam.de\/fr\/produkt\/levis-poloshirt-gestreift-mehrfarbig-groesse-xl\/","title":{"rendered":"Polo Levi's, ray\u00e9, multicolore, taille XL"},"content":{"rendered":"<p>Poloshirt von Levi's<br \/>\nAvec de grandes rayures<br \/>\nRegular-fit\/ forme normale<br \/>\nEn pur coton<\/p>\n<p>Das Poloshirt von Levi's ist ein echter Klassiker.<br \/>\nAvec de larges rayures, plusieurs couleurs, un col Kent et une patte de boutonnage cach\u00e9e, c'est un t-shirt pour les hommes soucieux de la mode et, gr\u00e2ce au coton, il est super confortable et agr\u00e9able sur la peau.<\/p>\n<p>Mati\u00e8re : 100% coton<br \/>\nConseils d'entretien : Lavage en machine<\/p>\n<p>Couleur : rouge fonc\u00e9, blanc, jaune<br \/>\nmotif : ray\u00e9<br \/>\nTaille : XL<\/p>\n<p>Largeur des \u00e9paules : 51cm<br \/>\nTour de poitrine : 120cm<br \/>\nLongueur des manches : 22cm<br \/>\nlongueur totale : 74cm<\/p>","protected":false},"excerpt":{"rendered":"<table class=\"dv_characteristicsTable\">\n<tbody>\n<tr>\n<td class=\"left\">Taille<\/td>\n<td>XL<\/td>\n<\/tr>\n<tr>\n<td class=\"left\">Gr\u00f6\u00dfentyp<\/td>\n<td>Normalgr\u00f6\u00dfen<\/td>\n<\/tr>\n<tr>\n<td class=\"left\">Composition du mat\u00e9riau<\/td>\n<td>Obermaterial: 100% Baumwolle<\/td>\n<\/tr>\n<tr>\n<td class=\"left\">Conseils d'entretien<\/td>\n<td>Lavage en machine<\/td>\n<\/tr>\n<tr>\n<td class=\"left\">Stil<\/td>\n<td>casual<\/td>\n<\/tr>\n<tr>\n<td class=\"left\">Herstellerfarbbezeichnung<\/td>\n<td>Variegated stripe port<\/td>\n<\/tr>\n<tr>\n<td class=\"left\">Couleur<\/td>\n<td>dunkelrot, wei\u00df, gelb<\/td>\n<\/tr>\n<tr>\n<td class=\"left\">Kragen<\/td>\n<td>Col Kent<\/td>\n<\/tr>\n<tr>\n<td class=\"left\">\u00c4rmel<\/td>\n<td>Manches courtes<\/td>\n<\/tr>\n<tr>\n<td class=\"left\">Coupe<\/td>\n<td>normal<\/td>\n<\/tr>\n<\/tbody>\n<\/table>","protected":false},"featured_media":78148,"comment_status":"open","ping_status":"closed","template":"","meta":{"_seopress_robots_primary_cat":"","_seopress_titles_title":"","_seopress_titles_desc":"","_seopress_robots_index":""},"product_brand":[],"product_cat":[1345,1475,1476],"product_tag":[],"class_list":{"0":"post-78036","1":"product","2":"type-product","3":"status-publish","4":"has-post-thumbnail","6":"product_cat-herrenmode","7":"product_cat-shirts-herrenmode","8":"product_cat-poloshirts","9":"product_shipping_class-standard-versand","11":"first","12":"instock","13":"sale","14":"taxable","15":"shipping-taxable","16":"purchasable","17":"product-type-simple"},"_links":{"self":[{"href":"https:\/\/www.soanam.de\/fr\/wp-json\/wp\/v2\/product\/78036","targetHints":{"allow":["GET"]}}],"collection":[{"href":"https:\/\/www.soanam.de\/fr\/wp-json\/wp\/v2\/product"}],"about":[{"href":"https:\/\/www.soanam.de\/fr\/wp-json\/wp\/v2\/types\/product"}],"replies":[{"embeddable":true,"href":"https:\/\/www.soanam.de\/fr\/wp-json\/wp\/v2\/comments?post=78036"}],"wp:featuredmedia":[{"embeddable":true,"href":"https:\/\/www.soanam.de\/fr\/wp-json\/wp\/v2\/media\/78148"}],"wp:attachment":[{"href":"https:\/\/www.soanam.de\/fr\/wp-json\/wp\/v2\/media?parent=78036"}],"wp:term":[{"taxonomy":"product_brand","embeddable":true,"href":"https:\/\/www.soanam.de\/fr\/wp-json\/wp\/v2\/product_brand?post=78036"},{"taxonomy":"product_cat","embeddable":true,"href":"https:\/\/www.soanam.de\/fr\/wp-json\/wp\/v2\/product_cat?post=78036"},{"taxonomy":"product_tag","embeddable":true,"href":"https:\/\/www.soanam.de\/fr\/wp-json\/wp\/v2\/product_tag?post=78036"}],"curies":[{"name":"wp","href":"https:\/\/api.w.org\/{rel}","templated":true}]}}