{"id":78014,"date":"2023-12-13T21:05:05","date_gmt":"2023-12-13T20:05:05","guid":{"rendered":"https:\/\/www.soanam.de\/?post_type=product&#038;p=78014"},"modified":"2023-12-13T21:12:12","modified_gmt":"2023-12-13T20:12:12","slug":"ocun-womens-tsunami-doudoune-femme-icemint-gr-l","status":"publish","type":"product","link":"https:\/\/www.soanam.de\/fr\/produkt\/ocun-womens-tsunami-damen-daunenjacke-icemint-gr-l\/","title":{"rendered":"OCUN - Women's Tsunami - Doudoune pour femme, Icemint, taille L"},"content":{"rendered":"<h3>Description<\/h3>\n<p>Bietet ein ausgezeichnetes Gewichts-Isolations-Verh\u00e4ltnis: die Women's Tsunami Daunenjacke von Ocun! Die Daunenjacke ist leicht tailliert geschnitten und speziell f\u00fcr sportliche Outdoor-Eins\u00e4tze wie Klettern oder Bouldern gemacht. Durch die leichte Daunenf\u00fctterung aus bauschkr\u00e4ftiger, sehr gut isolierender Daune k\u00fchlt man auch in Pausen nicht aus.<\/p>\n<p>La veste est fabriqu\u00e9e dans un mat\u00e9riau ext\u00e9rieur ripstop r\u00e9sistant et respirant, qui est durablement impr\u00e9gn\u00e9 d'eau et de salet\u00e9. Il prot\u00e8ge la doublure en duvet de l'humidit\u00e9 et est bien lisse, ce qui permet de le glisser facilement sous une veste de pluie. Gr\u00e2ce \u00e0 la construction en compartiments, la doublure en duvet se r\u00e9partit de mani\u00e8re optimale sur le torse et ne glisse pas !<\/p>\n<p>Les poches int\u00e9rieures sur le devant permettent de ranger les chaussons d'escalade en toute s\u00e9curit\u00e9 et \u00e0 port\u00e9e de main, et les deux poches avant sont id\u00e9ales pour les objets de valeur. La doudoune est plus longue \u00e0 l'arri\u00e8re, de sorte qu'elle couvre toujours le bas du dos, m\u00eame en escalade. La fermeture \u00e9clair pratique \u00e0 double sens sur le devant permet d'acc\u00e9der rapidement au baudrier et les passants pour les pouces maintiennent toujours les manches dans la bonne position.<\/p>\n<p>Funktional, warm und leicht: die Women's Tsunami Daunenjacke l\u00e4sst sich klein in der eigenen Packtasche verstauen und w\u00e4rmt zuverl\u00e4ssig, wenn die Temperaturen sinken!<\/p>\n<h3>D\u00e9tails<\/h3>\n<p>Convient pour : Femmes<br \/>\nDomaine d'utilisation : escalade<br \/>\nMat\u00e9riau principal : polyamide 100%<br \/>\nMat\u00e9riau de remplissage : 100% duvet<br \/>\nType de mat\u00e9riau : rembourrage en duvet<br \/>\nRemarque sur les mat\u00e9riaux : contient des parties non textiles d'origine animale<br \/>\nTraitement du mat\u00e9riau : impr\u00e9gn\u00e9 de DWR<br \/>\nPropri\u00e9t\u00e9s mat\u00e9rielles : imperm\u00e9able aux plumes, isolant, respirant, d\u00e9perlant<br \/>\nPouvoir gonflant : 650 cuin Rapport de m\u00e9lange : 90\/10 (duvet\/plumes)<br \/>\nDurabilit\u00e9 : contient du duvet certifi\u00e9 Down Codex<br \/>\nfermeture : zip frontal double sens de bout en bout<br \/>\nCapuche : r\u00e9glable<br \/>\nPoches : 1 poche int\u00e9rieure, 2 poches frontales \u00e0 fermeture \u00e9clair<br \/>\npoids : 330 g<br \/>\nTaille de r\u00e9f\u00e9rence : en taille moyenne<br \/>\nCoupe : normale<br \/>\nExtras : passants pour les pouces, peut \u00eatre rang\u00e9 dans sa propre poche, ourlet \u00e9lastique, poignets \u00e9lastiques, dos allong\u00e9<\/p>","protected":false},"excerpt":{"rendered":"<h3>Caract\u00e9ristiques de l'article<\/h3>\n<p>\u00c9tat de l'article : Nouveau avec \u00e9tiquette : article neuf, non utilis\u00e9 et non port\u00e9 dans son emballage d'origine<\/p>\n<table border=\"0\" frame=\"VOID\" rules=\"NONE\" cellspacing=\"0\">\n<colgroup>\n<col width=\"133\" \/>\n<col width=\"267\" \/><\/colgroup>\n<tbody>\n<tr>\n<td align=\"LEFT\" width=\"133\" height=\"18\">Abteilung:<\/td>\n<td align=\"LEFT\" width=\"267\">Damen<\/td>\n<\/tr>\n<tr>\n<td align=\"LEFT\" height=\"18\">Akzente:<\/td>\n<td align=\"LEFT\">ohne<\/td>\n<\/tr>\n<tr>\n<td align=\"LEFT\" height=\"18\">Anlass:<\/td>\n<td align=\"LEFT\">Freizeit, Reise<\/td>\n<\/tr>\n<tr>\n<td align=\"LEFT\" height=\"18\">Au\u00dfenmaterial:<\/td>\n<td align=\"LEFT\">Polyamide<\/td>\n<\/tr>\n<tr>\n<td align=\"LEFT\" height=\"18\">Particularit\u00e9s :<\/td>\n<td align=\"LEFT\">Atmungsaktiv, Taschen<\/td>\n<\/tr>\n<tr>\n<td align=\"LEFT\" height=\"18\">Charakter:<\/td>\n<td align=\"LEFT\">ohne<\/td>\n<\/tr>\n<tr>\n<td align=\"LEFT\" height=\"17\">EAN:<\/td>\n<td align=\"LEFT\">8591804646638<\/td>\n<\/tr>\n<tr>\n<td align=\"LEFT\" height=\"18\">couleur :<\/td>\n<td align=\"LEFT\">Bleu<\/td>\n<\/tr>\n<tr>\n<td align=\"LEFT\" height=\"18\">Futtermaterial:<\/td>\n<td align=\"LEFT\">Daune<\/td>\n<\/tr>\n<tr>\n<td align=\"LEFT\" height=\"18\">Gewebeart:<\/td>\n<td align=\"LEFT\">Mischgewebe<\/td>\n<\/tr>\n<tr>\n<td align=\"LEFT\" height=\"18\">taille :<\/td>\n<td align=\"LEFT\">L<\/td>\n<\/tr>\n<tr>\n<td align=\"LEFT\" height=\"18\">Gr\u00f6\u00dfenkategorie:<\/td>\n<td align=\"LEFT\">Normalgr\u00f6\u00dfe<\/td>\n<\/tr>\n<tr>\n<td align=\"LEFT\" height=\"18\">Isoliermaterial:<\/td>\n<td align=\"LEFT\">Duvet<\/td>\n<\/tr>\n<tr>\n<td align=\"LEFT\" height=\"18\">Jacken-\/Mantell\u00e4nge:<\/td>\n<td align=\"LEFT\">Kurz<\/td>\n<\/tr>\n<tr>\n<td align=\"LEFT\" height=\"18\">Jahreszeit:<\/td>\n<td align=\"LEFT\">Fr\u00fchling, Herbst, Winter<\/td>\n<\/tr>\n<tr>\n<td align=\"LEFT\" height=\"18\">Marke:<\/td>\n<td align=\"LEFT\">OCUN<\/td>\n<\/tr>\n<tr>\n<td align=\"LEFT\" height=\"18\">Modell:<\/td>\n<td align=\"LEFT\">Tsunami<\/td>\n<\/tr>\n<tr>\n<td align=\"LEFT\" height=\"18\">\u00e9chantillon :<\/td>\n<td align=\"LEFT\">Ohne Muster<\/td>\n<\/tr>\n<tr>\n<td align=\"LEFT\" height=\"18\">Produktart:<\/td>\n<td align=\"LEFT\">Jacke<\/td>\n<\/tr>\n<tr>\n<td align=\"LEFT\" height=\"18\">Stil:<\/td>\n<td align=\"LEFT\">Daunenjacke<\/td>\n<\/tr>\n<tr>\n<td align=\"LEFT\" height=\"18\">Thema:<\/td>\n<td align=\"LEFT\">Sport<\/td>\n<\/tr>\n<tr>\n<td align=\"LEFT\" height=\"18\">Verschluss:<\/td>\n<td align=\"LEFT\">Fermeture \u00e0 glissi\u00e8re<\/td>\n<\/tr>\n<tr>\n<td align=\"LEFT\" height=\"18\">Vintage:<\/td>\n<td align=\"LEFT\">Nein<\/td>\n<\/tr>\n<\/tbody>\n<\/table>","protected":false},"featured_media":78132,"comment_status":"open","ping_status":"closed","template":"","meta":{"_seopress_robots_primary_cat":"","_seopress_titles_title":"","_seopress_titles_desc":"","_seopress_robots_index":""},"product_brand":[],"product_cat":[1348,1354,1376],"product_tag":[],"class_list":{"0":"post-78014","1":"product","2":"type-product","3":"status-publish","4":"has-post-thumbnail","6":"product_cat-damen-mode","7":"product_cat-jacken-maentel","8":"product_cat-daunenjacken-steppjacken","9":"product_shipping_class-standard-versand","11":"first","12":"instock","13":"sale","14":"taxable","15":"shipping-taxable","16":"purchasable","17":"product-type-simple"},"_links":{"self":[{"href":"https:\/\/www.soanam.de\/fr\/wp-json\/wp\/v2\/product\/78014","targetHints":{"allow":["GET"]}}],"collection":[{"href":"https:\/\/www.soanam.de\/fr\/wp-json\/wp\/v2\/product"}],"about":[{"href":"https:\/\/www.soanam.de\/fr\/wp-json\/wp\/v2\/types\/product"}],"replies":[{"embeddable":true,"href":"https:\/\/www.soanam.de\/fr\/wp-json\/wp\/v2\/comments?post=78014"}],"wp:featuredmedia":[{"embeddable":true,"href":"https:\/\/www.soanam.de\/fr\/wp-json\/wp\/v2\/media\/78132"}],"wp:attachment":[{"href":"https:\/\/www.soanam.de\/fr\/wp-json\/wp\/v2\/media?parent=78014"}],"wp:term":[{"taxonomy":"product_brand","embeddable":true,"href":"https:\/\/www.soanam.de\/fr\/wp-json\/wp\/v2\/product_brand?post=78014"},{"taxonomy":"product_cat","embeddable":true,"href":"https:\/\/www.soanam.de\/fr\/wp-json\/wp\/v2\/product_cat?post=78014"},{"taxonomy":"product_tag","embeddable":true,"href":"https:\/\/www.soanam.de\/fr\/wp-json\/wp\/v2\/product_tag?post=78014"}],"curies":[{"name":"wp","href":"https:\/\/api.w.org\/{rel}","templated":true}]}}