{"id":77996,"date":"2023-12-13T21:04:39","date_gmt":"2023-12-13T20:04:39","guid":{"rendered":"https:\/\/www.soanam.de\/?post_type=product&#038;p=77996"},"modified":"2023-12-13T21:11:27","modified_gmt":"2023-12-13T20:11:27","slug":"vaude-womens-asymmetric-488-sac-a-dos-de-randonnee-en-vert","status":"publish","type":"product","link":"https:\/\/www.soanam.de\/fr\/produkt\/vaude-womens-asymmetric-488-tourenrucksack-wanderrucksack-in-gruen\/","title":{"rendered":"VAUDE - Women's Asymmetric 48+8 - Sac \u00e0 dos de randonn\u00e9e, en vert"},"content":{"rendered":"<h3>Description<\/h3>\n<p>Der packt richtig was weg und l\u00e4sst kaum Ausstattungsw\u00fcnsche \u00fcbrig: Der Women's Asymmetric 48+8 von Vaude f\u00fcr mehrt\u00e4gige Wandertouren und kurze Trekking-Trips zeigt was ein Wanderrucksack k\u00f6nnen muss! Das Hauptfach kommt mit stolzen 48 Litern Packvolumen daher und kann per Erweiterungssystem einfach und unkompliziert um zus\u00e4tzliche acht Liter erweitert werden. Zwei Deckelf\u00e4cher, eines au\u00dfen und eines innen, ein separat zug\u00e4ngliches Bodenfach, eine Kartentasche, zwei Mesh-Au\u00dfentaschen zwei Stockhalterungen und zus\u00e4tzliche Befestigungsschlaufen machen den Stauraum komplett. Die ergonomisch geformten Schultertr\u00e4ger sind auf den weiblichen K\u00f6rperbau abgestimmt und kommen mit breiter Auflagefl\u00e4che und sind im Schultergelenksbereich f\u00fcr maximale Bewegungsfreiheit schmal gearbeitet. Die R\u00fcckenl\u00e4nge kann nach Bedarf ver\u00e4ndert werden, ein leichter Aluminiumrahmen gibt dem R\u00fcckenteil die n\u00f6tige Stabilit\u00e4t und ein Brustgurt mit Signalpfeife sowie ein gepolsterter H\u00fcftgurt mit Tasche runden des Rucksackpaket ab.<\/p>\n<p><strong>D\u00e9tails<\/strong><\/p>\n<p>Domaine d'utilisation : randonn\u00e9e, trekking<br \/>\nMat\u00e9riau principal : polyamide 79%, polyester 21%<br \/>\nInserts : 100% polyester<br \/>\nMat\u00e9riau int\u00e9rieur : 100% polyamide<br \/>\n\u00c9paisseur du mat\u00e9riau : 600 deniers, 400 deniers<\/p>","protected":false},"excerpt":{"rendered":"<h3>Caract\u00e9ristiques de l'article<\/h3>\n<p>\u00c9tat de l'article : Nouveau avec \u00e9tiquette : article neuf, non utilis\u00e9 et non port\u00e9 dans son emballage d'origine<\/p>\n<table border=\"0\" frame=\"VOID\" rules=\"NONE\" cellspacing=\"0\">\n<colgroup>\n<col width=\"133\" \/>\n<col width=\"267\" \/><\/colgroup>\n<tbody>\n<tr>\n<td align=\"LEFT\" width=\"133\" height=\"18\">Angebotspaket:<\/td>\n<td align=\"LEFT\" width=\"267\">Nein<\/td>\n<\/tr>\n<tr>\n<td align=\"LEFT\" height=\"17\">EAN:<\/td>\n<td align=\"LEFT\">4052285963170<\/td>\n<\/tr>\n<tr>\n<td align=\"LEFT\" height=\"18\">couleur :<\/td>\n<td align=\"LEFT\">Vert<\/td>\n<\/tr>\n<tr>\n<td align=\"LEFT\" height=\"18\">Herstellernummer:<\/td>\n<td align=\"LEFT\">ohne Angabe<\/td>\n<\/tr>\n<tr>\n<td align=\"LEFT\" height=\"18\">Herstellungsland und -region:<\/td>\n<td align=\"LEFT\">Allemagne<\/td>\n<\/tr>\n<tr>\n<td align=\"LEFT\" height=\"18\">Marke:<\/td>\n<td align=\"LEFT\">VAUDE<\/td>\n<\/tr>\n<tr>\n<td align=\"LEFT\" height=\"18\">Modell:<\/td>\n<td align=\"LEFT\">Women's Asymmetric 48+8<\/td>\n<\/tr>\n<tr>\n<td align=\"LEFT\" height=\"18\">Modifizierter Artikel:<\/td>\n<td align=\"LEFT\">Nein<\/td>\n<\/tr>\n<\/tbody>\n<\/table>","protected":false},"featured_media":78107,"comment_status":"open","ping_status":"closed","template":"","meta":{"_seopress_robots_primary_cat":"","_seopress_titles_title":"","_seopress_titles_desc":"","_seopress_robots_index":""},"product_brand":[],"product_cat":[1409,1410],"product_tag":[],"class_list":{"0":"post-77996","1":"product","2":"type-product","3":"status-publish","4":"has-post-thumbnail","6":"product_cat-taschen-accessoires-herrenmode","7":"product_cat-rucksaecke-taschen-accessoires-herrenmode","8":"product_shipping_class-standard-versand","10":"first","11":"instock","12":"sale","13":"taxable","14":"shipping-taxable","15":"purchasable","16":"product-type-simple"},"_links":{"self":[{"href":"https:\/\/www.soanam.de\/fr\/wp-json\/wp\/v2\/product\/77996","targetHints":{"allow":["GET"]}}],"collection":[{"href":"https:\/\/www.soanam.de\/fr\/wp-json\/wp\/v2\/product"}],"about":[{"href":"https:\/\/www.soanam.de\/fr\/wp-json\/wp\/v2\/types\/product"}],"replies":[{"embeddable":true,"href":"https:\/\/www.soanam.de\/fr\/wp-json\/wp\/v2\/comments?post=77996"}],"wp:featuredmedia":[{"embeddable":true,"href":"https:\/\/www.soanam.de\/fr\/wp-json\/wp\/v2\/media\/78107"}],"wp:attachment":[{"href":"https:\/\/www.soanam.de\/fr\/wp-json\/wp\/v2\/media?parent=77996"}],"wp:term":[{"taxonomy":"product_brand","embeddable":true,"href":"https:\/\/www.soanam.de\/fr\/wp-json\/wp\/v2\/product_brand?post=77996"},{"taxonomy":"product_cat","embeddable":true,"href":"https:\/\/www.soanam.de\/fr\/wp-json\/wp\/v2\/product_cat?post=77996"},{"taxonomy":"product_tag","embeddable":true,"href":"https:\/\/www.soanam.de\/fr\/wp-json\/wp\/v2\/product_tag?post=77996"}],"curies":[{"name":"wp","href":"https:\/\/api.w.org\/{rel}","templated":true}]}}