{"id":77972,"date":"2023-12-13T21:04:13","date_gmt":"2023-12-13T20:04:13","guid":{"rendered":"https:\/\/www.soanam.de\/?post_type=product&#038;p=77972"},"modified":"2023-12-13T21:07:18","modified_gmt":"2023-12-13T20:07:18","slug":"panama-jack-felia-b8-snowboot-winterstiefel-cuero-bark","status":"publish","type":"product","link":"https:\/\/www.soanam.de\/fr\/produkt\/panama-jack-felia-b8-snowboot-winterstiefel-cuero-bark\/","title":{"rendered":"Panama Jack FELIA B8 - Botte de neige \/ Bottes d'hiver, Cuero\/Bark"},"content":{"rendered":"<h3>Description<\/h3>\n<p>Biker-Style \u2013 die braune Stiefelette FELIA vom spanischen Familienunternehmen Panama Jack. Das sch\u00f6ne matte Leder mit nat\u00fcrlicher Narbung umschlie\u00dft ihren Fu\u00df sicher und sch\u00fctzt Sie zuverl\u00e4ssig vor Wind und Regen. Dank der warmen F\u00fctterung brauchen Sie auch bei langen Spazierg\u00e4ngen keine kalten F\u00fc\u00dfe zu bef\u00fcrchten und planen am besten jetzt schon ihre n\u00e4chste Entdeckertour. Die stabile und stark profilierte Laufsohle gibt daf\u00fcr sicheren Halt auch im Gel\u00e4nde fernab der Wege. Individuell l\u00e4sst sich der Schaft mit einem Riemen einstellen, sodass auch Stulpen oder Wollsocken entspannt ihren Platz finden. F\u00fcr alle, die gerne drau\u00dfen unterwegs sind - die braune Stiefelette FELIA von Panama Jack.<\/p>\n<p>Profilierte Sohle, wasserfestes Leder, verstellbarer Riemen am Schaft mit Klettverschluss<br \/>\nBout de la chaussure : Rond<br \/>\nForme du talon : Plat<br \/>\nD\u00e9tails : boucle<br \/>\nfermeture : \u00e0 enfiler\/ouverte<\/p>\n<h3>Mat\u00e9riau<\/h3>\n<p>Mat\u00e9riau sup\u00e9rieur : cuir<br \/>\nInnenmaterial: Warm gef\u00fcttert<br \/>\nSemelle de propret\u00e9 : textile<br \/>\nSemelle : Plastique<\/p>","protected":false},"excerpt":{"rendered":"<h3>Caract\u00e9ristiques de l'article<\/h3>\n<p>\u00c9tat de l'article : Nouveau avec \u00e9tiquette : article neuf, non utilis\u00e9 et non port\u00e9 dans son emballage d'origine<\/p>\n<table border=\"0\" frame=\"VOID\" rules=\"NONE\" cellspacing=\"0\">\n<colgroup>\n<col width=\"133\" \/>\n<col width=\"267\" \/><\/colgroup>\n<tbody>\n<tr>\n<td align=\"LEFT\" width=\"133\" height=\"18\">Absatzart:<\/td>\n<td align=\"LEFT\" width=\"267\">Flach<\/td>\n<\/tr>\n<tr>\n<td align=\"LEFT\" height=\"18\">Absatzh\u00f6he:<\/td>\n<td align=\"LEFT\">Flach<\/td>\n<\/tr>\n<tr>\n<td align=\"LEFT\" height=\"18\">Abteilung:<\/td>\n<td align=\"LEFT\">Damen<\/td>\n<\/tr>\n<tr>\n<td align=\"LEFT\" height=\"18\">Akzente:<\/td>\n<td align=\"LEFT\">keine<\/td>\n<\/tr>\n<tr>\n<td align=\"LEFT\" height=\"18\">AU-Schuhgr\u00f6\u00dfe:<\/td>\n<td align=\"LEFT\">ohne Angabe<\/td>\n<\/tr>\n<tr>\n<td align=\"LEFT\" height=\"18\">Particularit\u00e9s :<\/td>\n<td align=\"LEFT\">Doubl\u00e9<\/td>\n<\/tr>\n<tr>\n<td align=\"LEFT\" height=\"18\">Charakter:<\/td>\n<td align=\"LEFT\">ohne<\/td>\n<\/tr>\n<tr>\n<td align=\"LEFT\" height=\"17\">EAN:<\/td>\n<td align=\"LEFT\">8430968669155<\/td>\n<\/tr>\n<tr>\n<td align=\"LEFT\" height=\"18\">EU-Schuhgr\u00f6\u00dfe:<\/td>\n<td align=\"LEFT\">EUR 41<\/td>\n<\/tr>\n<tr>\n<td align=\"LEFT\" height=\"18\">couleur :<\/td>\n<td align=\"LEFT\">Marron<\/td>\n<\/tr>\n<tr>\n<td align=\"LEFT\" height=\"18\">Futtermaterial:<\/td>\n<td align=\"LEFT\">Faux-Pelz<\/td>\n<\/tr>\n<tr>\n<td align=\"LEFT\" height=\"18\">Individualisiert:<\/td>\n<td align=\"LEFT\">Nein<\/td>\n<\/tr>\n<tr>\n<td align=\"LEFT\" height=\"18\">Innensohlenmaterial:<\/td>\n<td align=\"LEFT\">Stoff<\/td>\n<\/tr>\n<tr>\n<td align=\"LEFT\" height=\"18\">Jahreszeit:<\/td>\n<td align=\"LEFT\">Winter<\/td>\n<\/tr>\n<tr>\n<td align=\"LEFT\" height=\"18\">Laufsohlenmaterial:<\/td>\n<td align=\"LEFT\">Synthetik<\/td>\n<\/tr>\n<tr>\n<td align=\"LEFT\" height=\"18\">Marke:<\/td>\n<td align=\"LEFT\">Panama Jack<\/td>\n<\/tr>\n<tr>\n<td align=\"LEFT\" height=\"18\">Modell:<\/td>\n<td align=\"LEFT\">Felia B8<\/td>\n<\/tr>\n<tr>\n<td align=\"LEFT\" height=\"18\">Mat\u00e9riau ext\u00e9rieur :<\/td>\n<td align=\"LEFT\">Glattleder<\/td>\n<\/tr>\n<tr>\n<td align=\"LEFT\" height=\"18\">Produktart:<\/td>\n<td align=\"LEFT\">Bottes<\/td>\n<\/tr>\n<tr>\n<td align=\"LEFT\" height=\"18\">Schuhgr\u00f6\u00dfe:<\/td>\n<td align=\"LEFT\">EUR 41<\/td>\n<\/tr>\n<tr>\n<td align=\"LEFT\" height=\"18\">Schuhschaft-Typ:<\/td>\n<td align=\"LEFT\">Wadenl\u00e4nge<\/td>\n<\/tr>\n<tr>\n<td align=\"LEFT\" height=\"18\">Schuhspitze:<\/td>\n<td align=\"LEFT\">Rund<\/td>\n<\/tr>\n<tr>\n<td align=\"LEFT\" height=\"18\">Schuhweite:<\/td>\n<td align=\"LEFT\">F<\/td>\n<\/tr>\n<tr>\n<td align=\"LEFT\" height=\"18\">Stil:<\/td>\n<td align=\"LEFT\">Bottes de neige<\/td>\n<\/tr>\n<tr>\n<td align=\"LEFT\" height=\"18\">Thema:<\/td>\n<td align=\"LEFT\">Outdoor<\/td>\n<\/tr>\n<tr>\n<td align=\"LEFT\" height=\"18\">UK-Schuhgr\u00f6\u00dfe:<\/td>\n<td align=\"LEFT\">UK 8<\/td>\n<\/tr>\n<tr>\n<td align=\"LEFT\" height=\"18\">US-Schuhgr\u00f6\u00dfe:<\/td>\n<td align=\"LEFT\">US 10<\/td>\n<\/tr>\n<tr>\n<td align=\"LEFT\" height=\"18\">Verschluss:<\/td>\n<td align=\"LEFT\">Riemen mit Klettverschluss<\/td>\n<\/tr>\n<tr>\n<td align=\"LEFT\" height=\"18\">Vintage:<\/td>\n<td align=\"LEFT\">Nein<\/td>\n<\/tr>\n<\/tbody>\n<\/table>","protected":false},"featured_media":78093,"comment_status":"open","ping_status":"closed","template":"","meta":{"_seopress_robots_primary_cat":"","_seopress_titles_title":"","_seopress_titles_desc":"","_seopress_robots_index":""},"product_brand":[],"product_cat":[1348,1360,1385,1386],"product_tag":[],"class_list":{"0":"post-77972","1":"product","2":"type-product","3":"status-publish","4":"has-post-thumbnail","6":"product_cat-damen-mode","7":"product_cat-schuhe","8":"product_cat-stiefel","9":"product_cat-schneestiefel","10":"product_shipping_class-standard-versand","12":"first","13":"instock","14":"sale","15":"taxable","16":"shipping-taxable","17":"purchasable","18":"product-type-simple"},"_links":{"self":[{"href":"https:\/\/www.soanam.de\/fr\/wp-json\/wp\/v2\/product\/77972","targetHints":{"allow":["GET"]}}],"collection":[{"href":"https:\/\/www.soanam.de\/fr\/wp-json\/wp\/v2\/product"}],"about":[{"href":"https:\/\/www.soanam.de\/fr\/wp-json\/wp\/v2\/types\/product"}],"replies":[{"embeddable":true,"href":"https:\/\/www.soanam.de\/fr\/wp-json\/wp\/v2\/comments?post=77972"}],"wp:featuredmedia":[{"embeddable":true,"href":"https:\/\/www.soanam.de\/fr\/wp-json\/wp\/v2\/media\/78093"}],"wp:attachment":[{"href":"https:\/\/www.soanam.de\/fr\/wp-json\/wp\/v2\/media?parent=77972"}],"wp:term":[{"taxonomy":"product_brand","embeddable":true,"href":"https:\/\/www.soanam.de\/fr\/wp-json\/wp\/v2\/product_brand?post=77972"},{"taxonomy":"product_cat","embeddable":true,"href":"https:\/\/www.soanam.de\/fr\/wp-json\/wp\/v2\/product_cat?post=77972"},{"taxonomy":"product_tag","embeddable":true,"href":"https:\/\/www.soanam.de\/fr\/wp-json\/wp\/v2\/product_tag?post=77972"}],"curies":[{"name":"wp","href":"https:\/\/api.w.org\/{rel}","templated":true}]}}