{"id":77969,"date":"2023-12-13T21:04:12","date_gmt":"2023-12-13T20:04:12","guid":{"rendered":"https:\/\/www.soanam.de\/?post_type=product&#038;p=77969"},"modified":"2023-12-13T21:06:54","modified_gmt":"2023-12-13T20:06:54","slug":"jack-jones-veste-en-cuir-style-motard-jason-suede-en-caramel-taille-m","status":"publish","type":"product","link":"https:\/\/www.soanam.de\/fr\/produkt\/jack-jones-herren-lederjacke-im-bikerstyle-jason-suede-in-karamell-groesse-m\/","title":{"rendered":"JACK &#038; JONES Herren Lederjacke im Bikerstyle 'Jason Suede' in karamell, Gr\u00f6\u00dfe M"},"content":{"rendered":"<h3>Description<\/h3>\n<p><strong>D\u00e9tails du produit<\/strong><\/p>\n<ul>\n<li>Cuir<\/li>\n<li>Veste de motard<\/li>\n<li>L\u00e9g\u00e8rement doubl\u00e9<\/li>\n<li>Fermeture \u00e0 glissi\u00e8re des manches<\/li>\n<li>Ourlet droit<\/li>\n<li>Coupe droite<\/li>\n<li>Col \u00e0 revers<\/li>\n<li>Coutures de s\u00e9paration<\/li>\n<li>Poches lat\u00e9rales zipp\u00e9es<\/li>\n<li>Fermeture \u00e9clair oblique<\/li>\n<li>Couleurs unies<\/li>\n<li>Surface structur\u00e9e<\/li>\n<li>Coutures ton sur ton<\/li>\n<li>Poign\u00e9e souple<\/li>\n<\/ul>\n<h3><strong>Taille et ajustement<\/strong><\/h3>\n<p><strong>Coupe<\/strong>Coupe normale<\/p>\n<h3>Mat\u00e9riaux &amp; entretien<\/h3>\n<p><strong>Dessus<\/strong>: 100% Cuir<br \/>\n<strong>Alimentation<\/strong>: 100% Coton<br \/>\n<strong>\u00c9lasticit\u00e9<\/strong>: Non \u00e9lastique<\/p>","protected":false},"excerpt":{"rendered":"<h3>Caract\u00e9ristiques de l'article<\/h3>\n<p>\u00c9tat de l'article : Nouveau avec \u00e9tiquette : article neuf, non utilis\u00e9 et non port\u00e9 dans son emballage d'origine<\/p>\n<table border=\"0\" frame=\"VOID\" rules=\"NONE\" cellspacing=\"0\">\n<colgroup>\n<col width=\"137\" \/>\n<col width=\"267\" \/><\/colgroup>\n<tbody>\n<tr>\n<td align=\"LEFT\" width=\"137\" height=\"18\">Abteilung:<\/td>\n<td align=\"LEFT\" width=\"267\">Herren<\/td>\n<\/tr>\n<tr>\n<td align=\"LEFT\" height=\"18\">Aktivit\u00e4t:<\/td>\n<td align=\"LEFT\">Spazieren<\/td>\n<\/tr>\n<tr>\n<td align=\"LEFT\" height=\"18\">Anlass:<\/td>\n<td align=\"LEFT\">Freizeit<\/td>\n<\/tr>\n<tr>\n<td align=\"LEFT\" height=\"18\">Au\u00dfenmaterial:<\/td>\n<td align=\"LEFT\">Cuir<\/td>\n<\/tr>\n<tr>\n<td align=\"LEFT\" height=\"18\">Particularit\u00e9s :<\/td>\n<td align=\"LEFT\">ohne<\/td>\n<\/tr>\n<tr>\n<td align=\"LEFT\" height=\"18\">Charakter:<\/td>\n<td align=\"LEFT\">ohne<\/td>\n<\/tr>\n<tr>\n<td align=\"LEFT\" height=\"17\">EAN:<\/td>\n<td align=\"LEFT\">909733098172<\/td>\n<\/tr>\n<tr>\n<td align=\"LEFT\" height=\"18\">couleur :<\/td>\n<td align=\"LEFT\">Marron<\/td>\n<\/tr>\n<tr>\n<td align=\"LEFT\" height=\"18\">Futtermaterial:<\/td>\n<td align=\"LEFT\">Polyester<\/td>\n<\/tr>\n<tr>\n<td align=\"LEFT\" height=\"18\">Gewebeart:<\/td>\n<td align=\"LEFT\">Velour<\/td>\n<\/tr>\n<tr>\n<td align=\"LEFT\" height=\"18\">taille :<\/td>\n<td align=\"LEFT\">M<\/td>\n<\/tr>\n<tr>\n<td align=\"LEFT\" height=\"18\">Gr\u00f6\u00dfenkategorie:<\/td>\n<td align=\"LEFT\">Normalgr\u00f6\u00dfe<\/td>\n<\/tr>\n<tr>\n<td align=\"LEFT\" height=\"18\">Isoliermaterial:<\/td>\n<td align=\"LEFT\">Coton<\/td>\n<\/tr>\n<tr>\n<td align=\"LEFT\" height=\"18\">Jahreszeit:<\/td>\n<td align=\"LEFT\">Fr\u00fchling, Herbst<\/td>\n<\/tr>\n<tr>\n<td align=\"LEFT\" height=\"18\">Marke:<\/td>\n<td align=\"LEFT\">JACK &amp; JONES<\/td>\n<\/tr>\n<tr>\n<td align=\"LEFT\" height=\"18\">Modell:<\/td>\n<td align=\"LEFT\">Jason Suede<\/td>\n<\/tr>\n<tr>\n<td align=\"LEFT\" height=\"18\">\u00e9chantillon :<\/td>\n<td align=\"LEFT\">Ohne Muster<\/td>\n<\/tr>\n<tr>\n<td align=\"LEFT\" height=\"18\">Produktart:<\/td>\n<td align=\"LEFT\">Jacke<\/td>\n<\/tr>\n<tr>\n<td align=\"LEFT\" height=\"18\">Stil:<\/td>\n<td align=\"LEFT\">Biker<\/td>\n<\/tr>\n<tr>\n<td align=\"LEFT\" height=\"18\">Thema:<\/td>\n<td align=\"LEFT\">Outdoor<\/td>\n<\/tr>\n<tr>\n<td align=\"LEFT\" height=\"18\">Verschluss:<\/td>\n<td align=\"LEFT\">Fermeture \u00e0 glissi\u00e8re<\/td>\n<\/tr>\n<tr>\n<td align=\"LEFT\" height=\"18\">Vintage:<\/td>\n<td align=\"LEFT\">Nein<\/td>\n<\/tr>\n<\/tbody>\n<\/table>","protected":false},"featured_media":78079,"comment_status":"open","ping_status":"closed","template":"","meta":{"_seopress_robots_primary_cat":"","_seopress_titles_title":"","_seopress_titles_desc":"","_seopress_robots_index":""},"product_brand":[],"product_cat":[1345,1363,1370],"product_tag":[],"class_list":{"0":"post-77969","1":"product","2":"type-product","3":"status-publish","4":"has-post-thumbnail","6":"product_cat-herrenmode","7":"product_cat-jacken-maentel-herrenmode","8":"product_cat-lederjacken","9":"product_shipping_class-standard-versand","11":"first","12":"instock","13":"sale","14":"taxable","15":"shipping-taxable","16":"purchasable","17":"product-type-simple"},"_links":{"self":[{"href":"https:\/\/www.soanam.de\/fr\/wp-json\/wp\/v2\/product\/77969","targetHints":{"allow":["GET"]}}],"collection":[{"href":"https:\/\/www.soanam.de\/fr\/wp-json\/wp\/v2\/product"}],"about":[{"href":"https:\/\/www.soanam.de\/fr\/wp-json\/wp\/v2\/types\/product"}],"replies":[{"embeddable":true,"href":"https:\/\/www.soanam.de\/fr\/wp-json\/wp\/v2\/comments?post=77969"}],"wp:featuredmedia":[{"embeddable":true,"href":"https:\/\/www.soanam.de\/fr\/wp-json\/wp\/v2\/media\/78079"}],"wp:attachment":[{"href":"https:\/\/www.soanam.de\/fr\/wp-json\/wp\/v2\/media?parent=77969"}],"wp:term":[{"taxonomy":"product_brand","embeddable":true,"href":"https:\/\/www.soanam.de\/fr\/wp-json\/wp\/v2\/product_brand?post=77969"},{"taxonomy":"product_cat","embeddable":true,"href":"https:\/\/www.soanam.de\/fr\/wp-json\/wp\/v2\/product_cat?post=77969"},{"taxonomy":"product_tag","embeddable":true,"href":"https:\/\/www.soanam.de\/fr\/wp-json\/wp\/v2\/product_tag?post=77969"}],"curies":[{"name":"wp","href":"https:\/\/api.w.org\/{rel}","templated":true}]}}