{"id":77950,"date":"2023-12-13T21:03:47","date_gmt":"2023-12-13T20:03:47","guid":{"rendered":"https:\/\/www.soanam.de\/?post_type=product&#038;p=77950"},"modified":"2023-12-13T21:06:20","modified_gmt":"2023-12-13T20:06:20","slug":"2-pieces-esprit-collection-homme-costume-2-tone-birdseye-bleu-taille-46","status":"publish","type":"product","link":"https:\/\/www.soanam.de\/fr\/produkt\/2-teiler-esprit-collection-herren-anzug-2-tone-birdseye-blau-groesse-46\/","title":{"rendered":"Costume homme 2 pi\u00e8ces Esprit Collection '2 tone birdseye' bleu, taille 46"},"content":{"rendered":"<h3>Description<\/h3>\n<p><strong>D\u00e9tails du produit<\/strong><\/p>\n<p>L\u00e9g\u00e8rement doubl\u00e9<br \/>\nKlappkragen<br \/>\nSchmetterling mit Rei\u00dfverschluss<br \/>\nGes\u00e4\u00dftaschen<br \/>\nFalttaschen<br \/>\nSeitentaschen<br \/>\nKnopfverschluss<br \/>\nmonochromatisch<\/p>\n<p><strong>Taille et ajustement<\/strong><\/p>\n<p>L\u00e4nge: Lang \/ Maxi<br \/>\nPassform: Enge Passform<br \/>\nCoupe : normale<\/p>\n<p><strong>Mat\u00e9riaux et entretien<\/strong><\/p>\n<p>Obermaterial: 77% Polyester, 21% Viskose, 2% Elasthan<br \/>\nFutter: 52% Polyester, 48% Viskose<br \/>\n\u00c4rmelfutter: 100% Polyester<br \/>\nFlexibilit\u00e4t: Leicht elastisch<\/p>","protected":false},"excerpt":{"rendered":"<h3>Caract\u00e9ristiques de l'article<\/h3>\n<p>\u00c9tat de l'article : Nouveau avec \u00e9tiquette : article neuf, non utilis\u00e9 et non port\u00e9 dans son emballage d'origine<\/p>\n<table border=\"0\" frame=\"VOID\" rules=\"NONE\" cellspacing=\"0\">\n<colgroup>\n<col width=\"137\" \/>\n<col width=\"267\" \/><\/colgroup>\n<tbody>\n<tr>\n<td align=\"LEFT\" width=\"137\" height=\"18\">Abteilung:<\/td>\n<td align=\"LEFT\" width=\"267\">Herren<\/td>\n<\/tr>\n<tr>\n<td align=\"LEFT\" height=\"18\">Anlass:<\/td>\n<td align=\"LEFT\">Business<\/td>\n<\/tr>\n<tr>\n<td align=\"LEFT\" height=\"18\">Brustumfang:<\/td>\n<td align=\"LEFT\">ohne Angabe<\/td>\n<\/tr>\n<tr>\n<td align=\"LEFT\" height=\"17\">EAN:<\/td>\n<td align=\"LEFT\">4062797079443<\/td>\n<\/tr>\n<tr>\n<td align=\"LEFT\" height=\"18\">couleur :<\/td>\n<td align=\"LEFT\">Bleu<\/td>\n<\/tr>\n<tr>\n<td align=\"LEFT\" height=\"18\">Gewebeart:<\/td>\n<td align=\"LEFT\">Mischgewebe<\/td>\n<\/tr>\n<tr>\n<td align=\"LEFT\" height=\"18\">taille :<\/td>\n<td align=\"LEFT\">46<\/td>\n<\/tr>\n<tr>\n<td align=\"LEFT\" height=\"18\">Gr\u00f6\u00dfenkategorie:<\/td>\n<td align=\"LEFT\">Normalgr\u00f6\u00dfe<\/td>\n<\/tr>\n<tr>\n<td align=\"LEFT\" height=\"18\">Jacken-\/Mantell\u00e4nge:<\/td>\n<td align=\"LEFT\">Halblang<\/td>\n<\/tr>\n<tr>\n<td align=\"LEFT\" height=\"18\">Jackenrevers-Form:<\/td>\n<td align=\"LEFT\">Klappkragen<\/td>\n<\/tr>\n<tr>\n<td align=\"LEFT\" height=\"18\">Marke:<\/td>\n<td align=\"LEFT\">Esprit<\/td>\n<\/tr>\n<tr>\n<td align=\"LEFT\" height=\"18\">mat\u00e9riel :<\/td>\n<td align=\"LEFT\">77% Polyester, 21% Viskose, 2% Elasthan<\/td>\n<\/tr>\n<tr>\n<td align=\"LEFT\" height=\"18\">Ajustement :<\/td>\n<td align=\"LEFT\">Classic<\/td>\n<\/tr>\n<tr>\n<td align=\"LEFT\" height=\"18\">Produktart:<\/td>\n<td align=\"LEFT\">Anzug<\/td>\n<\/tr>\n<tr>\n<td align=\"LEFT\" height=\"18\">Stil:<\/td>\n<td align=\"LEFT\">2-Teiler<\/td>\n<\/tr>\n<tr>\n<td align=\"LEFT\" height=\"18\">Thema:<\/td>\n<td align=\"LEFT\">Business, Elegant<\/td>\n<\/tr>\n<tr>\n<td align=\"LEFT\" height=\"18\">Vintage:<\/td>\n<td align=\"LEFT\">Nein<\/td>\n<\/tr>\n<\/tbody>\n<\/table>","protected":false},"featured_media":78076,"comment_status":"open","ping_status":"closed","template":"","meta":{"_seopress_robots_primary_cat":"","_seopress_titles_title":"","_seopress_titles_desc":"","_seopress_robots_index":""},"product_brand":[],"product_cat":[1345,1368,1427],"product_tag":[],"class_list":{"0":"post-77950","1":"product","2":"type-product","3":"status-publish","4":"has-post-thumbnail","6":"product_cat-herrenmode","7":"product_cat-anzuege-anzugsteile","8":"product_cat-anzuege-2-tlg","9":"product_shipping_class-standard-versand","11":"first","12":"instock","13":"sale","14":"taxable","15":"shipping-taxable","16":"purchasable","17":"product-type-simple"},"_links":{"self":[{"href":"https:\/\/www.soanam.de\/fr\/wp-json\/wp\/v2\/product\/77950","targetHints":{"allow":["GET"]}}],"collection":[{"href":"https:\/\/www.soanam.de\/fr\/wp-json\/wp\/v2\/product"}],"about":[{"href":"https:\/\/www.soanam.de\/fr\/wp-json\/wp\/v2\/types\/product"}],"replies":[{"embeddable":true,"href":"https:\/\/www.soanam.de\/fr\/wp-json\/wp\/v2\/comments?post=77950"}],"wp:featuredmedia":[{"embeddable":true,"href":"https:\/\/www.soanam.de\/fr\/wp-json\/wp\/v2\/media\/78076"}],"wp:attachment":[{"href":"https:\/\/www.soanam.de\/fr\/wp-json\/wp\/v2\/media?parent=77950"}],"wp:term":[{"taxonomy":"product_brand","embeddable":true,"href":"https:\/\/www.soanam.de\/fr\/wp-json\/wp\/v2\/product_brand?post=77950"},{"taxonomy":"product_cat","embeddable":true,"href":"https:\/\/www.soanam.de\/fr\/wp-json\/wp\/v2\/product_cat?post=77950"},{"taxonomy":"product_tag","embeddable":true,"href":"https:\/\/www.soanam.de\/fr\/wp-json\/wp\/v2\/product_tag?post=77950"}],"curies":[{"name":"wp","href":"https:\/\/api.w.org\/{rel}","templated":true}]}}