{"id":77949,"date":"2023-12-13T21:03:47","date_gmt":"2023-12-13T20:03:47","guid":{"rendered":"https:\/\/www.soanam.de\/?post_type=product&#038;p=77949"},"modified":"2023-12-13T21:06:14","modified_gmt":"2023-12-13T20:06:14","slug":"chaussures-de-football-nike-phantom-vision-elite-df-sg-pro-noir-bleu-taille-40","status":"publish","type":"product","link":"https:\/\/www.soanam.de\/fr\/produkt\/fussballschuhe-nike-phantom-vision-elite-df-sg-pro-schwarz-blau-groesse-40\/","title":{"rendered":"Chaussures de football Nike Phantom Vision Elite DF SG-Pro, Noir\/Bleu, taille 40"},"content":{"rendered":"<h3>Description<\/h3>\n<p>Die fu\u00dfball-schuhe Phantom Vision Elite DF SG-Pro - ein teil des neuen Always Forward-Pack von Nike.<br \/>\nGewidmet all denen, die einen unterschied machen<br \/>\nDie fu\u00dfball-schuhe Phantom Vision Elite DF SG-Pro verf\u00fcgen \u00fcber eine synthetik in Flyknit, leicht und der grip unglaublich, f\u00fcr ein ballgef\u00fchl hervorragend, auch bei n\u00e4sse.<br \/>\nDie traktion, Anti-Clog der Nike Phantom Vision Elite zu sechs stollen, die erm\u00f6glicht, dass der schlamm sich nicht ansammelt, das innenfutter sorgt f\u00fcr eine anpassungsf\u00e4higkeit an jede art von fu\u00df.<\/p>\n<h3>Datenblatt<\/h3>\n<p>Das innenfutter Quadfit mesh passt sich der form des fu\u00dfes an und in jedem detail<br \/>\nDie struktur Flyknit texturiert, sorgt f\u00fcr maximale traktion f\u00fcr eine unglaubliche ballkontrolle, auch bei n\u00e4sse<br \/>\nFlache sohle ultraleicht<br \/>\nDie traktion, Anti-Clog verhindern, die anh\u00e4ufung von erde auf die stollen<br \/>\nDas schn\u00fcrsystem Ghost Lace verdeckt die schn\u00fcrung f\u00fcr eine ideale verbindung mit dem ball<br \/>\nTacchettatura SG Pro, ideal f\u00fcr nat\u00fcrlichen b\u00f6den weich und schlammig<\/p>","protected":false},"excerpt":{"rendered":"<h3>Caract\u00e9ristiques de l'article<\/h3>\n<p>\u00c9tat de l'article : Nouveau avec \u00e9tiquette : article neuf, non utilis\u00e9 et non port\u00e9 dans son emballage d'origine<\/p>\n<table border=\"0\" frame=\"VOID\" rules=\"NONE\" cellspacing=\"0\">\n<colgroup>\n<col width=\"137\" \/>\n<col width=\"168\" \/><\/colgroup>\n<tbody>\n<tr>\n<td align=\"LEFT\" width=\"137\" height=\"18\">Abteilung:<\/td>\n<td align=\"LEFT\" width=\"168\">Herren<\/td>\n<\/tr>\n<tr>\n<td align=\"LEFT\" height=\"18\">Angebotspaket:<\/td>\n<td align=\"LEFT\">Nein<\/td>\n<\/tr>\n<tr>\n<td align=\"LEFT\" height=\"18\">EAN:<\/td>\n<td align=\"LEFT\">nichtzutreffend<\/td>\n<\/tr>\n<tr>\n<td align=\"LEFT\" height=\"18\">couleur :<\/td>\n<td align=\"LEFT\">Schwarz\/Blau<\/td>\n<\/tr>\n<tr>\n<td align=\"LEFT\" height=\"18\">Geeignet f\u00fcr:<\/td>\n<td align=\"LEFT\">Outdoor<\/td>\n<\/tr>\n<tr>\n<td align=\"LEFT\" height=\"18\">taille :<\/td>\n<td align=\"LEFT\">40<\/td>\n<\/tr>\n<tr>\n<td align=\"LEFT\" height=\"18\">Marke:<\/td>\n<td align=\"LEFT\">Nike<\/td>\n<\/tr>\n<tr>\n<td align=\"LEFT\" height=\"18\">Modell:<\/td>\n<td align=\"LEFT\">Phantom Vision Elite<\/td>\n<\/tr>\n<tr>\n<td align=\"LEFT\" height=\"18\">Modifizierter Artikel:<\/td>\n<td align=\"LEFT\">Nein<\/td>\n<\/tr>\n<tr>\n<td align=\"LEFT\" height=\"18\">Pr\u00e4zise Farbe:<\/td>\n<td align=\"LEFT\">Schwarz\/Blau<\/td>\n<\/tr>\n<tr>\n<td align=\"LEFT\" height=\"18\">Produktart:<\/td>\n<td align=\"LEFT\">Nocken<\/td>\n<\/tr>\n<\/tbody>\n<\/table>","protected":false},"featured_media":78068,"comment_status":"open","ping_status":"closed","template":"","meta":{"_seopress_robots_primary_cat":"","_seopress_titles_title":"","_seopress_titles_desc":"","_seopress_robots_index":""},"product_brand":[],"product_cat":[1345,1365,1393,1471],"product_tag":[],"class_list":{"0":"post-77949","1":"product","2":"type-product","3":"status-publish","4":"has-post-thumbnail","6":"product_cat-herrenmode","7":"product_cat-sportbekleidung","8":"product_cat-schuhe-herrenmode","9":"product_cat-fussballschuhe","10":"product_shipping_class-standard-versand","12":"first","13":"instock","14":"sale","15":"taxable","16":"shipping-taxable","17":"purchasable","18":"product-type-simple"},"_links":{"self":[{"href":"https:\/\/www.soanam.de\/fr\/wp-json\/wp\/v2\/product\/77949","targetHints":{"allow":["GET"]}}],"collection":[{"href":"https:\/\/www.soanam.de\/fr\/wp-json\/wp\/v2\/product"}],"about":[{"href":"https:\/\/www.soanam.de\/fr\/wp-json\/wp\/v2\/types\/product"}],"replies":[{"embeddable":true,"href":"https:\/\/www.soanam.de\/fr\/wp-json\/wp\/v2\/comments?post=77949"}],"wp:featuredmedia":[{"embeddable":true,"href":"https:\/\/www.soanam.de\/fr\/wp-json\/wp\/v2\/media\/78068"}],"wp:attachment":[{"href":"https:\/\/www.soanam.de\/fr\/wp-json\/wp\/v2\/media?parent=77949"}],"wp:term":[{"taxonomy":"product_brand","embeddable":true,"href":"https:\/\/www.soanam.de\/fr\/wp-json\/wp\/v2\/product_brand?post=77949"},{"taxonomy":"product_cat","embeddable":true,"href":"https:\/\/www.soanam.de\/fr\/wp-json\/wp\/v2\/product_cat?post=77949"},{"taxonomy":"product_tag","embeddable":true,"href":"https:\/\/www.soanam.de\/fr\/wp-json\/wp\/v2\/product_tag?post=77949"}],"curies":[{"name":"wp","href":"https:\/\/api.w.org\/{rel}","templated":true}]}}