{"id":77926,"date":"2023-12-13T21:03:22","date_gmt":"2023-12-13T20:03:22","guid":{"rendered":"https:\/\/www.soanam.de\/?post_type=product&#038;p=77926"},"modified":"2023-12-13T21:05:31","modified_gmt":"2023-12-13T20:05:31","slug":"wrangler-jeans-stretch-texas-en-noir-w34xl32","status":"publish","type":"product","link":"https:\/\/www.soanam.de\/fr\/produkt\/wrangler-stretch-jeans-texas-in-schwarz-w34xl32\/","title":{"rendered":"Wrangler Jeans stretch TEXAS, en noir, W34xL32"},"content":{"rendered":"<p>Jeans stretch Wrangler Texas<br \/>\nAuthentic Straight\/ forme droite<br \/>\nJambe droite, largeur de cuisse normale<br \/>\nQualit\u00e9 confortable en coton stretch<br \/>\nAvec patch d'\u00e9tiquette sur la poche arri\u00e8re droite<\/p>\n<p>La coupe droite du jean est l\u00e9g\u00e8rement moulante, la mati\u00e8re en coton stretch du denim est facile d'entretien et confortable.<\/p>\n<p>Mati\u00e8re : 978% coton, 2% \u00e9lasthanne<br \/>\nConseils d'entretien : Lavage en machine \u00e0 30\u00b0.<\/p>\n<p>couleur : black<br \/>\nTaille : W34 L32<\/p>\n<p>Tour de taille : 85cm<br \/>\nTour de hanches : 103cm<br \/>\nLongueur d'entrejambe:80cm<br \/>\nlongueur totale : 111cm<\/p>\n<p>&nbsp;<\/p>","protected":false},"excerpt":{"rendered":"<table class=\"dv_characteristicsTable\">\n<tbody>\n<tr>\n<td class=\"left\">Taille<\/td>\n<td>34<\/td>\n<\/tr>\n<tr>\n<td class=\"left\">Hosenl\u00e4nge<\/td>\n<td>32<\/td>\n<\/tr>\n<tr>\n<td class=\"left\">Composition du mat\u00e9riau<\/td>\n<td>Obermaterial: 98% Baumwolle, 2% Elasthan<\/td>\n<\/tr>\n<tr>\n<td class=\"left\">Materialhinweis<\/td>\n<td>enth\u00e4lt nichttextile Teile tierischen Ursprungs<\/td>\n<\/tr>\n<tr>\n<td class=\"left\">Conseils d'entretien<\/td>\n<td>Lavage en machine<\/td>\n<\/tr>\n<tr>\n<td class=\"left\">Optik<\/td>\n<td>Brushed<\/td>\n<\/tr>\n<tr>\n<td class=\"left\">Stil<\/td>\n<td>casual<\/td>\n<\/tr>\n<tr>\n<td class=\"left\">Herstellerfarbbezeichnung<\/td>\n<td>black<\/td>\n<\/tr>\n<tr>\n<td class=\"left\">Couleur<\/td>\n<td>black<\/td>\n<\/tr>\n<tr>\n<td class=\"left\">Leibh\u00f6he<\/td>\n<td>sitzt in der Taille<\/td>\n<\/tr>\n<tr>\n<td class=\"left\">Bundabschluss<\/td>\n<td>normaler Saum<\/td>\n<\/tr>\n<tr>\n<td class=\"left\">Beinform<\/td>\n<td>gerade<\/td>\n<\/tr>\n<tr>\n<td class=\"left\">Beinabschluss<\/td>\n<td>abgesteppt<\/td>\n<\/tr>\n<tr>\n<td class=\"left\">Coupe<\/td>\n<td>normal<\/td>\n<\/tr>\n<tr>\n<td class=\"left\">Schnittform L\u00e4nge<\/td>\n<td>lang<\/td>\n<\/tr>\n<tr>\n<td class=\"left\">Sacs<\/td>\n<td>Ges\u00e4\u00dftaschen, Eingrifftaschen, M\u00fcnztasche<\/td>\n<\/tr>\n<tr>\n<td class=\"left\">Verschluss<\/td>\n<td>Fermeture \u00e0 glissi\u00e8re<\/td>\n<\/tr>\n<tr>\n<td class=\"left\">Gr\u00f6\u00dfenhinweis<\/td>\n<td>F\u00e4llt eng aus, bitte eine Gr\u00f6\u00dfe gr\u00f6\u00dfer bestellen.<\/td>\n<\/tr>\n<\/tbody>\n<\/table>","protected":false},"featured_media":77348,"comment_status":"open","ping_status":"closed","template":"","meta":{"_seopress_robots_primary_cat":"","_seopress_titles_title":"","_seopress_titles_desc":"","_seopress_robots_index":""},"product_brand":[],"product_cat":[1345,1346,1347],"product_tag":[],"class_list":{"0":"post-77926","1":"product","2":"type-product","3":"status-publish","4":"has-post-thumbnail","6":"product_cat-herrenmode","7":"product_cat-hosen","8":"product_cat-jeans","9":"product_shipping_class-standard-versand","11":"first","12":"instock","13":"sale","14":"taxable","15":"shipping-taxable","16":"purchasable","17":"product-type-simple"},"_links":{"self":[{"href":"https:\/\/www.soanam.de\/fr\/wp-json\/wp\/v2\/product\/77926","targetHints":{"allow":["GET"]}}],"collection":[{"href":"https:\/\/www.soanam.de\/fr\/wp-json\/wp\/v2\/product"}],"about":[{"href":"https:\/\/www.soanam.de\/fr\/wp-json\/wp\/v2\/types\/product"}],"replies":[{"embeddable":true,"href":"https:\/\/www.soanam.de\/fr\/wp-json\/wp\/v2\/comments?post=77926"}],"wp:featuredmedia":[{"embeddable":true,"href":"https:\/\/www.soanam.de\/fr\/wp-json\/wp\/v2\/media\/77348"}],"wp:attachment":[{"href":"https:\/\/www.soanam.de\/fr\/wp-json\/wp\/v2\/media?parent=77926"}],"wp:term":[{"taxonomy":"product_brand","embeddable":true,"href":"https:\/\/www.soanam.de\/fr\/wp-json\/wp\/v2\/product_brand?post=77926"},{"taxonomy":"product_cat","embeddable":true,"href":"https:\/\/www.soanam.de\/fr\/wp-json\/wp\/v2\/product_cat?post=77926"},{"taxonomy":"product_tag","embeddable":true,"href":"https:\/\/www.soanam.de\/fr\/wp-json\/wp\/v2\/product_tag?post=77926"}],"curies":[{"name":"wp","href":"https:\/\/api.w.org\/{rel}","templated":true}]}}