{"id":77881,"date":"2023-12-13T21:02:29","date_gmt":"2023-12-13T20:02:29","guid":{"rendered":"https:\/\/www.soanam.de\/?post_type=product&#038;p=77881"},"modified":"2023-12-13T21:04:45","modified_gmt":"2023-12-13T20:04:45","slug":"blend-pantalon-chino-bhnatan-en-bleu-marine-fonce-taille-w33xl32","status":"publish","type":"product","link":"https:\/\/www.soanam.de\/fr\/produkt\/blend-chinohose-bhnatan-in-dark-navy-blue-groesse-w33xl32\/","title":{"rendered":"Blend pantalon chino BHNATAN, en bleu marine fonc\u00e9, taille W33xL32"},"content":{"rendered":"<p>Chino slim de Blend<br \/>\nJambes \u00e9troites, taille basse<br \/>\nAvec des \u00e9tiquettes de marque et des poches \u00e0 boutons<br \/>\nAvec de l'\u00e9lasthanne pour un ajustement confortable<\/p>\n<p>Le pantalon chino de Blend s\u00e9duit par sa coupe \u00e9troite et son design sobre.<br \/>\nElle est confortable et d\u00e9contract\u00e9e gr\u00e2ce \u00e0 son tissu stretch de haute qualit\u00e9.<br \/>\nUn classique pour le quotidien.<\/p>\n<p>Mati\u00e8re : 98% coton, 2% \u00e9lasthanne<br \/>\nConseils d'entretien : Lavage en machine<\/p>\n<p>couleur : bleu marine fonc\u00e9<br \/>\nTaille : W33 L32<\/p>\n<p>Tour de taille : 85cm<br \/>\nTour de hanches : 106cm<br \/>\nLongueur d'entrejambe:81cm<br \/>\nlongueur totale : 109cm<\/p>","protected":false},"excerpt":{"rendered":"<table class=\"dv_characteristicsTable\">\n<tbody>\n<tr>\n<td class=\"left\">Taille<\/td>\n<td>33<\/td>\n<\/tr>\n<tr>\n<td class=\"left\">Hosenl\u00e4nge<\/td>\n<td>32<\/td>\n<\/tr>\n<tr>\n<td class=\"left\">Composition du mat\u00e9riau<\/td>\n<td>Obermaterial: 98% Baumwolle, 2% Elasthan<\/td>\n<\/tr>\n<tr>\n<td class=\"left\">Conseils d'entretien<\/td>\n<td>Lavage en machine<\/td>\n<\/tr>\n<tr>\n<td class=\"left\">Stil<\/td>\n<td>modisch<\/td>\n<\/tr>\n<tr>\n<td class=\"left\">Herstellerfarbbezeichnung<\/td>\n<td>Dark navy blue<\/td>\n<\/tr>\n<tr>\n<td class=\"left\">Couleur<\/td>\n<td>navy<\/td>\n<\/tr>\n<tr>\n<td class=\"left\">Leibh\u00f6he<\/td>\n<td>niedriger<\/td>\n<\/tr>\n<tr>\n<td class=\"left\">Beinform<\/td>\n<td>schmal<\/td>\n<\/tr>\n<tr>\n<td class=\"left\">Coupe<\/td>\n<td>schmal<\/td>\n<\/tr>\n<tr>\n<td class=\"left\">Passants de ceinture<\/td>\n<td>ja<\/td>\n<\/tr>\n<tr>\n<td class=\"left\">Applikationen<\/td>\n<td>Markenlabel<\/td>\n<\/tr>\n<tr>\n<td class=\"left\">Sacs<\/td>\n<td>Eingrifftaschen, Ges\u00e4\u00dftaschen, Knopftaschen<\/td>\n<\/tr>\n<\/tbody>\n<\/table>","protected":false},"featured_media":78002,"comment_status":"open","ping_status":"closed","template":"","meta":{"_seopress_robots_primary_cat":"","_seopress_titles_title":"","_seopress_titles_desc":"","_seopress_robots_index":""},"product_brand":[],"product_cat":[1345,1346,1464],"product_tag":[],"class_list":{"0":"post-77881","1":"product","2":"type-product","3":"status-publish","4":"has-post-thumbnail","6":"product_cat-herrenmode","7":"product_cat-hosen","8":"product_cat-chinohosen","9":"product_shipping_class-standard-versand","11":"first","12":"instock","13":"taxable","14":"shipping-taxable","15":"purchasable","16":"product-type-simple"},"_links":{"self":[{"href":"https:\/\/www.soanam.de\/fr\/wp-json\/wp\/v2\/product\/77881","targetHints":{"allow":["GET"]}}],"collection":[{"href":"https:\/\/www.soanam.de\/fr\/wp-json\/wp\/v2\/product"}],"about":[{"href":"https:\/\/www.soanam.de\/fr\/wp-json\/wp\/v2\/types\/product"}],"replies":[{"embeddable":true,"href":"https:\/\/www.soanam.de\/fr\/wp-json\/wp\/v2\/comments?post=77881"}],"wp:featuredmedia":[{"embeddable":true,"href":"https:\/\/www.soanam.de\/fr\/wp-json\/wp\/v2\/media\/78002"}],"wp:attachment":[{"href":"https:\/\/www.soanam.de\/fr\/wp-json\/wp\/v2\/media?parent=77881"}],"wp:term":[{"taxonomy":"product_brand","embeddable":true,"href":"https:\/\/www.soanam.de\/fr\/wp-json\/wp\/v2\/product_brand?post=77881"},{"taxonomy":"product_cat","embeddable":true,"href":"https:\/\/www.soanam.de\/fr\/wp-json\/wp\/v2\/product_cat?post=77881"},{"taxonomy":"product_tag","embeddable":true,"href":"https:\/\/www.soanam.de\/fr\/wp-json\/wp\/v2\/product_tag?post=77881"}],"curies":[{"name":"wp","href":"https:\/\/api.w.org\/{rel}","templated":true}]}}