{"id":77876,"date":"2023-12-13T21:02:28","date_gmt":"2023-12-13T20:02:28","guid":{"rendered":"https:\/\/www.soanam.de\/?post_type=product&#038;p=77876"},"modified":"2023-12-13T21:04:21","modified_gmt":"2023-12-13T20:04:21","slug":"polarino-pantalon-fonctionnel-en-noir-taille-48","status":"publish","type":"product","link":"https:\/\/www.soanam.de\/fr\/produkt\/polarino-funktionshose-in-schwarz-groesse-48\/","title":{"rendered":"Pantalon fonctionnel Polarino, en noir, taille 48"},"content":{"rendered":"<p>Pantalon de trekking de Polarino<br \/>\n\u00c9lastique, respirant et coupe-vent<br \/>\npoches avec fermeture \u00e0 glissi\u00e8re, passants pour ceinture<br \/>\nourlet r\u00e9glable par boutons-pression<\/p>\n<p>Ce pantalon fonctionnel Polarino respirant est tr\u00e8s agr\u00e9able \u00e0 porter gr\u00e2ce \u00e0 sa part de stretch confortable, ses pinces au niveau des genoux et son gousset int\u00e9gr\u00e9.<br \/>\nL'ourlet est r\u00e9glable \u00e0 l'aide de boutons-pression et les poches zipp\u00e9es sont pratiques, ce qui rend ce pantalon tr\u00e8s polyvalent.<\/p>\n<p>Mati\u00e8re : 92% polyamide, 8% \u00e9lasthanne<br \/>\nConseils d'entretien : Lavage en machine<\/p>\n<p>couleur : noir<br \/>\nTaille : EUR 48<\/p>\n<p>Tour de taille : 84cm<br \/>\nTour de hanches : 104cm<br \/>\nLongueur d'entrejambe:82cm<br \/>\nlongueur totale : 107cm<\/p>","protected":false},"excerpt":{"rendered":"<table class=\"dv_characteristicsTable\">\n<tbody>\n<tr>\n<td class=\"left\">Taille<\/td>\n<td>48<\/td>\n<\/tr>\n<tr>\n<td class=\"left\">Gr\u00f6\u00dfentyp<\/td>\n<td>Normalgr\u00f6\u00dfen<\/td>\n<\/tr>\n<tr>\n<td class=\"left\">Composition du mat\u00e9riau<\/td>\n<td>Obermaterial: 92% Polyamid, 8% Elasthan<\/td>\n<\/tr>\n<tr>\n<td class=\"left\">Conseils d'entretien<\/td>\n<td>Lavage en machine<\/td>\n<\/tr>\n<tr>\n<td class=\"left\">Optik<\/td>\n<td>unifarben<\/td>\n<\/tr>\n<tr>\n<td class=\"left\">Stil<\/td>\n<td>sportlich<\/td>\n<\/tr>\n<tr>\n<td class=\"left\">Couleur<\/td>\n<td>schwarz<\/td>\n<\/tr>\n<tr>\n<td class=\"left\">Leibh\u00f6he<\/td>\n<td>komfortabel<\/td>\n<\/tr>\n<tr>\n<td class=\"left\">Beinform<\/td>\n<td>gerade<\/td>\n<\/tr>\n<tr>\n<td class=\"left\">Coupe<\/td>\n<td>normal<\/td>\n<\/tr>\n<tr>\n<td class=\"left\">Applikationen<\/td>\n<td>Logodruck<\/td>\n<\/tr>\n<tr>\n<td class=\"left\">Besondere Merkmale<\/td>\n<td>aus atmungsaktivem Material<\/td>\n<\/tr>\n<\/tbody>\n<\/table>","protected":false},"featured_media":77979,"comment_status":"open","ping_status":"closed","template":"","meta":{"_seopress_robots_primary_cat":"","_seopress_titles_title":"","_seopress_titles_desc":"","_seopress_robots_index":""},"product_brand":[],"product_cat":[1345,1346,1463],"product_tag":[],"class_list":{"0":"post-77876","1":"product","2":"type-product","3":"status-publish","4":"has-post-thumbnail","6":"product_cat-herrenmode","7":"product_cat-hosen","8":"product_cat-regen-skihosen-hosen","9":"product_shipping_class-standard-versand","11":"first","12":"instock","13":"taxable","14":"shipping-taxable","15":"purchasable","16":"product-type-simple"},"_links":{"self":[{"href":"https:\/\/www.soanam.de\/fr\/wp-json\/wp\/v2\/product\/77876","targetHints":{"allow":["GET"]}}],"collection":[{"href":"https:\/\/www.soanam.de\/fr\/wp-json\/wp\/v2\/product"}],"about":[{"href":"https:\/\/www.soanam.de\/fr\/wp-json\/wp\/v2\/types\/product"}],"replies":[{"embeddable":true,"href":"https:\/\/www.soanam.de\/fr\/wp-json\/wp\/v2\/comments?post=77876"}],"wp:featuredmedia":[{"embeddable":true,"href":"https:\/\/www.soanam.de\/fr\/wp-json\/wp\/v2\/media\/77979"}],"wp:attachment":[{"href":"https:\/\/www.soanam.de\/fr\/wp-json\/wp\/v2\/media?parent=77876"}],"wp:term":[{"taxonomy":"product_brand","embeddable":true,"href":"https:\/\/www.soanam.de\/fr\/wp-json\/wp\/v2\/product_brand?post=77876"},{"taxonomy":"product_cat","embeddable":true,"href":"https:\/\/www.soanam.de\/fr\/wp-json\/wp\/v2\/product_cat?post=77876"},{"taxonomy":"product_tag","embeddable":true,"href":"https:\/\/www.soanam.de\/fr\/wp-json\/wp\/v2\/product_tag?post=77876"}],"curies":[{"name":"wp","href":"https:\/\/api.w.org\/{rel}","templated":true}]}}