{"id":77857,"date":"2023-12-13T21:02:04","date_gmt":"2023-12-13T20:02:04","guid":{"rendered":"https:\/\/www.soanam.de\/?post_type=product&#038;p=77857"},"modified":"2023-12-13T21:04:17","modified_gmt":"2023-12-13T20:04:17","slug":"cmp-pantalons-de-plein-air-woman-long-pant-en-noir-taille-46","status":"publish","type":"product","link":"https:\/\/www.soanam.de\/fr\/produkt\/cmp-outdoorhose-woman-long-pant-in-schwarz-groesse-46\/","title":{"rendered":"CMP pantalon outdoor WOMAN LONG PANT, en noir, taille 46"},"content":{"rendered":"<p>Pantalon outdoor doubl\u00e9 de CMP<br \/>\npoches avec fermeture \u00e0 glissi\u00e8re, passants pour ceinture<br \/>\nJambe droite avec genoux cousus<br \/>\nImperm\u00e9able, coupe-vent et respirant<br \/>\n7.000mm de colonne d'eau<\/p>\n<p>Un pantalon respirant, \u00e9lastique et chaud qui, avec sa coupe droite,ses poches lat\u00e9rales zipp\u00e9es et son int\u00e9rieur en polaire douce, fait de chaque activit\u00e9 outdoor un plaisir.<br \/>\nla taille est r\u00e9glable en largeur et les genoux sont pr\u00e9form\u00e9s<br \/>\nDe plus, avec une colonne d'eau de 7.000 mm, elle est \u00e9galement \u00e9tanche.<\/p>\n<p>Mati\u00e8re : 96% polyester, 4% \u00e9lasthanne<br \/>\nConseils d'entretien : Lavage en machine<\/p>\n<p>Couleur : U901 NERO<br \/>\nTaille : 46<\/p>\n<p>Tour de taille : 93cm<br \/>\nTour de hanches : 111cm<br \/>\nLongueur d'entrejambe:80cm<br \/>\nlongueur totale : 105cm<\/p>","protected":false},"excerpt":{"rendered":"<table class=\"dv_characteristicsTable\">\n<tbody>\n<tr>\n<td class=\"left\">Taille<\/td>\n<td>46<\/td>\n<\/tr>\n<tr>\n<td class=\"left\">Composition du mat\u00e9riau<\/td>\n<td>96% Polyester, 4% Elasthan<\/td>\n<\/tr>\n<tr>\n<td class=\"left\">Couleur<\/td>\n<td>U901 NERO<\/td>\n<\/tr>\n<\/tbody>\n<\/table>","protected":false},"featured_media":77975,"comment_status":"open","ping_status":"closed","template":"","meta":{"_seopress_robots_primary_cat":"","_seopress_titles_title":"","_seopress_titles_desc":"","_seopress_robots_index":""},"product_brand":[],"product_cat":[1348,1349,1455],"product_tag":[],"class_list":{"0":"post-77857","1":"product","2":"type-product","3":"status-publish","4":"has-post-thumbnail","6":"product_cat-damen-mode","7":"product_cat-hosen-damen-mode","8":"product_cat-regen-skihosen","9":"product_shipping_class-standard-versand","11":"first","12":"instock","13":"sale","14":"taxable","15":"shipping-taxable","16":"purchasable","17":"product-type-simple"},"_links":{"self":[{"href":"https:\/\/www.soanam.de\/fr\/wp-json\/wp\/v2\/product\/77857","targetHints":{"allow":["GET"]}}],"collection":[{"href":"https:\/\/www.soanam.de\/fr\/wp-json\/wp\/v2\/product"}],"about":[{"href":"https:\/\/www.soanam.de\/fr\/wp-json\/wp\/v2\/types\/product"}],"replies":[{"embeddable":true,"href":"https:\/\/www.soanam.de\/fr\/wp-json\/wp\/v2\/comments?post=77857"}],"wp:featuredmedia":[{"embeddable":true,"href":"https:\/\/www.soanam.de\/fr\/wp-json\/wp\/v2\/media\/77975"}],"wp:attachment":[{"href":"https:\/\/www.soanam.de\/fr\/wp-json\/wp\/v2\/media?parent=77857"}],"wp:term":[{"taxonomy":"product_brand","embeddable":true,"href":"https:\/\/www.soanam.de\/fr\/wp-json\/wp\/v2\/product_brand?post=77857"},{"taxonomy":"product_cat","embeddable":true,"href":"https:\/\/www.soanam.de\/fr\/wp-json\/wp\/v2\/product_cat?post=77857"},{"taxonomy":"product_tag","embeddable":true,"href":"https:\/\/www.soanam.de\/fr\/wp-json\/wp\/v2\/product_tag?post=77857"}],"curies":[{"name":"wp","href":"https:\/\/api.w.org\/{rel}","templated":true}]}}