{"id":77853,"date":"2023-12-13T21:02:02","date_gmt":"2023-12-13T20:02:02","guid":{"rendered":"https:\/\/www.soanam.de\/?post_type=product&#038;p=77853"},"modified":"2023-12-13T21:03:57","modified_gmt":"2023-12-13T20:03:57","slug":"porto-muinos-musgo-de-mar-organic-sea-moss-algues-sechees-vegan-25g","status":"publish","type":"product","link":"https:\/\/www.soanam.de\/fr\/produkt\/porto-muinos-musgo-de-mar-organic-sea-moss-getrocknete-algen-vegan-25g\/","title":{"rendered":"Porto-Mui\u00f1os MUSGO DE MAR, Organic Sea Moss, Algues s\u00e9ch\u00e9es, Vegan, 25g"},"content":{"rendered":"<h3>Description du produit<\/h3>\n<p>Mousse de mer Varech, un liant sain et v\u00e9g\u00e9talien.<br \/>\nMousse de mer (Mastocarpus stellatus)<\/p>\n<p><strong>Ingr\u00e9dients<\/strong><br \/>\n100% Algues, mousses marines s\u00e9ch\u00e9es * (Mastocarpus stellatus).<br \/>\nPeut contenir des traces de crustac\u00e9s<br \/>\n* contenir des produits issus de l'agriculture biologique<\/p>\n<p><strong>Valeur nutritive pour 100 grammes :<\/strong><br \/>\n\u00c9nergie 178 Kcal \/ 730 KJ<br \/>\ngraisses : 1 g<br \/>\ndont satur\u00e9s : 0,1 g<br \/>\nGlucides : 3 g<br \/>\ndont sucre : 0 g<br \/>\nFibres alimentaires : 49 g<br \/>\nProt\u00e9ines : 16 g<br \/>\nsel : 6,5 g<\/p>\n<p><strong>Utilisation<\/strong><br \/>\nLe varech est un liant sain et v\u00e9g\u00e9talien. C'est un petit varech rouge qui devient vert lorsqu'il est chauff\u00e9. Il a une texture croustillante avec un go\u00fbt de crustac\u00e9 savoureux et se compare bien \u00e0 la mousse irlandaise. Il est utilis\u00e9 dans les salades et cuit au four comme en-cas. Elle est utilis\u00e9e dans les soupes, les plats \u00e0 base d'\u0153ufs, les sauces et les rago\u00fbts. La mousse de mer agit comme un \u00e9paississant<\/p>\n<p>Garder au frais et au sec<\/p>","protected":false},"excerpt":{"rendered":"<h3><strong>Caract\u00e9ristiques de l'article<\/strong><\/h3>\n<p>Artikelzustand: Neu - Neuer, unbenutzter und unbesch\u00e4digter Artikel in der unge\u00f6ffneten Verpackung<\/p>\n<table style=\"border-collapse: collapse;width: 431pt\" width=\"575\">\n<tbody>\n<tr style=\"height: 15.0pt\">\n<td style=\"width: 193pt;height: 15.0pt\" width=\"257\" height=\"20\">Ablaufdatum:<\/td>\n<td class=\"xl65\" style=\"width: 239pt\" width=\"318\">12\/2022<\/td>\n<\/tr>\n<tr style=\"height: 15.0pt\">\n<td style=\"height: 15.0pt\" height=\"20\">Allergene:<\/td>\n<td class=\"xl65\">Krebstiere<\/td>\n<\/tr>\n<tr style=\"height: 15.0pt\">\n<td style=\"height: 15.0pt\" height=\"20\">EAN:<\/td>\n<td class=\"xl65\">8437001476749<\/td>\n<\/tr>\n<tr style=\"height: 15.0pt\">\n<td style=\"height: 15.0pt\" height=\"20\">Lebensmittelspezifikationen:<\/td>\n<td class=\"xl65\">Vegan<\/td>\n<\/tr>\n<tr style=\"height: 15.0pt\">\n<td style=\"height: 15.0pt\" height=\"20\">Marke:<\/td>\n<td class=\"xl65\">Porto-Mui\u00f1os<\/td>\n<\/tr>\n<tr style=\"height: 15.0pt\">\n<td style=\"height: 15.0pt\" height=\"20\">Produkt:<\/td>\n<td class=\"xl65\">Getrocknete Algen<\/td>\n<\/tr>\n<tr style=\"height: 15.0pt\">\n<td style=\"height: 15.0pt\" height=\"20\">Produktart:<\/td>\n<td class=\"xl65\">Sea Moss<\/td>\n<\/tr>\n<\/tbody>\n<\/table>","protected":false},"featured_media":77955,"comment_status":"open","ping_status":"closed","template":"","meta":{"_seopress_robots_primary_cat":"","_seopress_titles_title":"","_seopress_titles_desc":"","_seopress_robots_index":""},"product_brand":[],"product_cat":[1730],"product_tag":[],"class_list":{"0":"post-77853","1":"product","2":"type-product","3":"status-publish","4":"has-post-thumbnail","6":"product_cat-sonstiges-2","7":"product_shipping_class-standard-versand","9":"first","10":"instock","11":"sale","12":"taxable","13":"shipping-taxable","14":"purchasable","15":"product-type-simple"},"_links":{"self":[{"href":"https:\/\/www.soanam.de\/fr\/wp-json\/wp\/v2\/product\/77853","targetHints":{"allow":["GET"]}}],"collection":[{"href":"https:\/\/www.soanam.de\/fr\/wp-json\/wp\/v2\/product"}],"about":[{"href":"https:\/\/www.soanam.de\/fr\/wp-json\/wp\/v2\/types\/product"}],"replies":[{"embeddable":true,"href":"https:\/\/www.soanam.de\/fr\/wp-json\/wp\/v2\/comments?post=77853"}],"wp:featuredmedia":[{"embeddable":true,"href":"https:\/\/www.soanam.de\/fr\/wp-json\/wp\/v2\/media\/77955"}],"wp:attachment":[{"href":"https:\/\/www.soanam.de\/fr\/wp-json\/wp\/v2\/media?parent=77853"}],"wp:term":[{"taxonomy":"product_brand","embeddable":true,"href":"https:\/\/www.soanam.de\/fr\/wp-json\/wp\/v2\/product_brand?post=77853"},{"taxonomy":"product_cat","embeddable":true,"href":"https:\/\/www.soanam.de\/fr\/wp-json\/wp\/v2\/product_cat?post=77853"},{"taxonomy":"product_tag","embeddable":true,"href":"https:\/\/www.soanam.de\/fr\/wp-json\/wp\/v2\/product_tag?post=77853"}],"curies":[{"name":"wp","href":"https:\/\/api.w.org\/{rel}","templated":true}]}}