{"id":77837,"date":"2023-12-13T21:01:40","date_gmt":"2023-12-13T20:01:40","guid":{"rendered":"https:\/\/www.soanam.de\/?post_type=product&#038;p=77837"},"modified":"2023-12-13T21:03:53","modified_gmt":"2023-12-13T20:03:53","slug":"porto-muinos-espagueti-de-mar-algues-sechees-spaghetti-de-mer-organic-vegan-25g","status":"publish","type":"product","link":"https:\/\/www.soanam.de\/fr\/produkt\/porto-muinos-espagueti-de-mar-dried-seaweed-meeresspaghetti-organic-vegan-25g\/","title":{"rendered":"Porto Mui\u00f1os ESPAGUETI DE MAR, Dried Seaweed, Spaghetti de mer, organique, vegan, 25g"},"content":{"rendered":"<h3><strong>Description du produit<\/strong><\/h3>\n<p>Les spaghettis de mer bio Porto Mui\u00f1os sont des algues brunes. Leur aspect long, fin et l\u00e9g\u00e8rement ramifi\u00e9 ressemble presque \u00e0 des tagliatelles. Leur go\u00fbt rappelle celui des haricots frais. Leur consistance est forte.<\/p>\n<p><strong>Application<\/strong>:<br \/>\nl'hydratation :<br \/>\n1. faire tremper les algues dans l'eau pendant 20 minutes<br \/>\n2. r\u00e9p\u00e9tez cette proc\u00e9dure.<br \/>\n3. mouill\u00e9es, elles multiplient leur poids par 10.<br \/>\nTemps de cuisson : faire cuire les algues pendant 10 minutes dans une grande quantit\u00e9 d'eau.<\/p>\n<p>Les algues s\u00e9ch\u00e9es peuvent \u00eatre grill\u00e9es au four et moulues pour \u00eatre utilis\u00e9es comme condiment. Vous pouvez faire cuire les algues en entr\u00e9e et les d\u00e9guster avec du poisson cuit, des fruits de mer et des salades. Elles peuvent \u00e9galement \u00eatre utilis\u00e9es comme ingr\u00e9dient dans les plats de riz, de p\u00e2tes et de l\u00e9gumes, les soupes, les croquettes, etc.<\/p>\n<p><strong>Ingr\u00e9dients :<\/strong><br \/>\nSpaghetti de mer (Himanthalia elongata) provenant de la r\u00e9colte sauvage de la c\u00f4te galicienne (golfe de Gascogne et eaux portugaises).<br \/>\nPeut contenir des traces de crustac\u00e9s et de poissons d'origine marine.<\/p>\n<p><strong>Information suppl\u00e9mentaire :<\/strong><br \/>\nConserver \u00e0 temp\u00e9rature ambiante.<br \/>\nApr\u00e8s ouverture, gardez l'emballage herm\u00e9tique et sec.<\/p>\n<p><strong>Information des consommateurs :<\/strong><br \/>\nNaturellement riche en iode. Une consommation excessive d'iode peut entra\u00eener des probl\u00e8mes de thyro\u00efde. C'est pourquoi la soci\u00e9t\u00e9 allemande de nutrition recommande une consommation quotidienne moyenne ne d\u00e9passant pas 0,2 mg d'iode. 2 g de spaghettis de mer s\u00e9ch\u00e9s contiennent moins de 0,2 mg d'iode.<\/p>\n<p><strong>Informations nutritionnelles :<\/strong><br \/>\nNutrition pour 100 g<\/p>\n<p>d\u00e9shydrat\u00e9 r\u00e9hydrat\u00e9 *<\/p>\n<p>\u00c9nergie<br \/>\n702 kJ \/ 170 kcal 213 kJ \/ 52 kcal<\/p>\n<p>Graisse<br \/>\n- dont acides gras satur\u00e9s<br \/>\n1,0 g &lt;0,5 g<br \/>\n0,4 g 0,1 g<\/p>\n<p>Hydrate de carbone<br \/>\n- dont sucre<br \/>\n15 g 3,2 g<br \/>\n&lt;0,5 g &lt;0,5 g<\/p>\n<p>Fibres<br \/>\n36 g 14 g<\/p>\n<p>Prot\u00e9ine<br \/>\n7,5 g 2,2 g<\/p>\n<p>Sel<br \/>\n7,9 g 1,1 g<\/p>\n<p>Iode<br \/>\n924 x 10 \u00b5g 264 x 10 ug<\/p>","protected":false},"excerpt":{"rendered":"<h3><strong>Caract\u00e9ristiques de l'article<\/strong><\/h3>\n<p>Artikelzustand: Neu - Neuer, unbenutzter und unbesch\u00e4digter Artikel in der unge\u00f6ffneten Verpackung<\/p>\n<table style=\"border-collapse: collapse;width: 431pt\" width=\"575\">\n<tbody>\n<tr style=\"height: 15.0pt\">\n<td style=\"width: 193pt;height: 15.0pt\" width=\"257\" height=\"20\">Ablaufdatum:<\/td>\n<td class=\"xl65\" style=\"width: 239pt\" width=\"318\">04\/2023<\/td>\n<\/tr>\n<tr style=\"height: 15.0pt\">\n<td style=\"height: 15.0pt\" height=\"20\">Allergene:<\/td>\n<td class=\"xl65\">Fisch, Krebstiere<\/td>\n<\/tr>\n<tr style=\"height: 15.0pt\">\n<td style=\"height: 15.0pt\" height=\"20\">EAN:<\/td>\n<td class=\"xl65\">8437001476367<\/td>\n<\/tr>\n<tr style=\"height: 15.0pt\">\n<td style=\"height: 15.0pt\" height=\"20\">Herstellernummer:<\/td>\n<td class=\"xl65\">ohne Angabe<\/td>\n<\/tr>\n<tr style=\"height: 15.0pt\">\n<td style=\"height: 15.0pt\" height=\"20\">Inhalt:<\/td>\n<td class=\"xl65\">25g<\/td>\n<\/tr>\n<tr style=\"height: 15.0pt\">\n<td style=\"height: 15.0pt\" height=\"20\">Lebensmittelspezifikationen:<\/td>\n<td class=\"xl65\">Vegan<\/td>\n<\/tr>\n<tr style=\"height: 15.0pt\">\n<td style=\"height: 15.0pt\" height=\"20\">Marke:<\/td>\n<td class=\"xl65\">Porto Mui\u00f1os<\/td>\n<\/tr>\n<tr style=\"height: 15.0pt\">\n<td style=\"height: 15.0pt\" height=\"20\">Produkt:<\/td>\n<td class=\"xl65\">Meeresspaghetti<\/td>\n<\/tr>\n<tr style=\"height: 15.0pt\">\n<td style=\"height: 15.0pt\" height=\"20\">Produktart:<\/td>\n<td class=\"xl65\">Dried Seaweed<\/td>\n<\/tr>\n<\/tbody>\n<\/table>","protected":false},"featured_media":77953,"comment_status":"open","ping_status":"closed","template":"","meta":{"_seopress_robots_primary_cat":"","_seopress_titles_title":"","_seopress_titles_desc":"","_seopress_robots_index":""},"product_brand":[],"product_cat":[1730],"product_tag":[],"class_list":{"0":"post-77837","1":"product","2":"type-product","3":"status-publish","4":"has-post-thumbnail","6":"product_cat-sonstiges-2","7":"product_shipping_class-standard-versand","9":"first","10":"instock","11":"sale","12":"taxable","13":"shipping-taxable","14":"purchasable","15":"product-type-simple"},"_links":{"self":[{"href":"https:\/\/www.soanam.de\/fr\/wp-json\/wp\/v2\/product\/77837","targetHints":{"allow":["GET"]}}],"collection":[{"href":"https:\/\/www.soanam.de\/fr\/wp-json\/wp\/v2\/product"}],"about":[{"href":"https:\/\/www.soanam.de\/fr\/wp-json\/wp\/v2\/types\/product"}],"replies":[{"embeddable":true,"href":"https:\/\/www.soanam.de\/fr\/wp-json\/wp\/v2\/comments?post=77837"}],"wp:featuredmedia":[{"embeddable":true,"href":"https:\/\/www.soanam.de\/fr\/wp-json\/wp\/v2\/media\/77953"}],"wp:attachment":[{"href":"https:\/\/www.soanam.de\/fr\/wp-json\/wp\/v2\/media?parent=77837"}],"wp:term":[{"taxonomy":"product_brand","embeddable":true,"href":"https:\/\/www.soanam.de\/fr\/wp-json\/wp\/v2\/product_brand?post=77837"},{"taxonomy":"product_cat","embeddable":true,"href":"https:\/\/www.soanam.de\/fr\/wp-json\/wp\/v2\/product_cat?post=77837"},{"taxonomy":"product_tag","embeddable":true,"href":"https:\/\/www.soanam.de\/fr\/wp-json\/wp\/v2\/product_tag?post=77837"}],"curies":[{"name":"wp","href":"https:\/\/api.w.org\/{rel}","templated":true}]}}