{"id":77808,"date":"2023-12-13T21:00:51","date_gmt":"2023-12-13T20:00:51","guid":{"rendered":"https:\/\/www.soanam.de\/?post_type=product&#038;p=77808"},"modified":"2023-12-13T21:03:16","modified_gmt":"2023-12-13T20:03:16","slug":"la-fille-wadjda-le-premier-film-darabie-saoudite-tourne-par-une-femme-dvd","status":"publish","type":"product","link":"https:\/\/www.soanam.de\/fr\/produkt\/das-maedchen-wadjda-der-erste-film-aus-saudi-arabien-gedreht-von-einer-frau-dvd\/","title":{"rendered":"La fille Wadjda - Le premier film d'Arabie Saoudite r\u00e9alis\u00e9 par une femme - DVD"},"content":{"rendered":"<h3><strong>Description du produit<\/strong><\/h3>\n<p>Chaque jour, lorsque Wadjda va \u00e0 l'\u00e9cole dans sa ville natale de Riyad, elle passe devant un magasin de jouets qui propose un v\u00e9lo vert. A chaque fois, son c\u0153ur bat plus fort, car poss\u00e9der ce v\u00e9lo vert signifierait aussi pouvoir enfin s'imposer face \u00e0 Abdullah, le gar\u00e7on du quartier, et le distancer \u00e0 la vitesse du vent. Bien qu'il soit interdit aux filles de faire du v\u00e9lo, Wadjda \u00e9labore un plan pour gagner de l'argent pour le v\u00e9lo en faisant des affaires interdites dans la cour de l'\u00e9cole. Mais les man\u0153uvres de Wadjda sont d\u00e9couvertes, elle risque d'\u00eatre renvoy\u00e9e de l'\u00e9cole et ses espoirs de gagner de l'argent s'envolent. Il ne reste qu'une seule chance \u00e0 la jeune fille : gagner le concours de r\u00e9citation du Coran de l'\u00e9cole, dot\u00e9 d'un prix \u00e9lev\u00e9. Avec beaucoup de z\u00e8le et d'inventivit\u00e9, elle s'attelle \u00e0 la t\u00e2che de devenir soi-disant pieuse. Et c'est ainsi qu'elle n'a pas d'yeux pour les probl\u00e8mes de sa m\u00e8re, qui tente d'emp\u00eacher son mari de prendre une deuxi\u00e8me \u00e9pouse. Mais tout comme sa fille courageuse, la m\u00e8re de Wadjda se rend compte qu'elle est finalement livr\u00e9e \u00e0 elle-m\u00eame et qu'elle doit emprunter un chemin sem\u00e9 d'emb\u00fbches pour se battre pour un avenir autod\u00e9termin\u00e9 pour elle et sa fille.<\/p>\n<p>Le premier long m\u00e9trage de fiction d'Arabie saoudite - r\u00e9alis\u00e9 par une femme ! Avec son premier film, la r\u00e9alisatrice et sc\u00e9nariste saoudienne Haifaa Al Mansour raconte l'histoire touchante de Wadjda, une fillette de dix ans qui grandit \u00e0 la p\u00e9riph\u00e9rie de Riyad et qui, avec courage et humour, parvient \u00e0 r\u00e9aliser ses propres r\u00eaves en d\u00e9pit des conventions strictes. Le film dresse un portrait diff\u00e9renci\u00e9 et authentique de la vie des femmes saoudiennes et donne une vision int\u00e9rieure unique de la culture et de la soci\u00e9t\u00e9 locales.<\/p>\n<p>\"Ce film est un petit bijou !\" (BILD)<\/p>\n<p>\"Un vrai miracle cin\u00e9matographique, venant d'un pays o\u00f9 il n'y a pas de cin\u00e9mas\" (TV Spielfilm)<\/p>\n<p>\"Un plaidoyer touchant pour des filles et des femmes fortes\" (Stern)<\/p>\n<p>\"Une petite sensation\" (S\u00fcddeutsche Zeitung)<\/p>","protected":false},"excerpt":{"rendered":"<h3><strong>Caract\u00e9ristiques de l'article<\/strong><\/h3>\n<p>Artikelzustand: Neu - Artikel, dessen Originalverpackung (sofern zutreffend) nicht ge\u00f6ffnet oder entfernt wurde<\/p>\n<table style=\"border-collapse: collapse;width: 863pt\" width=\"1150\">\n<tbody>\n<tr style=\"height: 15.0pt\">\n<td style=\"width: 193pt;height: 15.0pt\" width=\"257\" height=\"20\">Particularit\u00e9s :<\/td>\n<td class=\"xl65\" style=\"width: 670pt\" width=\"893\">Full Screen, Mit Untertiteln<\/td>\n<\/tr>\n<tr style=\"height: 15.0pt\">\n<td style=\"height: 15.0pt\" height=\"20\">Darsteller:<\/td>\n<td class=\"xl65\">Reem Abdullah, Waad Mohammed, Abdullrahman Al Gohani<\/td>\n<\/tr>\n<tr style=\"height: 15.0pt\">\n<td style=\"height: 15.0pt\" height=\"20\">EAN:<\/td>\n<td class=\"xl65\">4020628924300<\/td>\n<\/tr>\n<tr style=\"height: 15.0pt\">\n<td style=\"height: 15.0pt\" height=\"20\">Edition:<\/td>\n<td class=\"xl65\">Standardausgabe<\/td>\n<\/tr>\n<tr style=\"height: 15.0pt\">\n<td style=\"height: 15.0pt\" height=\"20\">Erscheinungsjahr:<\/td>\n<td class=\"xl65\">2014<\/td>\n<\/tr>\n<tr style=\"height: 15.0pt\">\n<td style=\"height: 15.0pt\" height=\"20\">Film-\/Fernseh-Titel:<\/td>\n<td class=\"xl65\">Das M\u00e4dchen Wadjda<\/td>\n<\/tr>\n<tr style=\"height: 15.0pt\">\n<td style=\"height: 15.0pt\" height=\"20\">Format:<\/td>\n<td class=\"xl65\">DVD Video<\/td>\n<\/tr>\n<tr style=\"height: 15.0pt\">\n<td style=\"height: 15.0pt\" height=\"20\">FSK-Einstufung:<\/td>\n<td class=\"xl65\">0<\/td>\n<\/tr>\n<tr style=\"height: 15.0pt\">\n<td style=\"height: 15.0pt\" height=\"20\">Genre:<\/td>\n<td class=\"xl65\">Drama<\/td>\n<\/tr>\n<tr style=\"height: 15.0pt\">\n<td style=\"height: 15.0pt\" height=\"20\">Herstellernummer:<\/td>\n<td class=\"xl65\">Nicht zutreffend<\/td>\n<\/tr>\n<tr style=\"height: 15.0pt\">\n<td style=\"height: 15.0pt\" height=\"20\">Herstellungsland und -region:<\/td>\n<td class=\"xl65\">Saudi-Arabien<\/td>\n<\/tr>\n<tr style=\"height: 15.0pt\">\n<td style=\"height: 15.0pt\" height=\"20\">H\u00fcllenart:<\/td>\n<td class=\"xl65\">Kunststoffh\u00fclse<\/td>\n<\/tr>\n<tr style=\"height: 15.0pt\">\n<td style=\"height: 15.0pt\" height=\"20\">Produktart:<\/td>\n<td class=\"xl65\">Film<\/td>\n<\/tr>\n<tr style=\"height: 15.0pt\">\n<td style=\"height: 15.0pt\" height=\"20\">Regionalcode:<\/td>\n<td class=\"xl65\">DVD: 2 (Europa, Japan, Naher Osten\u2026)<\/td>\n<\/tr>\n<tr style=\"height: 15.0pt\">\n<td style=\"height: 15.0pt\" height=\"20\">Regisseur:<\/td>\n<td class=\"xl65\">Haifaa Al-Mansour<\/td>\n<\/tr>\n<tr style=\"height: 15.0pt\">\n<td style=\"height: 15.0pt\" height=\"20\">Spieldauer:<\/td>\n<td class=\"xl65\">93 Min.<\/td>\n<\/tr>\n<tr style=\"height: 15.0pt\">\n<td style=\"height: 15.0pt\" height=\"20\">Sprache:<\/td>\n<td class=\"xl65\">Deutsch, Arabisch<\/td>\n<\/tr>\n<tr style=\"height: 15.0pt\">\n<td style=\"height: 15.0pt\" height=\"20\">Studio:<\/td>\n<td class=\"xl65\">Koch Films<\/td>\n<\/tr>\n<tr style=\"height: 15.0pt\">\n<td style=\"height: 15.0pt\" height=\"20\">Subgenre:<\/td>\n<td class=\"xl65\">Familie<\/td>\n<\/tr>\n<tr style=\"height: 15.0pt\">\n<td style=\"height: 15.0pt\" height=\"20\">Untertitel Sprache:<\/td>\n<td class=\"xl65\">Allemand<\/td>\n<\/tr>\n<\/tbody>\n<\/table>","protected":false},"featured_media":77921,"comment_status":"open","ping_status":"closed","template":"","meta":{"_seopress_robots_primary_cat":"","_seopress_titles_title":"","_seopress_titles_desc":"","_seopress_robots_index":""},"product_brand":[],"product_cat":[1423,1424],"product_tag":[],"class_list":{"0":"post-77808","1":"product","2":"type-product","3":"status-publish","4":"has-post-thumbnail","6":"product_cat-multimedia","7":"product_cat-dvds","8":"product_shipping_class-standard-versand","10":"first","11":"instock","12":"sale","13":"taxable","14":"shipping-taxable","15":"purchasable","16":"product-type-simple"},"_links":{"self":[{"href":"https:\/\/www.soanam.de\/fr\/wp-json\/wp\/v2\/product\/77808","targetHints":{"allow":["GET"]}}],"collection":[{"href":"https:\/\/www.soanam.de\/fr\/wp-json\/wp\/v2\/product"}],"about":[{"href":"https:\/\/www.soanam.de\/fr\/wp-json\/wp\/v2\/types\/product"}],"replies":[{"embeddable":true,"href":"https:\/\/www.soanam.de\/fr\/wp-json\/wp\/v2\/comments?post=77808"}],"wp:featuredmedia":[{"embeddable":true,"href":"https:\/\/www.soanam.de\/fr\/wp-json\/wp\/v2\/media\/77921"}],"wp:attachment":[{"href":"https:\/\/www.soanam.de\/fr\/wp-json\/wp\/v2\/media?parent=77808"}],"wp:term":[{"taxonomy":"product_brand","embeddable":true,"href":"https:\/\/www.soanam.de\/fr\/wp-json\/wp\/v2\/product_brand?post=77808"},{"taxonomy":"product_cat","embeddable":true,"href":"https:\/\/www.soanam.de\/fr\/wp-json\/wp\/v2\/product_cat?post=77808"},{"taxonomy":"product_tag","embeddable":true,"href":"https:\/\/www.soanam.de\/fr\/wp-json\/wp\/v2\/product_tag?post=77808"}],"curies":[{"name":"wp","href":"https:\/\/api.w.org\/{rel}","templated":true}]}}