{"id":77788,"date":"2023-12-13T21:00:26","date_gmt":"2023-12-13T20:00:26","guid":{"rendered":"https:\/\/www.soanam.de\/?post_type=product&#038;p=77788"},"modified":"2023-12-13T21:03:03","modified_gmt":"2023-12-13T20:03:03","slug":"pantalon-imitation-cuir-maze-noir-taille-xl","status":"publish","type":"product","link":"https:\/\/www.soanam.de\/fr\/produkt\/maze-lederimitathose-in-schwarz-groesse-xl\/","title":{"rendered":"Pantalon imitation cuir Maze, en noir, taille XL"},"content":{"rendered":"<p>Pantalon en similicuir cintr\u00e9<br \/>\nLeggings en aspect cuir<br \/>\nCoupe pr\u00e8s du corps et svelte<br \/>\nAvec des fermetures \u00e0 glissi\u00e8re sur l'ourlet int\u00e9rieur<\/p>\n<p>Pr\u00e8s du corps, tr\u00e8s mince et coupe droite, donc \u00e9galement portable comme legging, le pantalon en imitation cuir de la marque Maze.<br \/>\nLes fermetures \u00e9clair \u00e0 l'int\u00e9rieur des jambes d\u00e9corent le pantalon et le rendent en m\u00eame temps confortable \u00e0 enfiler.<br \/>\nLa doublure douce vous permet de ne pas avoir froid, m\u00eame en hiver.<\/p>\n<p>Mati\u00e8re : 72% polyester, 25% polyur\u00e9thane, 3% \u00e9lasthanne<br \/>\nConseils d'entretien : Lavage d\u00e9licat<\/p>\n<p>couleur : noir<br \/>\nTaille : XL<\/p>\n<p>Tour de taille : 78cm<br \/>\nTour de hanches : 97cm<br \/>\nLongueur d'entrejambe:77cm<br \/>\nlongueur totale : 104cm<\/p>","protected":false},"excerpt":{"rendered":"<table class=\"dv_characteristicsTable\">\n<tbody>\n<tr>\n<td class=\"left\">Taille<\/td>\n<td>XL<\/td>\n<\/tr>\n<tr>\n<td class=\"left\">Gr\u00f6\u00dfensystem<\/td>\n<td>US-Gr\u00f6\u00dfen<\/td>\n<\/tr>\n<tr>\n<td class=\"left\">Composition du mat\u00e9riau<\/td>\n<td>72% Polyester, 25% Polyurethan, 3% Elasthan<\/td>\n<\/tr>\n<tr>\n<td class=\"left\">Conseils d'entretien<\/td>\n<td>Handw\u00e4sche, Maschinenw\u00e4sche<\/td>\n<\/tr>\n<tr>\n<td class=\"left\">Herstellerfarbbezeichnung<\/td>\n<td>black<\/td>\n<\/tr>\n<tr>\n<td class=\"left\">Couleur<\/td>\n<td>black<\/td>\n<\/tr>\n<tr>\n<td class=\"left\">Coupe<\/td>\n<td>k\u00f6rpernah<\/td>\n<\/tr>\n<\/tbody>\n<\/table>","protected":false},"featured_media":77909,"comment_status":"open","ping_status":"closed","template":"","meta":{"_seopress_robots_primary_cat":"","_seopress_titles_title":"","_seopress_titles_desc":"","_seopress_robots_index":""},"product_brand":[],"product_cat":[1348,1349,1395,1453],"product_tag":[],"class_list":{"0":"post-77788","1":"product","2":"type-product","3":"status-publish","4":"has-post-thumbnail","6":"product_cat-damen-mode","7":"product_cat-hosen-damen-mode","8":"product_cat-lederhosen","9":"product_cat-leggings","10":"product_shipping_class-standard-versand","12":"first","13":"instock","14":"taxable","15":"shipping-taxable","16":"purchasable","17":"product-type-simple"},"_links":{"self":[{"href":"https:\/\/www.soanam.de\/fr\/wp-json\/wp\/v2\/product\/77788","targetHints":{"allow":["GET"]}}],"collection":[{"href":"https:\/\/www.soanam.de\/fr\/wp-json\/wp\/v2\/product"}],"about":[{"href":"https:\/\/www.soanam.de\/fr\/wp-json\/wp\/v2\/types\/product"}],"replies":[{"embeddable":true,"href":"https:\/\/www.soanam.de\/fr\/wp-json\/wp\/v2\/comments?post=77788"}],"wp:featuredmedia":[{"embeddable":true,"href":"https:\/\/www.soanam.de\/fr\/wp-json\/wp\/v2\/media\/77909"}],"wp:attachment":[{"href":"https:\/\/www.soanam.de\/fr\/wp-json\/wp\/v2\/media?parent=77788"}],"wp:term":[{"taxonomy":"product_brand","embeddable":true,"href":"https:\/\/www.soanam.de\/fr\/wp-json\/wp\/v2\/product_brand?post=77788"},{"taxonomy":"product_cat","embeddable":true,"href":"https:\/\/www.soanam.de\/fr\/wp-json\/wp\/v2\/product_cat?post=77788"},{"taxonomy":"product_tag","embeddable":true,"href":"https:\/\/www.soanam.de\/fr\/wp-json\/wp\/v2\/product_tag?post=77788"}],"curies":[{"name":"wp","href":"https:\/\/api.w.org\/{rel}","templated":true}]}}