{"id":77784,"date":"2023-12-13T21:00:24","date_gmt":"2023-12-13T20:00:24","guid":{"rendered":"https:\/\/www.soanam.de\/?post_type=product&#038;p=77784"},"modified":"2023-12-13T21:02:42","modified_gmt":"2023-12-13T20:02:42","slug":"pantalon-de-jogging-pour-bebe-avec-ceinture-elastique-large-bleu-marine-taille-80","status":"publish","type":"product","link":"https:\/\/www.soanam.de\/fr\/produkt\/baby-jogginghose-mit-breitem-elastischen-bund-in-marineblau-groesse-80\/","title":{"rendered":"Pantalon de jogging b\u00e9b\u00e9 \u00e0 large ceinture \u00e9lastique, bleu marine, taille 80"},"content":{"rendered":"<h3><strong>Description du produit<\/strong><\/h3>\n<p>Pantalon de jogging pour b\u00e9b\u00e9 en jersey doux, taille extra large et ourlets c\u00f4tel\u00e9s.<br \/>\n2 boutons d\u00e9coratifs ornent le devant.<\/p>\n<p><strong>D\u00e9tails<\/strong><br \/>\nType de ceinture : Ceinture \u00e9lastique<br \/>\nForme des jambes : Regular, coupe confortable et intemporelle avec jambes droites<br \/>\nLongueur : Longueur normale<br \/>\nDesign : sans motif<br \/>\nAccents : Boutons<\/p>\n<p><strong>Mat\u00e9riaux et entretien<\/strong><br \/>\n100% Coton<br \/>\nLavage en machine<\/p>","protected":false},"excerpt":{"rendered":"<h3><strong>Caract\u00e9ristiques de l'article<\/strong><\/h3>\n<p>Artikelzustand: Neu ohne Etikett - \u201cNeuer und ungetragener Artikel, ohne Etikett, da Kundenr\u00fcckl\u00e4ufer\u201d<\/p>\n<table style=\"border-collapse: collapse;width: 432pt\" width=\"576\">\n<tbody>\n<tr style=\"height: 15.0pt\">\n<td class=\"xl65\" style=\"width: 193pt;height: 15.0pt\" width=\"257\" height=\"20\">Abteilung:<\/td>\n<td class=\"xl65\" style=\"width: 239pt\" width=\"319\">Baby<\/td>\n<\/tr>\n<tr style=\"height: 15.0pt\">\n<td class=\"xl65\" style=\"height: 15.0pt\" height=\"20\">Aktivit\u00e4t:<\/td>\n<td class=\"xl65\">Krabbeln<\/td>\n<\/tr>\n<tr style=\"height: 15.0pt\">\n<td class=\"xl65\" style=\"height: 15.0pt\" height=\"20\">Anlass:<\/td>\n<td class=\"xl65\">Freizeit<\/td>\n<\/tr>\n<tr style=\"height: 15.0pt\">\n<td class=\"xl65\" style=\"height: 15.0pt\" height=\"20\">Particularit\u00e9s :<\/td>\n<td class=\"xl65\">Elastischer Bund<\/td>\n<\/tr>\n<tr style=\"height: 15.0pt\">\n<td class=\"xl65\" style=\"height: 15.0pt\" height=\"20\">couleur :<\/td>\n<td class=\"xl65\">Bleu<\/td>\n<\/tr>\n<tr style=\"height: 15.0pt\">\n<td class=\"xl65\" style=\"height: 15.0pt\" height=\"20\">taille :<\/td>\n<td class=\"xl65\">80<\/td>\n<\/tr>\n<tr style=\"height: 15.0pt\">\n<td class=\"xl65\" style=\"height: 15.0pt\" height=\"20\">Marke:<\/td>\n<td class=\"xl65\">C&amp;A<\/td>\n<\/tr>\n<tr style=\"height: 15.0pt\">\n<td class=\"xl65\" style=\"height: 15.0pt\" height=\"20\">mat\u00e9riel :<\/td>\n<td class=\"xl65\">100% Coton<\/td>\n<\/tr>\n<tr style=\"height: 15.0pt\">\n<td class=\"xl65\" style=\"height: 15.0pt\" height=\"20\">Produktart:<\/td>\n<td class=\"xl65\">Pantalons<\/td>\n<\/tr>\n<tr style=\"height: 15.0pt\">\n<td class=\"xl65\" style=\"height: 15.0pt\" height=\"20\">Schrittl\u00e4nge:<\/td>\n<td class=\"xl65\">ohne Angabe<\/td>\n<\/tr>\n<tr style=\"height: 15.0pt\">\n<td class=\"xl65\" style=\"height: 15.0pt\" height=\"20\">Stil:<\/td>\n<td class=\"xl65\">Jogginghose<\/td>\n<\/tr>\n<tr style=\"height: 15.0pt\">\n<td class=\"xl65\" style=\"height: 15.0pt\" height=\"20\">Vintage:<\/td>\n<td class=\"xl65\">Nein<\/td>\n<\/tr>\n<\/tbody>\n<\/table>\n<p>&nbsp;<\/p>","protected":false},"featured_media":77890,"comment_status":"open","ping_status":"closed","template":"","meta":{"_seopress_robots_primary_cat":"","_seopress_titles_title":"","_seopress_titles_desc":"","_seopress_robots_index":""},"product_brand":[],"product_cat":[1351,1372,1450],"product_tag":[],"class_list":{"0":"post-77784","1":"product","2":"type-product","3":"status-publish","4":"has-post-thumbnail","6":"product_cat-kindermode","7":"product_cat-sportbekleidung-kindermode","8":"product_cat-jogginghosen","9":"product_shipping_class-standard-versand","11":"first","12":"instock","13":"sale","14":"taxable","15":"shipping-taxable","16":"purchasable","17":"product-type-simple"},"_links":{"self":[{"href":"https:\/\/www.soanam.de\/fr\/wp-json\/wp\/v2\/product\/77784","targetHints":{"allow":["GET"]}}],"collection":[{"href":"https:\/\/www.soanam.de\/fr\/wp-json\/wp\/v2\/product"}],"about":[{"href":"https:\/\/www.soanam.de\/fr\/wp-json\/wp\/v2\/types\/product"}],"replies":[{"embeddable":true,"href":"https:\/\/www.soanam.de\/fr\/wp-json\/wp\/v2\/comments?post=77784"}],"wp:featuredmedia":[{"embeddable":true,"href":"https:\/\/www.soanam.de\/fr\/wp-json\/wp\/v2\/media\/77890"}],"wp:attachment":[{"href":"https:\/\/www.soanam.de\/fr\/wp-json\/wp\/v2\/media?parent=77784"}],"wp:term":[{"taxonomy":"product_brand","embeddable":true,"href":"https:\/\/www.soanam.de\/fr\/wp-json\/wp\/v2\/product_brand?post=77784"},{"taxonomy":"product_cat","embeddable":true,"href":"https:\/\/www.soanam.de\/fr\/wp-json\/wp\/v2\/product_cat?post=77784"},{"taxonomy":"product_tag","embeddable":true,"href":"https:\/\/www.soanam.de\/fr\/wp-json\/wp\/v2\/product_tag?post=77784"}],"curies":[{"name":"wp","href":"https:\/\/api.w.org\/{rel}","templated":true}]}}