{"id":77783,"date":"2023-12-13T21:00:24","date_gmt":"2023-12-13T20:00:24","guid":{"rendered":"https:\/\/www.soanam.de\/?post_type=product&#038;p=77783"},"modified":"2023-12-13T21:02:39","modified_gmt":"2023-12-13T20:02:39","slug":"collants-en-tricot-cotele-lavana-en-pack-de-2-en-noir-taille-36-38","status":"publish","type":"product","link":"https:\/\/www.soanam.de\/fr\/produkt\/lavana-ripp-strick-strumpfhose-im-2er-pack-in-schwarz-groesse-36-38\/","title":{"rendered":"Collants en maille c\u00f4tel\u00e9e Lavana, lot de 2, noir, taille 36\/38"},"content":{"rendered":"<p>Collants tricot\u00e9s en pack de deux<br \/>\nEn structure nervur\u00e9e<br \/>\nCeinture douce \u00e0 c\u00f4tes<br \/>\nQualit\u00e9 douce avec un pourcentage \u00e9lev\u00e9 de coton<\/p>\n<p>Les collants tricot\u00e9s en pack pratique de 2 de Lavana tiennent tes jambes bien au chaud avec une qualit\u00e9 douce et une structure c\u00f4tel\u00e9e \u00e0 la mode.<br \/>\nLe bord-c\u00f4te souple ne coupe pas et garantit un bon maintien.<br \/>\nLe pourcentage \u00e9lev\u00e9 de coton rend le collant agr\u00e9ablement doux et, en plus, il est respirant.<\/p>\n<p>Mati\u00e8re : 83% coton , 15% polyamide, 2% \u00e9lasthanne<br \/>\nConseils d'entretien : Lavage en machine \u00e0 40<\/p>\n<p>couleur : noir<br \/>\nTaille : EUR 36\/38<\/p>","protected":false},"excerpt":{"rendered":"<table class=\"dv_characteristicsTable\">\n<tbody>\n<tr>\n<td class=\"left\">Taille<\/td>\n<td>36\/38<\/td>\n<\/tr>\n<tr>\n<td class=\"left\">Gr\u00f6\u00dfentyp<\/td>\n<td>Normalgr\u00f6\u00dfen<\/td>\n<\/tr>\n<\/tbody>\n<\/table>\n<table class=\"dv_characteristicsTable\">\n<tbody>\n<tr>\n<td class=\"left\">Couleur<\/td>\n<td>schwarz<\/td>\n<\/tr>\n<tr>\n<td class=\"left\">Farbe Packst\u00fcck 2<\/td>\n<td>schwarz<\/td>\n<\/tr>\n<\/tbody>\n<\/table>\n<table class=\"dv_characteristicsTable\">\n<tbody>\n<tr>\n<td class=\"left\">Coupe<\/td>\n<td>elastisch<\/td>\n<\/tr>\n<tr>\n<td class=\"left\">Art B\u00fcndchen<\/td>\n<td>gerippt<\/td>\n<\/tr>\n<tr>\n<td class=\"left\">Fonctions<\/td>\n<td>optimaler Halt<\/td>\n<\/tr>\n<tr>\n<td class=\"left\">Conseils d'entretien<\/td>\n<td>Lavage en machine<\/td>\n<\/tr>\n<\/tbody>\n<\/table>\n<table class=\"dv_characteristicsTable\">\n<tbody>\n<tr>\n<td class=\"left\">Composition du mat\u00e9riau<\/td>\n<td>Obermaterial: 83% Baumwolle\u00a0, 15% Polyamid, 2% Elasthan<\/td>\n<\/tr>\n<tr>\n<td class=\"left\">Art Material<\/td>\n<td>Rippstrick<br \/>\nRippware<br \/>\nStrick<\/td>\n<\/tr>\n<\/tbody>\n<\/table>\n<table class=\"dv_characteristicsTable\">\n<tbody>\n<tr>\n<td class=\"left\">Tragegef\u00fchl<\/td>\n<td>w\u00e4rmend<\/td>\n<\/tr>\n<\/tbody>\n<\/table>","protected":false},"featured_media":77886,"comment_status":"open","ping_status":"closed","template":"","meta":{"_seopress_robots_primary_cat":"","_seopress_titles_title":"","_seopress_titles_desc":"","_seopress_robots_index":""},"product_brand":[],"product_cat":[1348,1444,1445],"product_tag":[],"class_list":{"0":"post-77783","1":"product","2":"type-product","3":"status-publish","4":"has-post-thumbnail","6":"product_cat-damen-mode","7":"product_cat-unterwaesche","8":"product_cat-strumpfhosen","9":"product_shipping_class-standard-versand","11":"first","12":"instock","13":"sale","14":"taxable","15":"shipping-taxable","16":"purchasable","17":"product-type-simple"},"_links":{"self":[{"href":"https:\/\/www.soanam.de\/fr\/wp-json\/wp\/v2\/product\/77783","targetHints":{"allow":["GET"]}}],"collection":[{"href":"https:\/\/www.soanam.de\/fr\/wp-json\/wp\/v2\/product"}],"about":[{"href":"https:\/\/www.soanam.de\/fr\/wp-json\/wp\/v2\/types\/product"}],"replies":[{"embeddable":true,"href":"https:\/\/www.soanam.de\/fr\/wp-json\/wp\/v2\/comments?post=77783"}],"wp:featuredmedia":[{"embeddable":true,"href":"https:\/\/www.soanam.de\/fr\/wp-json\/wp\/v2\/media\/77886"}],"wp:attachment":[{"href":"https:\/\/www.soanam.de\/fr\/wp-json\/wp\/v2\/media?parent=77783"}],"wp:term":[{"taxonomy":"product_brand","embeddable":true,"href":"https:\/\/www.soanam.de\/fr\/wp-json\/wp\/v2\/product_brand?post=77783"},{"taxonomy":"product_cat","embeddable":true,"href":"https:\/\/www.soanam.de\/fr\/wp-json\/wp\/v2\/product_cat?post=77783"},{"taxonomy":"product_tag","embeddable":true,"href":"https:\/\/www.soanam.de\/fr\/wp-json\/wp\/v2\/product_tag?post=77783"}],"curies":[{"name":"wp","href":"https:\/\/api.w.org\/{rel}","templated":true}]}}